{"id":169,"date":"2024-07-10T17:59:31","date_gmt":"2024-07-10T15:59:31","guid":{"rendered":"http:\/\/192.168.7.45:8000\/?page_id=169"},"modified":"2024-12-03T18:48:14","modified_gmt":"2024-12-03T17:48:14","slug":"dsi-externalise","status":"publish","type":"page","link":"https:\/\/ayrilys.com\/index.php\/dsi-externalise\/","title":{"rendered":"DSI Externalis\u00e9"},"content":{"rendered":"\n<p>AYRILYS, g\u00e9n\u00e9raliste de la maintenance informatique, r\u00e9seaux et t\u00e9l\u00e9coms<\/p>\n\n\n\n<figure class=\"wp-block-image size-full is-resized\"><img loading=\"lazy\" decoding=\"async\" width=\"1596\" height=\"1013\" src=\"https:\/\/ayrilys.com\/wp-content\/uploads\/2024\/07\/illustration-3.jpg\" alt=\"\" class=\"wp-image-12\" style=\"width:800px\"\/><\/figure>\n\n\n\n<p>AYRILYS prend en charge dans votre entreprise l\u2019ensemble des activit\u00e9s d\u2019une Direction des Syst\u00e8mes d\u2019Information &amp;T\u00e9l\u00e9communications. Il intervient donc \u00e0 quatre niveaux :<\/p>\n\n\n\n<p>\u2705<a href=\"https:\/\/ayrilys.com\/index.php\/installation\/\"> Installer vos mat\u00e9riels, \u00e9quipements et logiciels informatiques et t\u00e9l\u00e9coms<\/a><br>\u2705 <a href=\"https:\/\/ayrilys.com\/index.php\/maintenance\/\">Assurer leur maintenance, leur mise \u00e0 jour et leur d\u00e9pannage<\/a><br>\u2705 Garantir la disponibilit\u00e9 de vos \u00e9quipements<br>\u2705 Assurer l\u2019interface technique aupr\u00e8s des constructeurs et \u00e9diteurs de mat\u00e9riels et logiciels<br>\u2705 <a href=\"https:\/\/ayrilys.com\/index.php\/expertises\/\">Vous conseiller sur les \u00e9volutions souhaitables pour vos mat\u00e9riels et logiciels<\/a><br>Votre Direction SIT sans les charges<\/p>\n\n\n\n<p>AYRILYS vous apporte un service complet d\u2019informatique, r\u00e9seaux et t\u00e9l\u00e9coms qui vous permet de disposer d\u2019une DSIT, \u00e0 un co\u00fbt maitris\u00e9.<\/p>\n\n\n\n<p>La DSIT est charg\u00e9e d\u2019installer, exploiter, maintenir et d\u00e9velopper l\u2019ensemble des moyens informatiques et t\u00e9l\u00e9communications de votre entreprise. Bien que tr\u00e8s technique et technologique, ce service s\u2019av\u00e8re \u00e9galement hautement strat\u00e9gique. En effet, tout dysfonctionnement risque d\u2019immobiliser voire de paralyser l\u2019ensemble de vos activit\u00e9s.<\/p>\n\n\n\n<p>Fiabilit\u00e9, s\u00e9curit\u00e9, robustesse, adaptabilit\u00e9 et \u00e9volutivit\u00e9 constituent donc les caract\u00e9ristiques fondamentales de toute solution informatique &amp; t\u00e9l\u00e9coms performante.<\/p>\n\n\n\n<p>Un r\u00f4le d\u2019interface unique fond\u00e9 sur la confiance<\/p>\n\n\n\n<p>AYRILYS r\u00e9alise l\u2019assistance informatique et t\u00e9l\u00e9coms courante de votre entreprise. Et en cas de probl\u00e8mes beaucoup plus complexes, il vous oriente vers des sp\u00e9cialistes concern\u00e9s, assurant alors pour vous l\u2019interface technique.<\/p>\n\n\n\n<p>L\u2019objectif de cet interlocuteur unique pour vous : \u00ab vous ne vous souciez de rien, nous nous occupons de tout \u00bb. Nous dialoguons avec les sp\u00e9cialistes et favorisons la r\u00e9solution rapide de tout probl\u00e8me technique, \u00e0 un co\u00fbt ma\u00eetris\u00e9.<\/p>\n\n\n\n<p>Un r\u00f4le d\u2019interface fond\u00e9 sur la confiance car nous avons acc\u00e8s \u00e0 toutes vos donn\u00e9es. Sans confiance, pas de DSTI externalis\u00e9e. Nous gagnons votre confiance car nous affichons des valeurs que nous mettons en pratique au quotidien.<\/p>\n\n\n\n<p>Vous recherchez<br>\u2b17 Un interlocuteur unique qui installe, valide, v\u00e9rifie et r\u00e9pare vos \u00e9quipements<br>\u2b17 Un expert qui r\u00e9ponde aux questions techniques de vos collaborateurs<br>\u2b17 Un prestataire qui vous d\u00e9panne quelle que soit la panne<br>\u2b17 Un formateur qui aide les utilisateurs \u00e0 prendre en main un nouvel \u00e9quipement<br>\u2b17 Un sp\u00e9cialiste qui apporte une solution optimale \u00e0 toutes vos probl\u00e9matiques<\/p>\n","protected":false},"excerpt":{"rendered":"<p>AYRILYS, g\u00e9n\u00e9raliste de la maintenance informatique, r\u00e9seaux et t\u00e9l\u00e9coms AYRILYS prend en charge dans votre entreprise l\u2019ensemble des activit\u00e9s d\u2019une Direction des Syst\u00e8mes d\u2019Information &amp;T\u00e9l\u00e9communications. Il intervient donc \u00e0 quatre niveaux : \u2705 Installer vos mat\u00e9riels, \u00e9quipements et logiciels informatiques et t\u00e9l\u00e9coms\u2705 Assurer leur maintenance, leur mise \u00e0 jour et leur d\u00e9pannage\u2705 Garantir la disponibilit\u00e9&#8230;<\/p>\n","protected":false},"author":1,"featured_media":0,"parent":0,"menu_order":0,"comment_status":"closed","ping_status":"closed","template":"","meta":{"_kadence_starter_templates_imported_post":false,"_kad_post_transparent":"","_kad_post_title":"","_kad_post_layout":"","_kad_post_sidebar_id":"","_kad_post_content_style":"","_kad_post_vertical_padding":"","_kad_post_feature":"","_kad_post_feature_position":"","_kad_post_header":false,"_kad_post_footer":false,"_kad_post_classname":"","footnotes":""},"class_list":["post-169","page","type-page","status-publish","hentry"],"yoast_head":"<!-- This site is optimized with the Yoast SEO Premium plugin v25.8 (Yoast SEO v26.0) - https:\/\/yoast.com\/wordpress\/plugins\/seo\/ -->\r\n<title>Les avantages d&#039;avoir une DSI externalis\u00e9e - Prestataire informatique Viroflay en r\u00e9gion parisienne depuis 2003 pour les PME\/PMI<\/title>\r\n<meta name=\"description\" content=\"D\u00e9couvrez les avantages de l&#039;externalisation de la DSI. AYRILYS offre un service complet d&#039;informatique, r\u00e9seaux et t\u00e9l\u00e9coms \u00e0 un co\u00fbt ma\u00eetris\u00e9.\" \/>\r\n<meta name=\"robots\" content=\"index, follow, max-snippet:-1, max-image-preview:large, max-video-preview:-1\" \/>\r\n<link rel=\"canonical\" href=\"https:\/\/ayrilys.com\/index.php\/dsi-externalise\/\" \/>\r\n<meta property=\"og:locale\" content=\"fr_FR\" \/>\r\n<meta property=\"og:type\" content=\"article\" \/>\r\n<meta property=\"og:title\" content=\"DSI Externalis\u00e9\" \/>\r\n<meta property=\"og:description\" content=\"D\u00e9couvrez les avantages de l&#039;externalisation de la DSI. AYRILYS offre un service complet d&#039;informatique, r\u00e9seaux et t\u00e9l\u00e9coms \u00e0 un co\u00fbt ma\u00eetris\u00e9.\" \/>\r\n<meta property=\"og:url\" content=\"https:\/\/ayrilys.com\/index.php\/dsi-externalise\/\" \/>\r\n<meta property=\"og:site_name\" content=\"Prestataire informatique Viroflay en r\u00e9gion parisienne depuis 2003 pour les PME\/PMI\" \/>\r\n<meta property=\"article:publisher\" content=\"https:\/\/www.facebook.com\/profile.php?id=61563219240658\" \/>\r\n<meta property=\"article:modified_time\" content=\"2024-12-03T17:48:14+00:00\" \/>\r\n<meta property=\"og:image\" content=\"https:\/\/ayrilys.com\/wp-content\/uploads\/2024\/07\/illustration-3.jpg\" \/>\r\n<meta name=\"twitter:card\" content=\"summary_large_image\" \/>\r\n<meta name=\"twitter:site\" content=\"@Ayrilys165097\" \/>\r\n<meta name=\"twitter:label1\" content=\"Dur\u00e9e de lecture estim\u00e9e\" \/>\n\t<meta name=\"twitter:data1\" content=\"2 minutes\" \/>\r\n<script type=\"application\/ld+json\" class=\"yoast-schema-graph\">{\"@context\":\"https:\/\/schema.org\",\"@graph\":[{\"@type\":\"WebPage\",\"@id\":\"https:\/\/ayrilys.com\/index.php\/dsi-externalise\/\",\"url\":\"https:\/\/ayrilys.com\/index.php\/dsi-externalise\/\",\"name\":\"Les avantages d'avoir une DSI externalis\u00e9e - Prestataire informatique Viroflay en r\u00e9gion parisienne depuis 2003 pour les PME\/PMI\",\"isPartOf\":{\"@id\":\"https:\/\/ayrilys.com\/#website\"},\"primaryImageOfPage\":{\"@id\":\"https:\/\/ayrilys.com\/index.php\/dsi-externalise\/#primaryimage\"},\"image\":{\"@id\":\"https:\/\/ayrilys.com\/index.php\/dsi-externalise\/#primaryimage\"},\"thumbnailUrl\":\"https:\/\/ayrilys.com\/wp-content\/uploads\/2024\/07\/illustration-3.jpg\",\"datePublished\":\"2024-07-10T15:59:31+00:00\",\"dateModified\":\"2024-12-03T17:48:14+00:00\",\"description\":\"D\u00e9couvrez les avantages de l'externalisation de la DSI. AYRILYS offre un service complet d'informatique, r\u00e9seaux et t\u00e9l\u00e9coms \u00e0 un co\u00fbt ma\u00eetris\u00e9.\",\"breadcrumb\":{\"@id\":\"https:\/\/ayrilys.com\/index.php\/dsi-externalise\/#breadcrumb\"},\"inLanguage\":\"fr-FR\",\"potentialAction\":[{\"@type\":\"ReadAction\",\"target\":[\"https:\/\/ayrilys.com\/index.php\/dsi-externalise\/\"]}]},{\"@type\":\"ImageObject\",\"inLanguage\":\"fr-FR\",\"@id\":\"https:\/\/ayrilys.com\/index.php\/dsi-externalise\/#primaryimage\",\"url\":\"https:\/\/ayrilys.com\/wp-content\/uploads\/2024\/07\/illustration-3.jpg\",\"contentUrl\":\"https:\/\/ayrilys.com\/wp-content\/uploads\/2024\/07\/illustration-3.jpg\",\"width\":1596,\"height\":1013},{\"@type\":\"BreadcrumbList\",\"@id\":\"https:\/\/ayrilys.com\/index.php\/dsi-externalise\/#breadcrumb\",\"itemListElement\":[{\"@type\":\"ListItem\",\"position\":1,\"name\":\"Accueil\",\"item\":\"https:\/\/ayrilys.com\/\"},{\"@type\":\"ListItem\",\"position\":2,\"name\":\"DSI Externalis\u00e9\"}]},{\"@type\":\"WebSite\",\"@id\":\"https:\/\/ayrilys.com\/#website\",\"url\":\"https:\/\/ayrilys.com\/\",\"name\":\"Ayrilys prestataire informatique infog\u00e9rance PME TPE MSP depuis 2003 sur Viroflay\",\"description\":\"Prestataire informatique Viroflay en r\u00e9gion parisienne PME TPE  ile de France depuis plus de 20 ans\",\"publisher\":{\"@id\":\"https:\/\/ayrilys.com\/#organization\"},\"alternateName\":\"Ayriliys infog\u00e9rance fournisseur de services manag\u00e9s MSP PME TPE Viroflay\",\"potentialAction\":[{\"@type\":\"SearchAction\",\"target\":{\"@type\":\"EntryPoint\",\"urlTemplate\":\"https:\/\/ayrilys.com\/?s={search_term_string}\"},\"query-input\":{\"@type\":\"PropertyValueSpecification\",\"valueRequired\":true,\"valueName\":\"search_term_string\"}}],\"inLanguage\":\"fr-FR\"},{\"@type\":\"Organization\",\"@id\":\"https:\/\/ayrilys.com\/#organization\",\"name\":\"Ayrilys\",\"url\":\"https:\/\/ayrilys.com\/\",\"logo\":{\"@type\":\"ImageObject\",\"inLanguage\":\"fr-FR\",\"@id\":\"https:\/\/ayrilys.com\/#\/schema\/logo\/image\/\",\"url\":\"https:\/\/ayrilys.com\/wp-content\/uploads\/2024\/07\/Ayrilys-Logo-V1.png\",\"contentUrl\":\"https:\/\/ayrilys.com\/wp-content\/uploads\/2024\/07\/Ayrilys-Logo-V1.png\",\"width\":119,\"height\":64,\"caption\":\"Ayrilys\"},\"image\":{\"@id\":\"https:\/\/ayrilys.com\/#\/schema\/logo\/image\/\"},\"sameAs\":[\"https:\/\/www.facebook.com\/profile.php?id=61563219240658\",\"https:\/\/x.com\/Ayrilys165097\"],\"description\":\"Prestataire informatique depuis plus de 20 ans pour les PME et TPE\",\"email\":\"ayrilys@ayrilys.com\",\"telephone\":\"+33139242197\",\"legalName\":\"Ayrilys\",\"foundingDate\":\"2003-01-01\",\"vatID\":\"FR90449159011\",\"taxID\":\"44915901100013\",\"numberOfEmployees\":{\"@type\":\"QuantitativeValue\",\"minValue\":\"1\",\"maxValue\":\"10\"}}]}<\/script>\r\n<!-- \/ Yoast SEO Premium plugin. -->","yoast_head_json":{"title":"Les avantages d'avoir une DSI externalis\u00e9e - Prestataire informatique Viroflay en r\u00e9gion parisienne depuis 2003 pour les PME\/PMI","description":"D\u00e9couvrez les avantages de l'externalisation de la DSI. AYRILYS offre un service complet d'informatique, r\u00e9seaux et t\u00e9l\u00e9coms \u00e0 un co\u00fbt ma\u00eetris\u00e9.","robots":{"index":"index","follow":"follow","max-snippet":"max-snippet:-1","max-image-preview":"max-image-preview:large","max-video-preview":"max-video-preview:-1"},"canonical":"https:\/\/ayrilys.com\/index.php\/dsi-externalise\/","og_locale":"fr_FR","og_type":"article","og_title":"DSI Externalis\u00e9","og_description":"D\u00e9couvrez les avantages de l'externalisation de la DSI. AYRILYS offre un service complet d'informatique, r\u00e9seaux et t\u00e9l\u00e9coms \u00e0 un co\u00fbt ma\u00eetris\u00e9.","og_url":"https:\/\/ayrilys.com\/index.php\/dsi-externalise\/","og_site_name":"Prestataire informatique Viroflay en r\u00e9gion parisienne depuis 2003 pour les PME\/PMI","article_publisher":"https:\/\/www.facebook.com\/profile.php?id=61563219240658","article_modified_time":"2024-12-03T17:48:14+00:00","og_image":[{"url":"https:\/\/ayrilys.com\/wp-content\/uploads\/2024\/07\/illustration-3.jpg","type":"","width":"","height":""}],"twitter_card":"summary_large_image","twitter_site":"@Ayrilys165097","twitter_misc":{"Dur\u00e9e de lecture estim\u00e9e":"2 minutes"},"schema":{"@context":"https:\/\/schema.org","@graph":[{"@type":"WebPage","@id":"https:\/\/ayrilys.com\/index.php\/dsi-externalise\/","url":"https:\/\/ayrilys.com\/index.php\/dsi-externalise\/","name":"Les avantages d'avoir une DSI externalis\u00e9e - Prestataire informatique Viroflay en r\u00e9gion parisienne depuis 2003 pour les PME\/PMI","isPartOf":{"@id":"https:\/\/ayrilys.com\/#website"},"primaryImageOfPage":{"@id":"https:\/\/ayrilys.com\/index.php\/dsi-externalise\/#primaryimage"},"image":{"@id":"https:\/\/ayrilys.com\/index.php\/dsi-externalise\/#primaryimage"},"thumbnailUrl":"https:\/\/ayrilys.com\/wp-content\/uploads\/2024\/07\/illustration-3.jpg","datePublished":"2024-07-10T15:59:31+00:00","dateModified":"2024-12-03T17:48:14+00:00","description":"D\u00e9couvrez les avantages de l'externalisation de la DSI. AYRILYS offre un service complet d'informatique, r\u00e9seaux et t\u00e9l\u00e9coms \u00e0 un co\u00fbt ma\u00eetris\u00e9.","breadcrumb":{"@id":"https:\/\/ayrilys.com\/index.php\/dsi-externalise\/#breadcrumb"},"inLanguage":"fr-FR","potentialAction":[{"@type":"ReadAction","target":["https:\/\/ayrilys.com\/index.php\/dsi-externalise\/"]}]},{"@type":"ImageObject","inLanguage":"fr-FR","@id":"https:\/\/ayrilys.com\/index.php\/dsi-externalise\/#primaryimage","url":"https:\/\/ayrilys.com\/wp-content\/uploads\/2024\/07\/illustration-3.jpg","contentUrl":"https:\/\/ayrilys.com\/wp-content\/uploads\/2024\/07\/illustration-3.jpg","width":1596,"height":1013},{"@type":"BreadcrumbList","@id":"https:\/\/ayrilys.com\/index.php\/dsi-externalise\/#breadcrumb","itemListElement":[{"@type":"ListItem","position":1,"name":"Accueil","item":"https:\/\/ayrilys.com\/"},{"@type":"ListItem","position":2,"name":"DSI Externalis\u00e9"}]},{"@type":"WebSite","@id":"https:\/\/ayrilys.com\/#website","url":"https:\/\/ayrilys.com\/","name":"Ayrilys prestataire informatique infog\u00e9rance PME TPE MSP depuis 2003 sur Viroflay","description":"Prestataire informatique Viroflay en r\u00e9gion parisienne PME TPE  ile de France depuis plus de 20 ans","publisher":{"@id":"https:\/\/ayrilys.com\/#organization"},"alternateName":"Ayriliys infog\u00e9rance fournisseur de services manag\u00e9s MSP PME TPE Viroflay","potentialAction":[{"@type":"SearchAction","target":{"@type":"EntryPoint","urlTemplate":"https:\/\/ayrilys.com\/?s={search_term_string}"},"query-input":{"@type":"PropertyValueSpecification","valueRequired":true,"valueName":"search_term_string"}}],"inLanguage":"fr-FR"},{"@type":"Organization","@id":"https:\/\/ayrilys.com\/#organization","name":"Ayrilys","url":"https:\/\/ayrilys.com\/","logo":{"@type":"ImageObject","inLanguage":"fr-FR","@id":"https:\/\/ayrilys.com\/#\/schema\/logo\/image\/","url":"https:\/\/ayrilys.com\/wp-content\/uploads\/2024\/07\/Ayrilys-Logo-V1.png","contentUrl":"https:\/\/ayrilys.com\/wp-content\/uploads\/2024\/07\/Ayrilys-Logo-V1.png","width":119,"height":64,"caption":"Ayrilys"},"image":{"@id":"https:\/\/ayrilys.com\/#\/schema\/logo\/image\/"},"sameAs":["https:\/\/www.facebook.com\/profile.php?id=61563219240658","https:\/\/x.com\/Ayrilys165097"],"description":"Prestataire informatique depuis plus de 20 ans pour les PME et TPE","email":"ayrilys@ayrilys.com","telephone":"+33139242197","legalName":"Ayrilys","foundingDate":"2003-01-01","vatID":"FR90449159011","taxID":"44915901100013","numberOfEmployees":{"@type":"QuantitativeValue","minValue":"1","maxValue":"10"}}]}},"jetpack_sharing_enabled":true,"jetpack_likes_enabled":true,"jetpack-related-posts":[],"_links":{"self":[{"href":"https:\/\/ayrilys.com\/index.php\/wp-json\/wp\/v2\/pages\/169","targetHints":{"allow":["GET"]}}],"collection":[{"href":"https:\/\/ayrilys.com\/index.php\/wp-json\/wp\/v2\/pages"}],"about":[{"href":"https:\/\/ayrilys.com\/index.php\/wp-json\/wp\/v2\/types\/page"}],"author":[{"embeddable":true,"href":"https:\/\/ayrilys.com\/index.php\/wp-json\/wp\/v2\/users\/1"}],"replies":[{"embeddable":true,"href":"https:\/\/ayrilys.com\/index.php\/wp-json\/wp\/v2\/comments?post=169"}],"version-history":[{"count":3,"href":"https:\/\/ayrilys.com\/index.php\/wp-json\/wp\/v2\/pages\/169\/revisions"}],"predecessor-version":[{"id":629,"href":"https:\/\/ayrilys.com\/index.php\/wp-json\/wp\/v2\/pages\/169\/revisions\/629"}],"wp:attachment":[{"href":"https:\/\/ayrilys.com\/index.php\/wp-json\/wp\/v2\/media?parent=169"}],"curies":[{"name":"wp","href":"https:\/\/api.w.org\/{rel}","templated":true}]}}