{"id":173,"date":"2024-07-10T18:01:50","date_gmt":"2024-07-10T16:01:50","guid":{"rendered":"http:\/\/192.168.7.45:8000\/?page_id=173"},"modified":"2024-12-05T19:37:20","modified_gmt":"2024-12-05T18:37:20","slug":"service-client","status":"publish","type":"page","link":"https:\/\/ayrilys.com\/index.php\/service-client\/","title":{"rendered":"Service CLient"},"content":{"rendered":"\n<figure class=\"wp-block-image size-large is-resized\"><img loading=\"lazy\" decoding=\"async\" width=\"1024\" height=\"851\" src=\"https:\/\/ayrilys.com\/wp-content\/uploads\/2024\/07\/illustration-7-2-1024x851.jpg\" alt=\"\" class=\"wp-image-389\" style=\"width:760px;height:auto\" srcset=\"https:\/\/ayrilys.com\/wp-content\/uploads\/2024\/07\/illustration-7-2-1024x851.jpg 1024w, https:\/\/ayrilys.com\/wp-content\/uploads\/2024\/07\/illustration-7-2-300x249.jpg 300w, https:\/\/ayrilys.com\/wp-content\/uploads\/2024\/07\/illustration-7-2-768x638.jpg 768w, https:\/\/ayrilys.com\/wp-content\/uploads\/2024\/07\/illustration-7-2.jpg 1214w\" sizes=\"auto, (max-width: 1024px) 100vw, 1024px\" \/><\/figure>\n\n\n\n<p>90% des demandes clients sont trait\u00e9es<br>et r\u00e9solues dans la journ\u00e9e puis valid\u00e9es par le client<\/p>\n\n\n\n<p>Proximit\u00e9 et disponibilit\u00e9 au service des PME\/PMI<\/p>\n\n\n\n<p>Parce que les clients d\u2019AYRILYS sont des PME\/PMI, la petite taille constitue une des forces d\u2019AYRILYS. Proche de ses clients, flexible et disponible, AYRILYS est per\u00e7u comme un v\u00e9ritable partenaire sur lequel les entreprises se reposent \u00e0 100 %.<\/p>\n\n\n\n<p>Ils connaissent d\u2019ailleurs tout le personnel d\u2019AYRILYS, mettent un visage sur chaque nom et savent m\u00eame pour certains leurs domaines d\u2019intervention respectifs. La confiance est telle qu\u2019ils leur laissent les cl\u00e9s pour des op\u00e9rations de maintenance plus complexes et plus longues.<\/p>\n\n\n\n<p>Confiance, le ma\u00eetre-mot.<\/p>\n\n\n\n<p>Confiance est effectivement le terme qui caract\u00e9rise la relation d\u2019AYRILYS avec ses clients et ce pour deux raisons :<\/p>\n\n\n\n<p>AYRILYS en tant que prestataire informatique a acc\u00e8s \u00e0 toutes les donn\u00e9es de l\u2019entreprise,<br>La continuit\u00e9 de l\u2019activit\u00e9 d\u00e9pend de la disponibilit\u00e9 des \u00e9quipements informatiques et t\u00e9l\u00e9coms.<br>Cette confiance se construit au fil des semaines et des mois et se fonde sur la capacit\u00e9 d\u2019AYRILYS \u00e0 r\u00e9soudre tout probl\u00e8me dans un temps le plus court possible. Elle se renforce dans les situations de crise &#8211; panne, d\u00e9faillance, indisponibilit\u00e9 des \u00e9quipements &#8211; et se traduit alors par la fid\u00e9lit\u00e9 des clients dont certains sont l\u00e0 depuis les d\u00e9buts, en 2003.<\/p>\n\n\n\n<p>Ecoute et action<\/p>\n\n\n\n<p>A toute question pos\u00e9e, une r\u00e9ponse adapt\u00e9e.<br>A tout probl\u00e8me \u00e9nonc\u00e9, une solution technique \u00e0 un co\u00fbt ma\u00eetris\u00e9.<br>Ecouter le client, agir rapidement et \u00e9viter que le dysfonctionnement ne se reproduise : telle est la d\u00e9marche d\u2019AYRILYS.<\/p>\n\n\n\n<p>Pour cela, en amont, il identifie les pannes pr\u00e9visibles, communes \u00e0 ses clients et d\u00e9veloppe des outils pour les pr\u00e9venir et limiter ainsi l\u2019indisponibilit\u00e9 de leurs \u00e9quipements.<\/p>\n\n\n\n<p>Ainsi par exemple pour \u00e9viter le retard ou l\u2019oubli du renouvellement des anti-virus et des noms de domaines qui entra\u00eenent des dysfonctionnements ou des carences de couverture, AYRILYS a d\u00e9velopp\u00e9 un syst\u00e8me d\u2019alerte individualis\u00e9 par client.<\/p>\n\n\n\n<p>Un processus de gestion des demandes ma\u00eetris\u00e9 et op\u00e9rationnel<\/p>\n\n\n\n<p>\u2705 La prise en compte d\u2019une demande dans l\u2019heure : un engagement fort<br>\u2705 Un mail ou un SMS accusant r\u00e9ception de la demande du client<br>\u2705 Une analyse de la criticit\u00e9 de l\u2019urgence<br>\u2705 Des d\u00e9lais d\u2019intervention r\u00e9duits sur site<br>\u2705 Une intervention sous 4h en cas d\u2019urgence<br>\u2705 24h de d\u00e9lai, pour une intervention non urgente<\/p>\n\n\n\n<p>Vous recherchez<br>\u2b17 Un interlocuteur unique qui installe, valide, v\u00e9rifie et r\u00e9pare vos \u00e9quipements<br>\u2b17 Un expert qui r\u00e9ponde aux questions techniques de vos collaborateurs<br>\u2b17 Un prestataire qui vous d\u00e9panne quelle que soit la panne<br>\u2b17 Un formateur qui aide les utilisateurs \u00e0 prendre en main un nouvel \u00e9quipement<br>\u2b17 Un sp\u00e9cialiste qui apporte une solution optimale \u00e0 toutes vos probl\u00e9matiques<\/p>\n","protected":false},"excerpt":{"rendered":"<p>90% des demandes clients sont trait\u00e9eset r\u00e9solues dans la journ\u00e9e puis valid\u00e9es par le client Proximit\u00e9 et disponibilit\u00e9 au service des PME\/PMI Parce que les clients d\u2019AYRILYS sont des PME\/PMI, la petite taille constitue une des forces d\u2019AYRILYS. Proche de ses clients, flexible et disponible, AYRILYS est per\u00e7u comme un v\u00e9ritable partenaire sur lequel les&#8230;<\/p>\n","protected":false},"author":1,"featured_media":0,"parent":0,"menu_order":0,"comment_status":"closed","ping_status":"closed","template":"","meta":{"_kadence_starter_templates_imported_post":false,"_kad_post_transparent":"","_kad_post_title":"","_kad_post_layout":"","_kad_post_sidebar_id":"","_kad_post_content_style":"","_kad_post_vertical_padding":"","_kad_post_feature":"","_kad_post_feature_position":"","_kad_post_header":false,"_kad_post_footer":false,"_kad_post_classname":"","footnotes":""},"class_list":["post-173","page","type-page","status-publish","hentry"],"yoast_head":"<!-- This site is optimized with the Yoast SEO Premium plugin v25.8 (Yoast SEO v26.0) - https:\/\/yoast.com\/wordpress\/plugins\/seo\/ -->\r\n<title>Un prestataire informatique pour PME proche et disponible - Prestataire informatique Viroflay en r\u00e9gion parisienne depuis 2003 pour les PME\/PMI<\/title>\r\n<meta name=\"description\" content=\"Un prestataire informatique fiable et disponible pour les PME\/PMI. Confiez vos besoins \u00e0 AYRILYS et b\u00e9n\u00e9ficiez d&#039;un service de qualit\u00e9 et de proximit\u00e9.\" \/>\r\n<meta name=\"robots\" content=\"index, follow, max-snippet:-1, max-image-preview:large, max-video-preview:-1\" \/>\r\n<link rel=\"canonical\" href=\"https:\/\/ayrilys.com\/index.php\/service-client\/\" \/>\r\n<meta property=\"og:locale\" content=\"fr_FR\" \/>\r\n<meta property=\"og:type\" content=\"article\" \/>\r\n<meta property=\"og:title\" content=\"Service CLient\" \/>\r\n<meta property=\"og:description\" content=\"Un prestataire informatique fiable et disponible pour les PME\/PMI. Confiez vos besoins \u00e0 AYRILYS et b\u00e9n\u00e9ficiez d&#039;un service de qualit\u00e9 et de proximit\u00e9.\" \/>\r\n<meta property=\"og:url\" content=\"https:\/\/ayrilys.com\/index.php\/service-client\/\" \/>\r\n<meta property=\"og:site_name\" content=\"Prestataire informatique Viroflay en r\u00e9gion parisienne depuis 2003 pour les PME\/PMI\" \/>\r\n<meta property=\"article:publisher\" content=\"https:\/\/www.facebook.com\/profile.php?id=61563219240658\" \/>\r\n<meta property=\"article:modified_time\" content=\"2024-12-05T18:37:20+00:00\" \/>\r\n<meta property=\"og:image\" content=\"https:\/\/ayrilys.com\/wp-content\/uploads\/2024\/07\/illustration-7-2-1024x851.jpg\" \/>\r\n<meta name=\"twitter:card\" content=\"summary_large_image\" \/>\r\n<meta name=\"twitter:site\" content=\"@Ayrilys165097\" \/>\r\n<meta name=\"twitter:label1\" content=\"Dur\u00e9e de lecture estim\u00e9e\" \/>\n\t<meta name=\"twitter:data1\" content=\"3 minutes\" \/>\r\n<script type=\"application\/ld+json\" class=\"yoast-schema-graph\">{\"@context\":\"https:\/\/schema.org\",\"@graph\":[{\"@type\":\"WebPage\",\"@id\":\"https:\/\/ayrilys.com\/index.php\/service-client\/\",\"url\":\"https:\/\/ayrilys.com\/index.php\/service-client\/\",\"name\":\"Un prestataire informatique pour PME proche et disponible - Prestataire informatique Viroflay en r\u00e9gion parisienne depuis 2003 pour les PME\/PMI\",\"isPartOf\":{\"@id\":\"https:\/\/ayrilys.com\/#website\"},\"primaryImageOfPage\":{\"@id\":\"https:\/\/ayrilys.com\/index.php\/service-client\/#primaryimage\"},\"image\":{\"@id\":\"https:\/\/ayrilys.com\/index.php\/service-client\/#primaryimage\"},\"thumbnailUrl\":\"https:\/\/ayrilys.com\/wp-content\/uploads\/2024\/07\/illustration-7-2-1024x851.jpg\",\"datePublished\":\"2024-07-10T16:01:50+00:00\",\"dateModified\":\"2024-12-05T18:37:20+00:00\",\"description\":\"Un prestataire informatique fiable et disponible pour les PME\/PMI. Confiez vos besoins \u00e0 AYRILYS et b\u00e9n\u00e9ficiez d'un service de qualit\u00e9 et de proximit\u00e9.\",\"breadcrumb\":{\"@id\":\"https:\/\/ayrilys.com\/index.php\/service-client\/#breadcrumb\"},\"inLanguage\":\"fr-FR\",\"potentialAction\":[{\"@type\":\"ReadAction\",\"target\":[\"https:\/\/ayrilys.com\/index.php\/service-client\/\"]}]},{\"@type\":\"ImageObject\",\"inLanguage\":\"fr-FR\",\"@id\":\"https:\/\/ayrilys.com\/index.php\/service-client\/#primaryimage\",\"url\":\"https:\/\/ayrilys.com\/wp-content\/uploads\/2024\/07\/illustration-7-2.jpg\",\"contentUrl\":\"https:\/\/ayrilys.com\/wp-content\/uploads\/2024\/07\/illustration-7-2.jpg\",\"width\":1214,\"height\":1009},{\"@type\":\"BreadcrumbList\",\"@id\":\"https:\/\/ayrilys.com\/index.php\/service-client\/#breadcrumb\",\"itemListElement\":[{\"@type\":\"ListItem\",\"position\":1,\"name\":\"Accueil\",\"item\":\"https:\/\/ayrilys.com\/\"},{\"@type\":\"ListItem\",\"position\":2,\"name\":\"Service CLient\"}]},{\"@type\":\"WebSite\",\"@id\":\"https:\/\/ayrilys.com\/#website\",\"url\":\"https:\/\/ayrilys.com\/\",\"name\":\"Ayrilys prestataire informatique infog\u00e9rance PME TPE MSP depuis 2003 sur Viroflay\",\"description\":\"Prestataire informatique Viroflay en r\u00e9gion parisienne PME TPE  ile de France depuis plus de 20 ans\",\"publisher\":{\"@id\":\"https:\/\/ayrilys.com\/#organization\"},\"alternateName\":\"Ayriliys infog\u00e9rance fournisseur de services manag\u00e9s MSP PME TPE Viroflay\",\"potentialAction\":[{\"@type\":\"SearchAction\",\"target\":{\"@type\":\"EntryPoint\",\"urlTemplate\":\"https:\/\/ayrilys.com\/?s={search_term_string}\"},\"query-input\":{\"@type\":\"PropertyValueSpecification\",\"valueRequired\":true,\"valueName\":\"search_term_string\"}}],\"inLanguage\":\"fr-FR\"},{\"@type\":\"Organization\",\"@id\":\"https:\/\/ayrilys.com\/#organization\",\"name\":\"Ayrilys\",\"url\":\"https:\/\/ayrilys.com\/\",\"logo\":{\"@type\":\"ImageObject\",\"inLanguage\":\"fr-FR\",\"@id\":\"https:\/\/ayrilys.com\/#\/schema\/logo\/image\/\",\"url\":\"https:\/\/ayrilys.com\/wp-content\/uploads\/2024\/07\/Ayrilys-Logo-V1.png\",\"contentUrl\":\"https:\/\/ayrilys.com\/wp-content\/uploads\/2024\/07\/Ayrilys-Logo-V1.png\",\"width\":119,\"height\":64,\"caption\":\"Ayrilys\"},\"image\":{\"@id\":\"https:\/\/ayrilys.com\/#\/schema\/logo\/image\/\"},\"sameAs\":[\"https:\/\/www.facebook.com\/profile.php?id=61563219240658\",\"https:\/\/x.com\/Ayrilys165097\"],\"description\":\"Prestataire informatique depuis plus de 20 ans pour les PME et TPE\",\"email\":\"ayrilys@ayrilys.com\",\"telephone\":\"+33139242197\",\"legalName\":\"Ayrilys\",\"foundingDate\":\"2003-01-01\",\"vatID\":\"FR90449159011\",\"taxID\":\"44915901100013\",\"numberOfEmployees\":{\"@type\":\"QuantitativeValue\",\"minValue\":\"1\",\"maxValue\":\"10\"}}]}<\/script>\r\n<!-- \/ Yoast SEO Premium plugin. -->","yoast_head_json":{"title":"Un prestataire informatique pour PME proche et disponible - Prestataire informatique Viroflay en r\u00e9gion parisienne depuis 2003 pour les PME\/PMI","description":"Un prestataire informatique fiable et disponible pour les PME\/PMI. Confiez vos besoins \u00e0 AYRILYS et b\u00e9n\u00e9ficiez d'un service de qualit\u00e9 et de proximit\u00e9.","robots":{"index":"index","follow":"follow","max-snippet":"max-snippet:-1","max-image-preview":"max-image-preview:large","max-video-preview":"max-video-preview:-1"},"canonical":"https:\/\/ayrilys.com\/index.php\/service-client\/","og_locale":"fr_FR","og_type":"article","og_title":"Service CLient","og_description":"Un prestataire informatique fiable et disponible pour les PME\/PMI. Confiez vos besoins \u00e0 AYRILYS et b\u00e9n\u00e9ficiez d'un service de qualit\u00e9 et de proximit\u00e9.","og_url":"https:\/\/ayrilys.com\/index.php\/service-client\/","og_site_name":"Prestataire informatique Viroflay en r\u00e9gion parisienne depuis 2003 pour les PME\/PMI","article_publisher":"https:\/\/www.facebook.com\/profile.php?id=61563219240658","article_modified_time":"2024-12-05T18:37:20+00:00","og_image":[{"url":"https:\/\/ayrilys.com\/wp-content\/uploads\/2024\/07\/illustration-7-2-1024x851.jpg","type":"","width":"","height":""}],"twitter_card":"summary_large_image","twitter_site":"@Ayrilys165097","twitter_misc":{"Dur\u00e9e de lecture estim\u00e9e":"3 minutes"},"schema":{"@context":"https:\/\/schema.org","@graph":[{"@type":"WebPage","@id":"https:\/\/ayrilys.com\/index.php\/service-client\/","url":"https:\/\/ayrilys.com\/index.php\/service-client\/","name":"Un prestataire informatique pour PME proche et disponible - Prestataire informatique Viroflay en r\u00e9gion parisienne depuis 2003 pour les PME\/PMI","isPartOf":{"@id":"https:\/\/ayrilys.com\/#website"},"primaryImageOfPage":{"@id":"https:\/\/ayrilys.com\/index.php\/service-client\/#primaryimage"},"image":{"@id":"https:\/\/ayrilys.com\/index.php\/service-client\/#primaryimage"},"thumbnailUrl":"https:\/\/ayrilys.com\/wp-content\/uploads\/2024\/07\/illustration-7-2-1024x851.jpg","datePublished":"2024-07-10T16:01:50+00:00","dateModified":"2024-12-05T18:37:20+00:00","description":"Un prestataire informatique fiable et disponible pour les PME\/PMI. Confiez vos besoins \u00e0 AYRILYS et b\u00e9n\u00e9ficiez d'un service de qualit\u00e9 et de proximit\u00e9.","breadcrumb":{"@id":"https:\/\/ayrilys.com\/index.php\/service-client\/#breadcrumb"},"inLanguage":"fr-FR","potentialAction":[{"@type":"ReadAction","target":["https:\/\/ayrilys.com\/index.php\/service-client\/"]}]},{"@type":"ImageObject","inLanguage":"fr-FR","@id":"https:\/\/ayrilys.com\/index.php\/service-client\/#primaryimage","url":"https:\/\/ayrilys.com\/wp-content\/uploads\/2024\/07\/illustration-7-2.jpg","contentUrl":"https:\/\/ayrilys.com\/wp-content\/uploads\/2024\/07\/illustration-7-2.jpg","width":1214,"height":1009},{"@type":"BreadcrumbList","@id":"https:\/\/ayrilys.com\/index.php\/service-client\/#breadcrumb","itemListElement":[{"@type":"ListItem","position":1,"name":"Accueil","item":"https:\/\/ayrilys.com\/"},{"@type":"ListItem","position":2,"name":"Service CLient"}]},{"@type":"WebSite","@id":"https:\/\/ayrilys.com\/#website","url":"https:\/\/ayrilys.com\/","name":"Ayrilys prestataire informatique infog\u00e9rance PME TPE MSP depuis 2003 sur Viroflay","description":"Prestataire informatique Viroflay en r\u00e9gion parisienne PME TPE  ile de France depuis plus de 20 ans","publisher":{"@id":"https:\/\/ayrilys.com\/#organization"},"alternateName":"Ayriliys infog\u00e9rance fournisseur de services manag\u00e9s MSP PME TPE Viroflay","potentialAction":[{"@type":"SearchAction","target":{"@type":"EntryPoint","urlTemplate":"https:\/\/ayrilys.com\/?s={search_term_string}"},"query-input":{"@type":"PropertyValueSpecification","valueRequired":true,"valueName":"search_term_string"}}],"inLanguage":"fr-FR"},{"@type":"Organization","@id":"https:\/\/ayrilys.com\/#organization","name":"Ayrilys","url":"https:\/\/ayrilys.com\/","logo":{"@type":"ImageObject","inLanguage":"fr-FR","@id":"https:\/\/ayrilys.com\/#\/schema\/logo\/image\/","url":"https:\/\/ayrilys.com\/wp-content\/uploads\/2024\/07\/Ayrilys-Logo-V1.png","contentUrl":"https:\/\/ayrilys.com\/wp-content\/uploads\/2024\/07\/Ayrilys-Logo-V1.png","width":119,"height":64,"caption":"Ayrilys"},"image":{"@id":"https:\/\/ayrilys.com\/#\/schema\/logo\/image\/"},"sameAs":["https:\/\/www.facebook.com\/profile.php?id=61563219240658","https:\/\/x.com\/Ayrilys165097"],"description":"Prestataire informatique depuis plus de 20 ans pour les PME et TPE","email":"ayrilys@ayrilys.com","telephone":"+33139242197","legalName":"Ayrilys","foundingDate":"2003-01-01","vatID":"FR90449159011","taxID":"44915901100013","numberOfEmployees":{"@type":"QuantitativeValue","minValue":"1","maxValue":"10"}}]}},"jetpack_sharing_enabled":true,"jetpack_likes_enabled":true,"jetpack-related-posts":[],"_links":{"self":[{"href":"https:\/\/ayrilys.com\/index.php\/wp-json\/wp\/v2\/pages\/173","targetHints":{"allow":["GET"]}}],"collection":[{"href":"https:\/\/ayrilys.com\/index.php\/wp-json\/wp\/v2\/pages"}],"about":[{"href":"https:\/\/ayrilys.com\/index.php\/wp-json\/wp\/v2\/types\/page"}],"author":[{"embeddable":true,"href":"https:\/\/ayrilys.com\/index.php\/wp-json\/wp\/v2\/users\/1"}],"replies":[{"embeddable":true,"href":"https:\/\/ayrilys.com\/index.php\/wp-json\/wp\/v2\/comments?post=173"}],"version-history":[{"count":2,"href":"https:\/\/ayrilys.com\/index.php\/wp-json\/wp\/v2\/pages\/173\/revisions"}],"predecessor-version":[{"id":393,"href":"https:\/\/ayrilys.com\/index.php\/wp-json\/wp\/v2\/pages\/173\/revisions\/393"}],"wp:attachment":[{"href":"https:\/\/ayrilys.com\/index.php\/wp-json\/wp\/v2\/media?parent=173"}],"curies":[{"name":"wp","href":"https:\/\/api.w.org\/{rel}","templated":true}]}}