{"id":181,"date":"2024-07-10T18:31:50","date_gmt":"2024-07-10T16:31:50","guid":{"rendered":"http:\/\/192.168.7.45:8000\/?page_id=181"},"modified":"2024-12-05T19:20:13","modified_gmt":"2024-12-05T18:20:13","slug":"strongpme-pmi-strong","status":"publish","type":"page","link":"https:\/\/ayrilys.com\/index.php\/strongpme-pmi-strong\/","title":{"rendered":"PME TPE"},"content":{"rendered":"\n<p><a href=\"https:\/\/ayrilys.com\/index.php\/nos-services-produits\/\">NOTRE OFFRE AYRILY<\/a><a href=\"https:\/\/ayrilys.com\/index.php\/nos-services-produits\/\" target=\"_blank\" rel=\"noreferrer noopener sponsored nofollow\">S<\/a><\/p>\n\n\n\n<p>L\u2019offre d\u2019AYRILYS est double et correspond aux deux types de prestations qu\u2019il propose : installation d\u2019une part et maintenance de l\u2019autre.<\/p>\n\n\n\n<ol class=\"wp-block-list\">\n<li><a href=\"https:\/\/dpe.systeme.io\/fd225bd0-35fe5af1-9d0a2d7d\">Installation mat\u00e9riels, \u00e9quipement et logicie<\/a><a href=\"https:\/\/dpe.systeme.io\/fd225bd0-35fe5af1-9d0a2d7d\" target=\"_blank\" rel=\"noreferrer noopener sponsored nofollow\">l<\/a><\/li>\n<\/ol>\n\n\n\n<p>En ce qui concerne l\u2019installation, l\u2019offre est ponctuelle et se fait au cas par cas.<\/p>\n\n\n\n<p>Installation de mat\u00e9riels : ordinateurs, t\u00e9l\u00e9phones, petites imprimantes, serveurs,\u2026<br>Installation ou r\u00e9installation de logiciels : standard et m\u00e9tier<br>\u2425 Tarif d\u2019installation de serveurs et \u00e9quipements t\u00e9l\u00e9coms. Il s\u2019agit de forfaits calcul\u00e9s sur la base d\u2019un temps d\u2019intervention moyen en fonction du mat\u00e9riel.<br>\u2425 Forfait d\u2019installation de poste, standard ou m\u00e9tier. Les tarifs sont forfaitaires et \u00e9tablis en fonction de la complexit\u00e9 du poste de travail.<br>\u2425 Tarif d\u2019installation de p\u00e9riph\u00e9riques. Il s\u2019agit de forfaits sur la base d\u2019un temps d\u2019intervention moyen en fonction du mat\u00e9riel.<br>\u2425 Forfait de r\u00e9installation. Les r\u00e9installations de logiciels entra\u00eenent syst\u00e9matiquement une facturation d\u2019installation standard ou m\u00e9tier selon les logiciels.<br>Par ailleurs, \u00e0 la demande des entreprises, AYRILYS identifie, s\u00e9lectionne et vend le mat\u00e9riel et les logiciels n\u00e9cessaires au d\u00e9marrage ou \u00e0 la poursuite de l\u2019activit\u00e9<\/p>\n\n\n\n<ol start=\"2\" class=\"wp-block-list\">\n<li><a href=\"https:\/\/dpe.systeme.io\/fd225bd0-35fe5af1-9d0a2d7d-cb535e96\">Maintenance informatique, r\u00e9seaux &amp; t\u00e9l\u00e9com<\/a><a href=\"https:\/\/dpe.systeme.io\/fd225bd0-35fe5af1-9d0a2d7d-cb535e96\" target=\"_blank\" rel=\"noreferrer noopener sponsored nofollow\">s<\/a><\/li>\n<\/ol>\n\n\n\n<p>\u2425 L\u2019offre en maintenance informatique, r\u00e9seaux et t\u00e9l\u00e9coms se fonde sur un syst\u00e8me d\u2019abonnement et un forfait mensuel calcul\u00e9 suivant trois crit\u00e8res :<\/p>\n\n\n\n<p>le nombre de postes et e serveurs,<br>le nombre de connexions Internet,<br>le type de logiciel utilis\u00e9.<br>\u2425 Forfait standard ou m\u00e9tier. En fonction de la complexit\u00e9 du poste \u2013logiciels et configurations de mat\u00e9riels-, et des temps d\u2019intervention, le forfait varie.<br>\u2425 Forfait hotline ou pr\u00e9sentiel. Un service de hotline est inclus dans les forfaits afin de minimiser les temps d\u2019indisponibilit\u00e9 des \u00e9quipements pour les clients AYRILYS.<\/p>\n","protected":false},"excerpt":{"rendered":"<p>NOTRE OFFRE AYRILYS L\u2019offre d\u2019AYRILYS est double et correspond aux deux types de prestations qu\u2019il propose : installation d\u2019une part et maintenance de l\u2019autre. En ce qui concerne l\u2019installation, l\u2019offre est ponctuelle et se fait au cas par cas. Installation de mat\u00e9riels : ordinateurs, t\u00e9l\u00e9phones, petites imprimantes, serveurs,\u2026Installation ou r\u00e9installation de logiciels : standard et&#8230;<\/p>\n","protected":false},"author":1,"featured_media":0,"parent":0,"menu_order":0,"comment_status":"closed","ping_status":"closed","template":"","meta":{"_kadence_starter_templates_imported_post":false,"_kad_post_transparent":"","_kad_post_title":"","_kad_post_layout":"","_kad_post_sidebar_id":"","_kad_post_content_style":"","_kad_post_vertical_padding":"","_kad_post_feature":"","_kad_post_feature_position":"","_kad_post_header":false,"_kad_post_footer":false,"_kad_post_classname":"","footnotes":""},"class_list":["post-181","page","type-page","status-publish","hentry"],"yoast_head":"<!-- This site is optimized with the Yoast SEO Premium plugin v25.8 (Yoast SEO v26.0) - https:\/\/yoast.com\/wordpress\/plugins\/seo\/ -->\r\n<title>Prestataire informatique, infog\u00e9rance PME et TPE - Prestataire informatique Viroflay en r\u00e9gion parisienne depuis 2003 pour les PME\/PMI<\/title>\r\n<meta name=\"description\" content=\"D\u00e9couvrez notre offre compl\u00e8te d&#039;installation et de maintenance informatique pour les PME et TPE. Tarifs forfaitaires adapt\u00e9s \u00e0 vos besoins.\" \/>\r\n<meta name=\"robots\" content=\"index, follow, max-snippet:-1, max-image-preview:large, max-video-preview:-1\" \/>\r\n<link rel=\"canonical\" href=\"https:\/\/ayrilys.com\/index.php\/strongpme-pmi-strong\/\" \/>\r\n<meta property=\"og:locale\" content=\"fr_FR\" \/>\r\n<meta property=\"og:type\" content=\"article\" \/>\r\n<meta property=\"og:title\" content=\"PME TPE\" \/>\r\n<meta property=\"og:description\" content=\"D\u00e9couvrez notre offre compl\u00e8te d&#039;installation et de maintenance informatique pour les PME et TPE. Tarifs forfaitaires adapt\u00e9s \u00e0 vos besoins.\" \/>\r\n<meta property=\"og:url\" content=\"https:\/\/ayrilys.com\/index.php\/strongpme-pmi-strong\/\" \/>\r\n<meta property=\"og:site_name\" content=\"Prestataire informatique Viroflay en r\u00e9gion parisienne depuis 2003 pour les PME\/PMI\" \/>\r\n<meta property=\"article:publisher\" content=\"https:\/\/www.facebook.com\/profile.php?id=61563219240658\" \/>\r\n<meta property=\"article:modified_time\" content=\"2024-12-05T18:20:13+00:00\" \/>\r\n<meta property=\"og:image\" content=\"https:\/\/ayrilys.com\/wp-content\/uploads\/2024\/07\/Ayrilysentete.jpg\" \/>\r\n\t<meta property=\"og:image:width\" content=\"988\" \/>\r\n\t<meta property=\"og:image:height\" content=\"222\" \/>\r\n\t<meta property=\"og:image:type\" content=\"image\/jpeg\" \/>\r\n<meta name=\"twitter:card\" content=\"summary_large_image\" \/>\r\n<meta name=\"twitter:site\" content=\"@Ayrilys165097\" \/>\r\n<meta name=\"twitter:label1\" content=\"Dur\u00e9e de lecture estim\u00e9e\" \/>\n\t<meta name=\"twitter:data1\" content=\"2 minutes\" \/>\r\n<script type=\"application\/ld+json\" class=\"yoast-schema-graph\">{\"@context\":\"https:\/\/schema.org\",\"@graph\":[{\"@type\":\"WebPage\",\"@id\":\"https:\/\/ayrilys.com\/index.php\/strongpme-pmi-strong\/\",\"url\":\"https:\/\/ayrilys.com\/index.php\/strongpme-pmi-strong\/\",\"name\":\"Prestataire informatique, infog\u00e9rance PME et TPE - Prestataire informatique Viroflay en r\u00e9gion parisienne depuis 2003 pour les PME\/PMI\",\"isPartOf\":{\"@id\":\"https:\/\/ayrilys.com\/#website\"},\"datePublished\":\"2024-07-10T16:31:50+00:00\",\"dateModified\":\"2024-12-05T18:20:13+00:00\",\"description\":\"D\u00e9couvrez notre offre compl\u00e8te d'installation et de maintenance informatique pour les PME et TPE. Tarifs forfaitaires adapt\u00e9s \u00e0 vos besoins.\",\"breadcrumb\":{\"@id\":\"https:\/\/ayrilys.com\/index.php\/strongpme-pmi-strong\/#breadcrumb\"},\"inLanguage\":\"fr-FR\",\"potentialAction\":[{\"@type\":\"ReadAction\",\"target\":[\"https:\/\/ayrilys.com\/index.php\/strongpme-pmi-strong\/\"]}]},{\"@type\":\"BreadcrumbList\",\"@id\":\"https:\/\/ayrilys.com\/index.php\/strongpme-pmi-strong\/#breadcrumb\",\"itemListElement\":[{\"@type\":\"ListItem\",\"position\":1,\"name\":\"Accueil\",\"item\":\"https:\/\/ayrilys.com\/\"},{\"@type\":\"ListItem\",\"position\":2,\"name\":\"PME TPE\"}]},{\"@type\":\"WebSite\",\"@id\":\"https:\/\/ayrilys.com\/#website\",\"url\":\"https:\/\/ayrilys.com\/\",\"name\":\"Ayrilys prestataire informatique infog\u00e9rance PME TPE MSP depuis 2003 sur Viroflay\",\"description\":\"Prestataire informatique Viroflay en r\u00e9gion parisienne PME TPE  ile de France depuis plus de 20 ans\",\"publisher\":{\"@id\":\"https:\/\/ayrilys.com\/#organization\"},\"alternateName\":\"Ayriliys infog\u00e9rance fournisseur de services manag\u00e9s MSP PME TPE Viroflay\",\"potentialAction\":[{\"@type\":\"SearchAction\",\"target\":{\"@type\":\"EntryPoint\",\"urlTemplate\":\"https:\/\/ayrilys.com\/?s={search_term_string}\"},\"query-input\":{\"@type\":\"PropertyValueSpecification\",\"valueRequired\":true,\"valueName\":\"search_term_string\"}}],\"inLanguage\":\"fr-FR\"},{\"@type\":\"Organization\",\"@id\":\"https:\/\/ayrilys.com\/#organization\",\"name\":\"Ayrilys\",\"url\":\"https:\/\/ayrilys.com\/\",\"logo\":{\"@type\":\"ImageObject\",\"inLanguage\":\"fr-FR\",\"@id\":\"https:\/\/ayrilys.com\/#\/schema\/logo\/image\/\",\"url\":\"https:\/\/ayrilys.com\/wp-content\/uploads\/2024\/07\/Ayrilys-Logo-V1.png\",\"contentUrl\":\"https:\/\/ayrilys.com\/wp-content\/uploads\/2024\/07\/Ayrilys-Logo-V1.png\",\"width\":119,\"height\":64,\"caption\":\"Ayrilys\"},\"image\":{\"@id\":\"https:\/\/ayrilys.com\/#\/schema\/logo\/image\/\"},\"sameAs\":[\"https:\/\/www.facebook.com\/profile.php?id=61563219240658\",\"https:\/\/x.com\/Ayrilys165097\"],\"description\":\"Prestataire informatique depuis plus de 20 ans pour les PME et TPE\",\"email\":\"ayrilys@ayrilys.com\",\"telephone\":\"+33139242197\",\"legalName\":\"Ayrilys\",\"foundingDate\":\"2003-01-01\",\"vatID\":\"FR90449159011\",\"taxID\":\"44915901100013\",\"numberOfEmployees\":{\"@type\":\"QuantitativeValue\",\"minValue\":\"1\",\"maxValue\":\"10\"}}]}<\/script>\r\n<!-- \/ Yoast SEO Premium plugin. -->","yoast_head_json":{"title":"Prestataire informatique, infog\u00e9rance PME et TPE - Prestataire informatique Viroflay en r\u00e9gion parisienne depuis 2003 pour les PME\/PMI","description":"D\u00e9couvrez notre offre compl\u00e8te d'installation et de maintenance informatique pour les PME et TPE. Tarifs forfaitaires adapt\u00e9s \u00e0 vos besoins.","robots":{"index":"index","follow":"follow","max-snippet":"max-snippet:-1","max-image-preview":"max-image-preview:large","max-video-preview":"max-video-preview:-1"},"canonical":"https:\/\/ayrilys.com\/index.php\/strongpme-pmi-strong\/","og_locale":"fr_FR","og_type":"article","og_title":"PME TPE","og_description":"D\u00e9couvrez notre offre compl\u00e8te d'installation et de maintenance informatique pour les PME et TPE. Tarifs forfaitaires adapt\u00e9s \u00e0 vos besoins.","og_url":"https:\/\/ayrilys.com\/index.php\/strongpme-pmi-strong\/","og_site_name":"Prestataire informatique Viroflay en r\u00e9gion parisienne depuis 2003 pour les PME\/PMI","article_publisher":"https:\/\/www.facebook.com\/profile.php?id=61563219240658","article_modified_time":"2024-12-05T18:20:13+00:00","og_image":[{"width":988,"height":222,"url":"https:\/\/ayrilys.com\/wp-content\/uploads\/2024\/07\/Ayrilysentete.jpg","type":"image\/jpeg"}],"twitter_card":"summary_large_image","twitter_site":"@Ayrilys165097","twitter_misc":{"Dur\u00e9e de lecture estim\u00e9e":"2 minutes"},"schema":{"@context":"https:\/\/schema.org","@graph":[{"@type":"WebPage","@id":"https:\/\/ayrilys.com\/index.php\/strongpme-pmi-strong\/","url":"https:\/\/ayrilys.com\/index.php\/strongpme-pmi-strong\/","name":"Prestataire informatique, infog\u00e9rance PME et TPE - Prestataire informatique Viroflay en r\u00e9gion parisienne depuis 2003 pour les PME\/PMI","isPartOf":{"@id":"https:\/\/ayrilys.com\/#website"},"datePublished":"2024-07-10T16:31:50+00:00","dateModified":"2024-12-05T18:20:13+00:00","description":"D\u00e9couvrez notre offre compl\u00e8te d'installation et de maintenance informatique pour les PME et TPE. Tarifs forfaitaires adapt\u00e9s \u00e0 vos besoins.","breadcrumb":{"@id":"https:\/\/ayrilys.com\/index.php\/strongpme-pmi-strong\/#breadcrumb"},"inLanguage":"fr-FR","potentialAction":[{"@type":"ReadAction","target":["https:\/\/ayrilys.com\/index.php\/strongpme-pmi-strong\/"]}]},{"@type":"BreadcrumbList","@id":"https:\/\/ayrilys.com\/index.php\/strongpme-pmi-strong\/#breadcrumb","itemListElement":[{"@type":"ListItem","position":1,"name":"Accueil","item":"https:\/\/ayrilys.com\/"},{"@type":"ListItem","position":2,"name":"PME TPE"}]},{"@type":"WebSite","@id":"https:\/\/ayrilys.com\/#website","url":"https:\/\/ayrilys.com\/","name":"Ayrilys prestataire informatique infog\u00e9rance PME TPE MSP depuis 2003 sur Viroflay","description":"Prestataire informatique Viroflay en r\u00e9gion parisienne PME TPE  ile de France depuis plus de 20 ans","publisher":{"@id":"https:\/\/ayrilys.com\/#organization"},"alternateName":"Ayriliys infog\u00e9rance fournisseur de services manag\u00e9s MSP PME TPE Viroflay","potentialAction":[{"@type":"SearchAction","target":{"@type":"EntryPoint","urlTemplate":"https:\/\/ayrilys.com\/?s={search_term_string}"},"query-input":{"@type":"PropertyValueSpecification","valueRequired":true,"valueName":"search_term_string"}}],"inLanguage":"fr-FR"},{"@type":"Organization","@id":"https:\/\/ayrilys.com\/#organization","name":"Ayrilys","url":"https:\/\/ayrilys.com\/","logo":{"@type":"ImageObject","inLanguage":"fr-FR","@id":"https:\/\/ayrilys.com\/#\/schema\/logo\/image\/","url":"https:\/\/ayrilys.com\/wp-content\/uploads\/2024\/07\/Ayrilys-Logo-V1.png","contentUrl":"https:\/\/ayrilys.com\/wp-content\/uploads\/2024\/07\/Ayrilys-Logo-V1.png","width":119,"height":64,"caption":"Ayrilys"},"image":{"@id":"https:\/\/ayrilys.com\/#\/schema\/logo\/image\/"},"sameAs":["https:\/\/www.facebook.com\/profile.php?id=61563219240658","https:\/\/x.com\/Ayrilys165097"],"description":"Prestataire informatique depuis plus de 20 ans pour les PME et TPE","email":"ayrilys@ayrilys.com","telephone":"+33139242197","legalName":"Ayrilys","foundingDate":"2003-01-01","vatID":"FR90449159011","taxID":"44915901100013","numberOfEmployees":{"@type":"QuantitativeValue","minValue":"1","maxValue":"10"}}]}},"jetpack_sharing_enabled":true,"jetpack_likes_enabled":true,"jetpack-related-posts":[],"_links":{"self":[{"href":"https:\/\/ayrilys.com\/index.php\/wp-json\/wp\/v2\/pages\/181","targetHints":{"allow":["GET"]}}],"collection":[{"href":"https:\/\/ayrilys.com\/index.php\/wp-json\/wp\/v2\/pages"}],"about":[{"href":"https:\/\/ayrilys.com\/index.php\/wp-json\/wp\/v2\/types\/page"}],"author":[{"embeddable":true,"href":"https:\/\/ayrilys.com\/index.php\/wp-json\/wp\/v2\/users\/1"}],"replies":[{"embeddable":true,"href":"https:\/\/ayrilys.com\/index.php\/wp-json\/wp\/v2\/comments?post=181"}],"version-history":[{"count":4,"href":"https:\/\/ayrilys.com\/index.php\/wp-json\/wp\/v2\/pages\/181\/revisions"}],"predecessor-version":[{"id":736,"href":"https:\/\/ayrilys.com\/index.php\/wp-json\/wp\/v2\/pages\/181\/revisions\/736"}],"wp:attachment":[{"href":"https:\/\/ayrilys.com\/index.php\/wp-json\/wp\/v2\/media?parent=181"}],"curies":[{"name":"wp","href":"https:\/\/api.w.org\/{rel}","templated":true}]}}