{"id":194,"date":"2024-07-10T18:42:14","date_gmt":"2024-07-10T16:42:14","guid":{"rendered":"http:\/\/192.168.7.45:8000\/?page_id=194"},"modified":"2024-12-04T12:20:21","modified_gmt":"2024-12-04T11:20:21","slug":"lequipe","status":"publish","type":"page","link":"https:\/\/ayrilys.com\/index.php\/lequipe\/","title":{"rendered":"L&rsquo;Equipe"},"content":{"rendered":"\n<p>Tous des passionn\u00e9s.<\/p>\n\n\n\n<p>Les personnels d\u2019AYRILYS parlent technique dans un langage volontairement vulgaris\u00e9 pour \u00eatre accessible \u00e0 tous. Ils \u0153uvrent dans une ambiance d\u00e9tendue, conviviale et \u00e9changent en permanence sur les probl\u00e9matiques de leurs clients afin de trouver pour chacun la solution optimale et fiable.<\/p>\n\n\n\n<p>Par ailleurs, conscients de l\u2019acc\u00e9l\u00e9ration des \u00e9volutions informatiques, r\u00e9seaux et t\u00e9l\u00e9coms tous les collaborateurs d\u2019AYRILYS, Pr\u00e9sident inclus, se forment en continu pour :<\/p>\n\n\n\n<p>Ma\u00eetriser les nouvelles techniques et technologies,<br>Augmenter leur niveau d\u2019expertise en Syst\u00e8mes, R\u00e9seaux et T\u00e9l\u00e9coms.<\/p>\n\n\n\n<p class=\"has-kb-palette-6-color has-text-color has-link-color wp-elements-d155f2cae65c059425d0209d70a66cb9\"><br>Daniel P\u00eacheur : Pr\u00e9sident et fondateur<\/p>\n\n\n\n<p>Expert senior niveau 3 en Syst\u00e8mes, R\u00e9seaux et T\u00e9l\u00e9coms.<\/p>\n\n\n\n<p>5 missions :<\/p>\n\n\n\n<p>\u2425 Intervenir aupr\u00e8s des clients en installation, pr\u00e9vention et d\u00e9pannage<br>\u2425 Suivre les clients en termes de satisfaction et d\u2019\u00e9volution des besoins<br>\u2425 Accompagner la mont\u00e9e en comp\u00e9tence des personnels en Syst\u00e8mes, R\u00e9seaux et T\u00e9l\u00e9coms<br>\u2425 Concevoir et d\u00e9velopper les outils pour pr\u00e9venir les d\u00e9faillances les plus habituelles, les dysfonctionnements communs \u00e0 la majorit\u00e9 des clients<br>\u2425 Assurer la veille technologique<\/p>\n\n\n\n<p class=\"has-kb-palette-6-color has-text-color has-link-color wp-elements-6454d951846ef96508bcc5553588cf8a\"><br>Mathieu Richefal : Administrateur Syst\u00e8me et r\u00e9seau et manager technique de l&rsquo;\u00e9quipe<\/p>\n\n\n\n<p>Expert niveau 2 en Syst\u00e8mes, R\u00e9seaux et T\u00e9l\u00e9coms<\/p>\n\n\n\n<p>4 missions :<\/p>\n\n\n\n<p>\u2425<br>Intervenir aupr\u00e8s des clients en installation, pr\u00e9vention et d\u00e9pannage<\/p>\n\n\n\n<p>\u2425 Management de l&rsquo;\u00e9quipe technique et accompagner la mont\u00e9e en comp\u00e9tences des techniciens<br>\u2425 Participer \u00e0 la conception et au d\u00e9veloppement des nouveaux outils<br>\u2425 Assurer la veille technologique<\/p>\n\n\n\n<p class=\"has-kb-palette-6-color has-text-color has-link-color wp-elements-bf704e48c25ed07d28e8807f6717ba46\"><br>Philippe Pinheiro : Administrateur Syst\u00e8mes, R\u00e9seaux &amp; T\u00e9l\u00e9coms<\/p>\n\n\n\n<p>Expert niveau 1 en Syst\u00e8mes, R\u00e9seaux et T\u00e9l\u00e9coms<\/p>\n\n\n\n<p>3 missions :<\/p>\n\n\n\n<p>\u2425 Intervenir aupr\u00e8s des clients en installation et d\u00e9pannage<br>\u2425 Remonter les besoins terrain pour la conception et le d\u00e9veloppement des nouveaux outils<br>\u2425 Assurer la veille technologique<\/p>\n\n\n\n<p class=\"has-kb-palette-6-color has-text-color has-link-color wp-elements-6d5c8540bb173c9eeb389a3295810e19\"><br>Alexandre Defesche : Administrateur Syst\u00e8mes, R\u00e9seaux &amp; T\u00e9l\u00e9coms<\/p>\n\n\n\n<p>Expert niveau 1 Syst\u00e8mes, R\u00e9seaux et T\u00e9l\u00e9coms<\/p>\n\n\n\n<p>3 missions :<\/p>\n\n\n\n<p>\u2425 Intervenir aupr\u00e8s des clients en installation et d\u00e9pannage<br>\u2425 Remonter les besoins terrain pour la conception et le d\u00e9veloppement des nouveaux outils<br>\u2425 Assurer la veille technologique<br><\/p>\n","protected":false},"excerpt":{"rendered":"<p>Tous des passionn\u00e9s. Les personnels d\u2019AYRILYS parlent technique dans un langage volontairement vulgaris\u00e9 pour \u00eatre accessible \u00e0 tous. Ils \u0153uvrent dans une ambiance d\u00e9tendue, conviviale et \u00e9changent en permanence sur les probl\u00e9matiques de leurs clients afin de trouver pour chacun la solution optimale et fiable. Par ailleurs, conscients de l\u2019acc\u00e9l\u00e9ration des \u00e9volutions informatiques, r\u00e9seaux et&#8230;<\/p>\n","protected":false},"author":1,"featured_media":0,"parent":0,"menu_order":0,"comment_status":"closed","ping_status":"closed","template":"","meta":{"_kadence_starter_templates_imported_post":false,"_kad_post_transparent":"","_kad_post_title":"","_kad_post_layout":"","_kad_post_sidebar_id":"","_kad_post_content_style":"","_kad_post_vertical_padding":"","_kad_post_feature":"","_kad_post_feature_position":"","_kad_post_header":false,"_kad_post_footer":false,"_kad_post_classname":"","footnotes":""},"class_list":["post-194","page","type-page","status-publish","hentry"],"yoast_head":"<!-- This site is optimized with the Yoast SEO Premium plugin v25.8 (Yoast SEO v26.0) - https:\/\/yoast.com\/wordpress\/plugins\/seo\/ -->\r\n<title>Prestataire Informatique : Des Experts Accessibles et Fiables - Prestataire informatique Viroflay en r\u00e9gion parisienne depuis 2003 pour les PME\/PMI<\/title>\r\n<meta name=\"description\" content=\"Trouvez le meilleur prestataire informatique avec AYRILYS. Des experts en syst\u00e8mes, r\u00e9seaux et t\u00e9l\u00e9coms toujours \u00e0 l&#039;\u00e9coute de vos besoins.\" \/>\r\n<meta name=\"robots\" content=\"index, follow, max-snippet:-1, max-image-preview:large, max-video-preview:-1\" \/>\r\n<link rel=\"canonical\" href=\"https:\/\/ayrilys.com\/index.php\/lequipe\/\" \/>\r\n<meta property=\"og:locale\" content=\"fr_FR\" \/>\r\n<meta property=\"og:type\" content=\"article\" \/>\r\n<meta property=\"og:title\" content=\"L&#039;Equipe\" \/>\r\n<meta property=\"og:description\" content=\"Trouvez le meilleur prestataire informatique avec AYRILYS. Des experts en syst\u00e8mes, r\u00e9seaux et t\u00e9l\u00e9coms toujours \u00e0 l&#039;\u00e9coute de vos besoins.\" \/>\r\n<meta property=\"og:url\" content=\"https:\/\/ayrilys.com\/index.php\/lequipe\/\" \/>\r\n<meta property=\"og:site_name\" content=\"Prestataire informatique Viroflay en r\u00e9gion parisienne depuis 2003 pour les PME\/PMI\" \/>\r\n<meta property=\"article:publisher\" content=\"https:\/\/www.facebook.com\/profile.php?id=61563219240658\" \/>\r\n<meta property=\"article:modified_time\" content=\"2024-12-04T11:20:21+00:00\" \/>\r\n<meta property=\"og:image\" content=\"https:\/\/ayrilys.com\/wp-content\/uploads\/2024\/07\/Ayrilysentete.jpg\" \/>\r\n\t<meta property=\"og:image:width\" content=\"988\" \/>\r\n\t<meta property=\"og:image:height\" content=\"222\" \/>\r\n\t<meta property=\"og:image:type\" content=\"image\/jpeg\" \/>\r\n<meta name=\"twitter:card\" content=\"summary_large_image\" \/>\r\n<meta name=\"twitter:site\" content=\"@Ayrilys165097\" \/>\r\n<meta name=\"twitter:label1\" content=\"Dur\u00e9e de lecture estim\u00e9e\" \/>\n\t<meta name=\"twitter:data1\" content=\"2 minutes\" \/>\r\n<script type=\"application\/ld+json\" class=\"yoast-schema-graph\">{\"@context\":\"https:\/\/schema.org\",\"@graph\":[{\"@type\":\"WebPage\",\"@id\":\"https:\/\/ayrilys.com\/index.php\/lequipe\/\",\"url\":\"https:\/\/ayrilys.com\/index.php\/lequipe\/\",\"name\":\"Prestataire Informatique : Des Experts Accessibles et Fiables - Prestataire informatique Viroflay en r\u00e9gion parisienne depuis 2003 pour les PME\/PMI\",\"isPartOf\":{\"@id\":\"https:\/\/ayrilys.com\/#website\"},\"datePublished\":\"2024-07-10T16:42:14+00:00\",\"dateModified\":\"2024-12-04T11:20:21+00:00\",\"description\":\"Trouvez le meilleur prestataire informatique avec AYRILYS. Des experts en syst\u00e8mes, r\u00e9seaux et t\u00e9l\u00e9coms toujours \u00e0 l'\u00e9coute de vos besoins.\",\"breadcrumb\":{\"@id\":\"https:\/\/ayrilys.com\/index.php\/lequipe\/#breadcrumb\"},\"inLanguage\":\"fr-FR\",\"potentialAction\":[{\"@type\":\"ReadAction\",\"target\":[\"https:\/\/ayrilys.com\/index.php\/lequipe\/\"]}]},{\"@type\":\"BreadcrumbList\",\"@id\":\"https:\/\/ayrilys.com\/index.php\/lequipe\/#breadcrumb\",\"itemListElement\":[{\"@type\":\"ListItem\",\"position\":1,\"name\":\"Accueil\",\"item\":\"https:\/\/ayrilys.com\/\"},{\"@type\":\"ListItem\",\"position\":2,\"name\":\"L&rsquo;Equipe\"}]},{\"@type\":\"WebSite\",\"@id\":\"https:\/\/ayrilys.com\/#website\",\"url\":\"https:\/\/ayrilys.com\/\",\"name\":\"Ayrilys prestataire informatique infog\u00e9rance PME TPE MSP depuis 2003 sur Viroflay\",\"description\":\"Prestataire informatique Viroflay en r\u00e9gion parisienne PME TPE  ile de France depuis plus de 20 ans\",\"publisher\":{\"@id\":\"https:\/\/ayrilys.com\/#organization\"},\"alternateName\":\"Ayriliys infog\u00e9rance fournisseur de services manag\u00e9s MSP PME TPE Viroflay\",\"potentialAction\":[{\"@type\":\"SearchAction\",\"target\":{\"@type\":\"EntryPoint\",\"urlTemplate\":\"https:\/\/ayrilys.com\/?s={search_term_string}\"},\"query-input\":{\"@type\":\"PropertyValueSpecification\",\"valueRequired\":true,\"valueName\":\"search_term_string\"}}],\"inLanguage\":\"fr-FR\"},{\"@type\":\"Organization\",\"@id\":\"https:\/\/ayrilys.com\/#organization\",\"name\":\"Ayrilys\",\"url\":\"https:\/\/ayrilys.com\/\",\"logo\":{\"@type\":\"ImageObject\",\"inLanguage\":\"fr-FR\",\"@id\":\"https:\/\/ayrilys.com\/#\/schema\/logo\/image\/\",\"url\":\"https:\/\/ayrilys.com\/wp-content\/uploads\/2024\/07\/Ayrilys-Logo-V1.png\",\"contentUrl\":\"https:\/\/ayrilys.com\/wp-content\/uploads\/2024\/07\/Ayrilys-Logo-V1.png\",\"width\":119,\"height\":64,\"caption\":\"Ayrilys\"},\"image\":{\"@id\":\"https:\/\/ayrilys.com\/#\/schema\/logo\/image\/\"},\"sameAs\":[\"https:\/\/www.facebook.com\/profile.php?id=61563219240658\",\"https:\/\/x.com\/Ayrilys165097\"],\"description\":\"Prestataire informatique depuis plus de 20 ans pour les PME et TPE\",\"email\":\"ayrilys@ayrilys.com\",\"telephone\":\"+33139242197\",\"legalName\":\"Ayrilys\",\"foundingDate\":\"2003-01-01\",\"vatID\":\"FR90449159011\",\"taxID\":\"44915901100013\",\"numberOfEmployees\":{\"@type\":\"QuantitativeValue\",\"minValue\":\"1\",\"maxValue\":\"10\"}}]}<\/script>\r\n<!-- \/ Yoast SEO Premium plugin. -->","yoast_head_json":{"title":"Prestataire Informatique : Des Experts Accessibles et Fiables - Prestataire informatique Viroflay en r\u00e9gion parisienne depuis 2003 pour les PME\/PMI","description":"Trouvez le meilleur prestataire informatique avec AYRILYS. Des experts en syst\u00e8mes, r\u00e9seaux et t\u00e9l\u00e9coms toujours \u00e0 l'\u00e9coute de vos besoins.","robots":{"index":"index","follow":"follow","max-snippet":"max-snippet:-1","max-image-preview":"max-image-preview:large","max-video-preview":"max-video-preview:-1"},"canonical":"https:\/\/ayrilys.com\/index.php\/lequipe\/","og_locale":"fr_FR","og_type":"article","og_title":"L'Equipe","og_description":"Trouvez le meilleur prestataire informatique avec AYRILYS. Des experts en syst\u00e8mes, r\u00e9seaux et t\u00e9l\u00e9coms toujours \u00e0 l'\u00e9coute de vos besoins.","og_url":"https:\/\/ayrilys.com\/index.php\/lequipe\/","og_site_name":"Prestataire informatique Viroflay en r\u00e9gion parisienne depuis 2003 pour les PME\/PMI","article_publisher":"https:\/\/www.facebook.com\/profile.php?id=61563219240658","article_modified_time":"2024-12-04T11:20:21+00:00","og_image":[{"width":988,"height":222,"url":"https:\/\/ayrilys.com\/wp-content\/uploads\/2024\/07\/Ayrilysentete.jpg","type":"image\/jpeg"}],"twitter_card":"summary_large_image","twitter_site":"@Ayrilys165097","twitter_misc":{"Dur\u00e9e de lecture estim\u00e9e":"2 minutes"},"schema":{"@context":"https:\/\/schema.org","@graph":[{"@type":"WebPage","@id":"https:\/\/ayrilys.com\/index.php\/lequipe\/","url":"https:\/\/ayrilys.com\/index.php\/lequipe\/","name":"Prestataire Informatique : Des Experts Accessibles et Fiables - Prestataire informatique Viroflay en r\u00e9gion parisienne depuis 2003 pour les PME\/PMI","isPartOf":{"@id":"https:\/\/ayrilys.com\/#website"},"datePublished":"2024-07-10T16:42:14+00:00","dateModified":"2024-12-04T11:20:21+00:00","description":"Trouvez le meilleur prestataire informatique avec AYRILYS. Des experts en syst\u00e8mes, r\u00e9seaux et t\u00e9l\u00e9coms toujours \u00e0 l'\u00e9coute de vos besoins.","breadcrumb":{"@id":"https:\/\/ayrilys.com\/index.php\/lequipe\/#breadcrumb"},"inLanguage":"fr-FR","potentialAction":[{"@type":"ReadAction","target":["https:\/\/ayrilys.com\/index.php\/lequipe\/"]}]},{"@type":"BreadcrumbList","@id":"https:\/\/ayrilys.com\/index.php\/lequipe\/#breadcrumb","itemListElement":[{"@type":"ListItem","position":1,"name":"Accueil","item":"https:\/\/ayrilys.com\/"},{"@type":"ListItem","position":2,"name":"L&rsquo;Equipe"}]},{"@type":"WebSite","@id":"https:\/\/ayrilys.com\/#website","url":"https:\/\/ayrilys.com\/","name":"Ayrilys prestataire informatique infog\u00e9rance PME TPE MSP depuis 2003 sur Viroflay","description":"Prestataire informatique Viroflay en r\u00e9gion parisienne PME TPE  ile de France depuis plus de 20 ans","publisher":{"@id":"https:\/\/ayrilys.com\/#organization"},"alternateName":"Ayriliys infog\u00e9rance fournisseur de services manag\u00e9s MSP PME TPE Viroflay","potentialAction":[{"@type":"SearchAction","target":{"@type":"EntryPoint","urlTemplate":"https:\/\/ayrilys.com\/?s={search_term_string}"},"query-input":{"@type":"PropertyValueSpecification","valueRequired":true,"valueName":"search_term_string"}}],"inLanguage":"fr-FR"},{"@type":"Organization","@id":"https:\/\/ayrilys.com\/#organization","name":"Ayrilys","url":"https:\/\/ayrilys.com\/","logo":{"@type":"ImageObject","inLanguage":"fr-FR","@id":"https:\/\/ayrilys.com\/#\/schema\/logo\/image\/","url":"https:\/\/ayrilys.com\/wp-content\/uploads\/2024\/07\/Ayrilys-Logo-V1.png","contentUrl":"https:\/\/ayrilys.com\/wp-content\/uploads\/2024\/07\/Ayrilys-Logo-V1.png","width":119,"height":64,"caption":"Ayrilys"},"image":{"@id":"https:\/\/ayrilys.com\/#\/schema\/logo\/image\/"},"sameAs":["https:\/\/www.facebook.com\/profile.php?id=61563219240658","https:\/\/x.com\/Ayrilys165097"],"description":"Prestataire informatique depuis plus de 20 ans pour les PME et TPE","email":"ayrilys@ayrilys.com","telephone":"+33139242197","legalName":"Ayrilys","foundingDate":"2003-01-01","vatID":"FR90449159011","taxID":"44915901100013","numberOfEmployees":{"@type":"QuantitativeValue","minValue":"1","maxValue":"10"}}]}},"jetpack_sharing_enabled":true,"jetpack_likes_enabled":true,"jetpack-related-posts":[],"_links":{"self":[{"href":"https:\/\/ayrilys.com\/index.php\/wp-json\/wp\/v2\/pages\/194","targetHints":{"allow":["GET"]}}],"collection":[{"href":"https:\/\/ayrilys.com\/index.php\/wp-json\/wp\/v2\/pages"}],"about":[{"href":"https:\/\/ayrilys.com\/index.php\/wp-json\/wp\/v2\/types\/page"}],"author":[{"embeddable":true,"href":"https:\/\/ayrilys.com\/index.php\/wp-json\/wp\/v2\/users\/1"}],"replies":[{"embeddable":true,"href":"https:\/\/ayrilys.com\/index.php\/wp-json\/wp\/v2\/comments?post=194"}],"version-history":[{"count":2,"href":"https:\/\/ayrilys.com\/index.php\/wp-json\/wp\/v2\/pages\/194\/revisions"}],"predecessor-version":[{"id":197,"href":"https:\/\/ayrilys.com\/index.php\/wp-json\/wp\/v2\/pages\/194\/revisions\/197"}],"wp:attachment":[{"href":"https:\/\/ayrilys.com\/index.php\/wp-json\/wp\/v2\/media?parent=194"}],"curies":[{"name":"wp","href":"https:\/\/api.w.org\/{rel}","templated":true}]}}