{"id":198,"date":"2024-07-10T18:50:05","date_gmt":"2024-07-10T16:50:05","guid":{"rendered":"http:\/\/192.168.7.45:8000\/?page_id=198"},"modified":"2024-09-12T18:04:20","modified_gmt":"2024-09-12T16:04:20","slug":"systeme-dinformation-voip","status":"publish","type":"page","link":"https:\/\/ayrilys.com\/index.php\/systeme-dinformation-voip\/","title":{"rendered":"Syst\u00e8me d&rsquo;Information VoIP"},"content":{"rendered":"\n<p class=\"has-kb-palette-6-color has-text-color has-link-color wp-elements-0a685a0345b65cab251e650ecb4cb1bb\">Rapprochement des sp\u00e9cificit\u00e9s Syst\u00e8mes, R\u00e9seaux et T\u00e9l\u00e9coms<\/p>\n\n\n\n<p>Trouver chez les \u00ab prestataires informatiques \u00bb la triple comp\u00e9tence en Syst\u00e8mes, R\u00e9seaux et T\u00e9l\u00e9coms.<\/p>\n\n\n\n<p>Pour r\u00e9pondre \u00e0 cette exigence des dirigeants d\u2019entreprise, AYRILYS propose depuis 7 ans maintenant une expertise dans ces trois domaines, avec notamment de la t\u00e9l\u00e9phonie sur IP.<\/p>\n\n\n\n<p class=\"has-kb-palette-6-color has-text-color has-link-color wp-elements-e2ed24b040b3cf8eb2f2ac10f967c100\">VoIP, qu\u2019est-ce que c\u2019est ?<\/p>\n\n\n\n<p>La VoIP &#8211; Voice over Internet Protocol &#8211; consiste \u00e0 transporter la voix via Internet. Cette \u00e9volution technologique annonce le passage au tout num\u00e9rique, en interaction \u00e9troite avec les autres usages et \u00e9quipements informatiques.<br>Fonctionnement de la VoIP<\/p>\n\n\n\n<p>La technologie VoIP permet de t\u00e9l\u00e9phoner sur des r\u00e9seaux sp\u00e9cialis\u00e9s ou sans fil, y compris des r\u00e9seaux informatiques en passant par Internet.<\/p>\n\n\n\n<p class=\"has-kb-palette-6-color has-text-color has-link-color wp-elements-22e7ad86692802f0da0d4f71b4d9f57a\">Pourquoi la voix sur IP<\/p>\n\n\n\n<p><br>R\u00e9duire les co\u00fbts<br>Simplifier la gestion des r\u00e9seaux voix, donn\u00e9es et vid\u00e9o<br>Disponibilit\u00e9 et flexibilit\u00e9<\/p>\n\n\n\n<p class=\"has-kb-palette-6-color has-text-color has-link-color wp-elements-b62327062227aefcbcc613c0d364cb0b\"><br>Vous vous int\u00e9rrogez ?<\/p>\n\n\n\n<p><br>\u2b17 La VoIP, est-ce le t\u00e9l\u00e9phone sans l\u2019op\u00e9rateur ?<br>\u2b17 Dois-je avoir un abonnement Internet si je suis en VoIP ?<br>\u2b17 Qui se charge de ma t\u00e9l\u00e9phonie alors ?<br>\u2b17 Si je n\u2019ai plus de connexion Internet, je n\u2019ai plus de t\u00e9l\u00e9phone ?<br>\u2b17 Quels services est-ce que je paye en VoIP ?<\/p>\n","protected":false},"excerpt":{"rendered":"<p>Rapprochement des sp\u00e9cificit\u00e9s Syst\u00e8mes, R\u00e9seaux et T\u00e9l\u00e9coms Trouver chez les \u00ab prestataires informatiques \u00bb la triple comp\u00e9tence en Syst\u00e8mes, R\u00e9seaux et T\u00e9l\u00e9coms. Pour r\u00e9pondre \u00e0 cette exigence des dirigeants d\u2019entreprise, AYRILYS propose depuis 7 ans maintenant une expertise dans ces trois domaines, avec notamment de la t\u00e9l\u00e9phonie sur IP. VoIP, qu\u2019est-ce que c\u2019est ? La&#8230;<\/p>\n","protected":false},"author":1,"featured_media":0,"parent":0,"menu_order":0,"comment_status":"closed","ping_status":"closed","template":"","meta":{"_kadence_starter_templates_imported_post":false,"_kad_post_transparent":"","_kad_post_title":"","_kad_post_layout":"","_kad_post_sidebar_id":"","_kad_post_content_style":"","_kad_post_vertical_padding":"","_kad_post_feature":"","_kad_post_feature_position":"","_kad_post_header":false,"_kad_post_footer":false,"_kad_post_classname":"","footnotes":""},"class_list":["post-198","page","type-page","status-publish","hentry"],"yoast_head":"<!-- This site is optimized with the Yoast SEO Premium plugin v25.8 (Yoast SEO v26.0) - https:\/\/yoast.com\/wordpress\/plugins\/seo\/ -->\r\n<title>Prestataire informatique : b\u00e9n\u00e9ficiez de la VoIP pour votre PME - Prestataire informatique Viroflay en r\u00e9gion parisienne depuis 2003 pour les PME\/PMI<\/title>\r\n<meta name=\"description\" content=\"AYRILYS : votre prestataire informatique sp\u00e9cialiste des syst\u00e8mes, r\u00e9seaux et t\u00e9l\u00e9coms. \u00c9conomisez avec la t\u00e9l\u00e9phonie IP pour les PME.\" \/>\r\n<meta name=\"robots\" content=\"index, follow, max-snippet:-1, max-image-preview:large, max-video-preview:-1\" \/>\r\n<link rel=\"canonical\" href=\"https:\/\/ayrilys.com\/index.php\/systeme-dinformation-voip\/\" \/>\r\n<meta property=\"og:locale\" content=\"fr_FR\" \/>\r\n<meta property=\"og:type\" content=\"article\" \/>\r\n<meta property=\"og:title\" content=\"Syst\u00e8me d&#039;Information VoIP\" \/>\r\n<meta property=\"og:description\" content=\"AYRILYS : votre prestataire informatique sp\u00e9cialiste des syst\u00e8mes, r\u00e9seaux et t\u00e9l\u00e9coms. \u00c9conomisez avec la t\u00e9l\u00e9phonie IP pour les PME.\" \/>\r\n<meta property=\"og:url\" content=\"https:\/\/ayrilys.com\/index.php\/systeme-dinformation-voip\/\" \/>\r\n<meta property=\"og:site_name\" content=\"Prestataire informatique Viroflay en r\u00e9gion parisienne depuis 2003 pour les PME\/PMI\" \/>\r\n<meta property=\"article:publisher\" content=\"https:\/\/www.facebook.com\/profile.php?id=61563219240658\" \/>\r\n<meta property=\"article:modified_time\" content=\"2024-09-12T16:04:20+00:00\" \/>\r\n<meta property=\"og:image\" content=\"https:\/\/ayrilys.com\/wp-content\/uploads\/2024\/07\/Ayrilysentete.jpg\" \/>\r\n\t<meta property=\"og:image:width\" content=\"988\" \/>\r\n\t<meta property=\"og:image:height\" content=\"222\" \/>\r\n\t<meta property=\"og:image:type\" content=\"image\/jpeg\" \/>\r\n<meta name=\"twitter:card\" content=\"summary_large_image\" \/>\r\n<meta name=\"twitter:site\" content=\"@Ayrilys165097\" \/>\r\n<meta name=\"twitter:label1\" content=\"Dur\u00e9e de lecture estim\u00e9e\" \/>\n\t<meta name=\"twitter:data1\" content=\"1 minute\" \/>\r\n<script type=\"application\/ld+json\" class=\"yoast-schema-graph\">{\"@context\":\"https:\/\/schema.org\",\"@graph\":[{\"@type\":\"WebPage\",\"@id\":\"https:\/\/ayrilys.com\/index.php\/systeme-dinformation-voip\/\",\"url\":\"https:\/\/ayrilys.com\/index.php\/systeme-dinformation-voip\/\",\"name\":\"Prestataire informatique : b\u00e9n\u00e9ficiez de la VoIP pour votre PME - Prestataire informatique Viroflay en r\u00e9gion parisienne depuis 2003 pour les PME\/PMI\",\"isPartOf\":{\"@id\":\"https:\/\/ayrilys.com\/#website\"},\"datePublished\":\"2024-07-10T16:50:05+00:00\",\"dateModified\":\"2024-09-12T16:04:20+00:00\",\"description\":\"AYRILYS : votre prestataire informatique sp\u00e9cialiste des syst\u00e8mes, r\u00e9seaux et t\u00e9l\u00e9coms. \u00c9conomisez avec la t\u00e9l\u00e9phonie IP pour les PME.\",\"breadcrumb\":{\"@id\":\"https:\/\/ayrilys.com\/index.php\/systeme-dinformation-voip\/#breadcrumb\"},\"inLanguage\":\"fr-FR\",\"potentialAction\":[{\"@type\":\"ReadAction\",\"target\":[\"https:\/\/ayrilys.com\/index.php\/systeme-dinformation-voip\/\"]}]},{\"@type\":\"BreadcrumbList\",\"@id\":\"https:\/\/ayrilys.com\/index.php\/systeme-dinformation-voip\/#breadcrumb\",\"itemListElement\":[{\"@type\":\"ListItem\",\"position\":1,\"name\":\"Accueil\",\"item\":\"https:\/\/ayrilys.com\/\"},{\"@type\":\"ListItem\",\"position\":2,\"name\":\"Syst\u00e8me d&#8217;Information VoIP\"}]},{\"@type\":\"WebSite\",\"@id\":\"https:\/\/ayrilys.com\/#website\",\"url\":\"https:\/\/ayrilys.com\/\",\"name\":\"Ayrilys prestataire informatique infog\u00e9rance PME TPE MSP depuis 2003 sur Viroflay\",\"description\":\"Prestataire informatique Viroflay en r\u00e9gion parisienne PME TPE  ile de France depuis plus de 20 ans\",\"publisher\":{\"@id\":\"https:\/\/ayrilys.com\/#organization\"},\"alternateName\":\"Ayriliys infog\u00e9rance fournisseur de services manag\u00e9s MSP PME TPE Viroflay\",\"potentialAction\":[{\"@type\":\"SearchAction\",\"target\":{\"@type\":\"EntryPoint\",\"urlTemplate\":\"https:\/\/ayrilys.com\/?s={search_term_string}\"},\"query-input\":{\"@type\":\"PropertyValueSpecification\",\"valueRequired\":true,\"valueName\":\"search_term_string\"}}],\"inLanguage\":\"fr-FR\"},{\"@type\":\"Organization\",\"@id\":\"https:\/\/ayrilys.com\/#organization\",\"name\":\"Ayrilys\",\"url\":\"https:\/\/ayrilys.com\/\",\"logo\":{\"@type\":\"ImageObject\",\"inLanguage\":\"fr-FR\",\"@id\":\"https:\/\/ayrilys.com\/#\/schema\/logo\/image\/\",\"url\":\"https:\/\/ayrilys.com\/wp-content\/uploads\/2024\/07\/Ayrilys-Logo-V1.png\",\"contentUrl\":\"https:\/\/ayrilys.com\/wp-content\/uploads\/2024\/07\/Ayrilys-Logo-V1.png\",\"width\":119,\"height\":64,\"caption\":\"Ayrilys\"},\"image\":{\"@id\":\"https:\/\/ayrilys.com\/#\/schema\/logo\/image\/\"},\"sameAs\":[\"https:\/\/www.facebook.com\/profile.php?id=61563219240658\",\"https:\/\/x.com\/Ayrilys165097\"],\"description\":\"Prestataire informatique depuis plus de 20 ans pour les PME et TPE\",\"email\":\"ayrilys@ayrilys.com\",\"telephone\":\"+33139242197\",\"legalName\":\"Ayrilys\",\"foundingDate\":\"2003-01-01\",\"vatID\":\"FR90449159011\",\"taxID\":\"44915901100013\",\"numberOfEmployees\":{\"@type\":\"QuantitativeValue\",\"minValue\":\"1\",\"maxValue\":\"10\"}}]}<\/script>\r\n<!-- \/ Yoast SEO Premium plugin. -->","yoast_head_json":{"title":"Prestataire informatique : b\u00e9n\u00e9ficiez de la VoIP pour votre PME - Prestataire informatique Viroflay en r\u00e9gion parisienne depuis 2003 pour les PME\/PMI","description":"AYRILYS : votre prestataire informatique sp\u00e9cialiste des syst\u00e8mes, r\u00e9seaux et t\u00e9l\u00e9coms. \u00c9conomisez avec la t\u00e9l\u00e9phonie IP pour les PME.","robots":{"index":"index","follow":"follow","max-snippet":"max-snippet:-1","max-image-preview":"max-image-preview:large","max-video-preview":"max-video-preview:-1"},"canonical":"https:\/\/ayrilys.com\/index.php\/systeme-dinformation-voip\/","og_locale":"fr_FR","og_type":"article","og_title":"Syst\u00e8me d'Information VoIP","og_description":"AYRILYS : votre prestataire informatique sp\u00e9cialiste des syst\u00e8mes, r\u00e9seaux et t\u00e9l\u00e9coms. \u00c9conomisez avec la t\u00e9l\u00e9phonie IP pour les PME.","og_url":"https:\/\/ayrilys.com\/index.php\/systeme-dinformation-voip\/","og_site_name":"Prestataire informatique Viroflay en r\u00e9gion parisienne depuis 2003 pour les PME\/PMI","article_publisher":"https:\/\/www.facebook.com\/profile.php?id=61563219240658","article_modified_time":"2024-09-12T16:04:20+00:00","og_image":[{"width":988,"height":222,"url":"https:\/\/ayrilys.com\/wp-content\/uploads\/2024\/07\/Ayrilysentete.jpg","type":"image\/jpeg"}],"twitter_card":"summary_large_image","twitter_site":"@Ayrilys165097","twitter_misc":{"Dur\u00e9e de lecture estim\u00e9e":"1 minute"},"schema":{"@context":"https:\/\/schema.org","@graph":[{"@type":"WebPage","@id":"https:\/\/ayrilys.com\/index.php\/systeme-dinformation-voip\/","url":"https:\/\/ayrilys.com\/index.php\/systeme-dinformation-voip\/","name":"Prestataire informatique : b\u00e9n\u00e9ficiez de la VoIP pour votre PME - Prestataire informatique Viroflay en r\u00e9gion parisienne depuis 2003 pour les PME\/PMI","isPartOf":{"@id":"https:\/\/ayrilys.com\/#website"},"datePublished":"2024-07-10T16:50:05+00:00","dateModified":"2024-09-12T16:04:20+00:00","description":"AYRILYS : votre prestataire informatique sp\u00e9cialiste des syst\u00e8mes, r\u00e9seaux et t\u00e9l\u00e9coms. \u00c9conomisez avec la t\u00e9l\u00e9phonie IP pour les PME.","breadcrumb":{"@id":"https:\/\/ayrilys.com\/index.php\/systeme-dinformation-voip\/#breadcrumb"},"inLanguage":"fr-FR","potentialAction":[{"@type":"ReadAction","target":["https:\/\/ayrilys.com\/index.php\/systeme-dinformation-voip\/"]}]},{"@type":"BreadcrumbList","@id":"https:\/\/ayrilys.com\/index.php\/systeme-dinformation-voip\/#breadcrumb","itemListElement":[{"@type":"ListItem","position":1,"name":"Accueil","item":"https:\/\/ayrilys.com\/"},{"@type":"ListItem","position":2,"name":"Syst\u00e8me d&#8217;Information VoIP"}]},{"@type":"WebSite","@id":"https:\/\/ayrilys.com\/#website","url":"https:\/\/ayrilys.com\/","name":"Ayrilys prestataire informatique infog\u00e9rance PME TPE MSP depuis 2003 sur Viroflay","description":"Prestataire informatique Viroflay en r\u00e9gion parisienne PME TPE  ile de France depuis plus de 20 ans","publisher":{"@id":"https:\/\/ayrilys.com\/#organization"},"alternateName":"Ayriliys infog\u00e9rance fournisseur de services manag\u00e9s MSP PME TPE Viroflay","potentialAction":[{"@type":"SearchAction","target":{"@type":"EntryPoint","urlTemplate":"https:\/\/ayrilys.com\/?s={search_term_string}"},"query-input":{"@type":"PropertyValueSpecification","valueRequired":true,"valueName":"search_term_string"}}],"inLanguage":"fr-FR"},{"@type":"Organization","@id":"https:\/\/ayrilys.com\/#organization","name":"Ayrilys","url":"https:\/\/ayrilys.com\/","logo":{"@type":"ImageObject","inLanguage":"fr-FR","@id":"https:\/\/ayrilys.com\/#\/schema\/logo\/image\/","url":"https:\/\/ayrilys.com\/wp-content\/uploads\/2024\/07\/Ayrilys-Logo-V1.png","contentUrl":"https:\/\/ayrilys.com\/wp-content\/uploads\/2024\/07\/Ayrilys-Logo-V1.png","width":119,"height":64,"caption":"Ayrilys"},"image":{"@id":"https:\/\/ayrilys.com\/#\/schema\/logo\/image\/"},"sameAs":["https:\/\/www.facebook.com\/profile.php?id=61563219240658","https:\/\/x.com\/Ayrilys165097"],"description":"Prestataire informatique depuis plus de 20 ans pour les PME et TPE","email":"ayrilys@ayrilys.com","telephone":"+33139242197","legalName":"Ayrilys","foundingDate":"2003-01-01","vatID":"FR90449159011","taxID":"44915901100013","numberOfEmployees":{"@type":"QuantitativeValue","minValue":"1","maxValue":"10"}}]}},"jetpack_sharing_enabled":true,"jetpack_likes_enabled":true,"jetpack-related-posts":[],"_links":{"self":[{"href":"https:\/\/ayrilys.com\/index.php\/wp-json\/wp\/v2\/pages\/198","targetHints":{"allow":["GET"]}}],"collection":[{"href":"https:\/\/ayrilys.com\/index.php\/wp-json\/wp\/v2\/pages"}],"about":[{"href":"https:\/\/ayrilys.com\/index.php\/wp-json\/wp\/v2\/types\/page"}],"author":[{"embeddable":true,"href":"https:\/\/ayrilys.com\/index.php\/wp-json\/wp\/v2\/users\/1"}],"replies":[{"embeddable":true,"href":"https:\/\/ayrilys.com\/index.php\/wp-json\/wp\/v2\/comments?post=198"}],"version-history":[{"count":2,"href":"https:\/\/ayrilys.com\/index.php\/wp-json\/wp\/v2\/pages\/198\/revisions"}],"predecessor-version":[{"id":201,"href":"https:\/\/ayrilys.com\/index.php\/wp-json\/wp\/v2\/pages\/198\/revisions\/201"}],"wp:attachment":[{"href":"https:\/\/ayrilys.com\/index.php\/wp-json\/wp\/v2\/media?parent=198"}],"curies":[{"name":"wp","href":"https:\/\/api.w.org\/{rel}","templated":true}]}}