{"id":205,"date":"2024-07-10T19:08:40","date_gmt":"2024-07-10T17:08:40","guid":{"rendered":"http:\/\/192.168.7.45:8000\/?page_id=205"},"modified":"2024-12-03T18:37:21","modified_gmt":"2024-12-03T17:37:21","slug":"ayrilys","status":"publish","type":"page","link":"https:\/\/ayrilys.com\/index.php\/ayrilys\/","title":{"rendered":"Ayrilys depuis 2003"},"content":{"rendered":"\n<p class=\"has-kb-palette-6-color has-text-color has-link-color wp-elements-cbd5ae7d3061d7b302e7ee1c188341a3\">AYRILYS, votre service informatique, r\u00e9seaux et t\u00e9l\u00e9coms externalis\u00e9<\/p>\n\n\n\n<figure class=\"wp-block-image size-full\"><img loading=\"lazy\" decoding=\"async\" width=\"1587\" height=\"887\" src=\"https:\/\/ayrilys.com\/wp-content\/uploads\/2024\/07\/illustration-2-1.jpg\" alt=\"\" class=\"wp-image-18\"\/><\/figure>\n\n\n\n<p>AYRILYS vous accompagne au quotidien et vous d\u00e9leste de toutes les t\u00e2ches informatiques, r\u00e9seaux, t\u00e9l\u00e9coms.<br>L\u2019esprit libre et serein, vous pouvez vous recentrer sur votre c\u0153ur de m\u00e9tier.<\/p>\n\n\n\n<p class=\"has-kb-palette-6-color has-text-color has-link-color wp-elements-54f4808014d6f2df58f6eca569df4b44\"><a href=\"https:\/\/ayrilys.com\/index.php\/service-client\/\">\u00ab Un trouveur de solutions \u00bb<\/a><\/p>\n\n\n\n<p>Chercher, trouver, tester et valider la solution adapt\u00e9e \u00e0 vos besoins \u00e0 un prix optimis\u00e9 : tel est l\u2019engagement d\u2019AYRILYS.<\/p>\n\n\n\n<p>Quel que soit le probl\u00e8me que vous rencontrez, AYRILYS intervient dans l\u2019heure qui suit votre demande, remet en marche vos \u00e9quipements avec une solution alternative sous 24h en cas de probl\u00e8me complexe et vous apporte une r\u00e9ponse sur mesure sous 48 h.<\/p>\n\n\n\n<p class=\"has-kb-palette-6-color has-text-color has-link-color wp-elements-da5f1010b10d7db52552cf751116aa18\"><a href=\"https:\/\/ayrilys.com\/index.php\/warlab-concept\/\">Votre veilleur technologique<\/a><\/p>\n\n\n\n<p>Veilleur technologique, AYRILYS suit les \u00e9volutions du march\u00e9 en mati\u00e8re de syst\u00e8me, r\u00e9seaux et t\u00e9l\u00e9coms. Il teste les nouveaux mat\u00e9riels, les logiciels et anticipe les tendances de demain.<\/p>\n\n\n\n<p>Il suit \u00e9galement le d\u00e9veloppement de votre entreprise. Ainsi, en fonction de vos besoins, AYRILYS vous propose des remplacements ou des acquisitions d\u2019\u00e9quipements ou de logiciels.<\/p>\n","protected":false},"excerpt":{"rendered":"<p>AYRILYS, votre service informatique, r\u00e9seaux et t\u00e9l\u00e9coms externalis\u00e9 AYRILYS vous accompagne au quotidien et vous d\u00e9leste de toutes les t\u00e2ches informatiques, r\u00e9seaux, t\u00e9l\u00e9coms.L\u2019esprit libre et serein, vous pouvez vous recentrer sur votre c\u0153ur de m\u00e9tier. \u00ab Un trouveur de solutions \u00bb Chercher, trouver, tester et valider la solution adapt\u00e9e \u00e0 vos besoins \u00e0 un prix&#8230;<\/p>\n","protected":false},"author":1,"featured_media":0,"parent":0,"menu_order":0,"comment_status":"closed","ping_status":"closed","template":"","meta":{"_kadence_starter_templates_imported_post":false,"_kad_post_transparent":"","_kad_post_title":"","_kad_post_layout":"","_kad_post_sidebar_id":"","_kad_post_content_style":"","_kad_post_vertical_padding":"","_kad_post_feature":"","_kad_post_feature_position":"","_kad_post_header":false,"_kad_post_footer":false,"_kad_post_classname":"","footnotes":""},"class_list":["post-205","page","type-page","status-publish","hentry"],"yoast_head":"<!-- This site is optimized with the Yoast SEO Premium plugin v25.8 (Yoast SEO v26.0) - https:\/\/yoast.com\/wordpress\/plugins\/seo\/ -->\r\n<title>Prestataire informatique pour PME : Externaliser vos besoins avec AYRILYS<\/title>\r\n<meta name=\"description\" content=\"Externalisez votre service informatique, r\u00e9seaux et t\u00e9l\u00e9coms avec AYRILYS. Lib\u00e9rez-vous des t\u00e2ches informatiques complexes et recentrez-vous sur votre c\u0153ur de m\u00e9tier.\" \/>\r\n<meta name=\"robots\" content=\"index, follow, max-snippet:-1, max-image-preview:large, max-video-preview:-1\" \/>\r\n<link rel=\"canonical\" href=\"https:\/\/ayrilys.com\/index.php\/ayrilys\/\" \/>\r\n<meta property=\"og:locale\" content=\"fr_FR\" \/>\r\n<meta property=\"og:type\" content=\"article\" \/>\r\n<meta property=\"og:title\" content=\"Ayrilys depuis 2003\" \/>\r\n<meta property=\"og:description\" content=\"Externalisez votre service informatique, r\u00e9seaux et t\u00e9l\u00e9coms avec AYRILYS. Lib\u00e9rez-vous des t\u00e2ches informatiques complexes et recentrez-vous sur votre c\u0153ur de m\u00e9tier.\" \/>\r\n<meta property=\"og:url\" content=\"https:\/\/ayrilys.com\/index.php\/ayrilys\/\" \/>\r\n<meta property=\"og:site_name\" content=\"Prestataire informatique Viroflay en r\u00e9gion parisienne depuis 2003 pour les PME\/PMI\" \/>\r\n<meta property=\"article:publisher\" content=\"https:\/\/www.facebook.com\/profile.php?id=61563219240658\" \/>\r\n<meta property=\"article:modified_time\" content=\"2024-12-03T17:37:21+00:00\" \/>\r\n<meta property=\"og:image\" content=\"https:\/\/ayrilys.com\/wp-content\/uploads\/2024\/07\/illustration-2-1.jpg\" \/>\r\n<meta name=\"twitter:card\" content=\"summary_large_image\" \/>\r\n<meta name=\"twitter:site\" content=\"@Ayrilys165097\" \/>\r\n<meta name=\"twitter:label1\" content=\"Dur\u00e9e de lecture estim\u00e9e\" \/>\n\t<meta name=\"twitter:data1\" content=\"2 minutes\" \/>\r\n<script type=\"application\/ld+json\" class=\"yoast-schema-graph\">{\"@context\":\"https:\/\/schema.org\",\"@graph\":[{\"@type\":\"WebPage\",\"@id\":\"https:\/\/ayrilys.com\/index.php\/ayrilys\/\",\"url\":\"https:\/\/ayrilys.com\/index.php\/ayrilys\/\",\"name\":\"Prestataire informatique pour PME : Externaliser vos besoins avec AYRILYS\",\"isPartOf\":{\"@id\":\"https:\/\/ayrilys.com\/#website\"},\"primaryImageOfPage\":{\"@id\":\"https:\/\/ayrilys.com\/index.php\/ayrilys\/#primaryimage\"},\"image\":{\"@id\":\"https:\/\/ayrilys.com\/index.php\/ayrilys\/#primaryimage\"},\"thumbnailUrl\":\"https:\/\/ayrilys.com\/wp-content\/uploads\/2024\/07\/illustration-2-1.jpg\",\"datePublished\":\"2024-07-10T17:08:40+00:00\",\"dateModified\":\"2024-12-03T17:37:21+00:00\",\"description\":\"Externalisez votre service informatique, r\u00e9seaux et t\u00e9l\u00e9coms avec AYRILYS. Lib\u00e9rez-vous des t\u00e2ches informatiques complexes et recentrez-vous sur votre c\u0153ur de m\u00e9tier.\",\"breadcrumb\":{\"@id\":\"https:\/\/ayrilys.com\/index.php\/ayrilys\/#breadcrumb\"},\"inLanguage\":\"fr-FR\",\"potentialAction\":[{\"@type\":\"ReadAction\",\"target\":[\"https:\/\/ayrilys.com\/index.php\/ayrilys\/\"]}]},{\"@type\":\"ImageObject\",\"inLanguage\":\"fr-FR\",\"@id\":\"https:\/\/ayrilys.com\/index.php\/ayrilys\/#primaryimage\",\"url\":\"https:\/\/ayrilys.com\/wp-content\/uploads\/2024\/07\/illustration-2-1.jpg\",\"contentUrl\":\"https:\/\/ayrilys.com\/wp-content\/uploads\/2024\/07\/illustration-2-1.jpg\",\"width\":1587,\"height\":887},{\"@type\":\"BreadcrumbList\",\"@id\":\"https:\/\/ayrilys.com\/index.php\/ayrilys\/#breadcrumb\",\"itemListElement\":[{\"@type\":\"ListItem\",\"position\":1,\"name\":\"Accueil\",\"item\":\"https:\/\/ayrilys.com\/\"},{\"@type\":\"ListItem\",\"position\":2,\"name\":\"Ayrilys depuis 2003\"}]},{\"@type\":\"WebSite\",\"@id\":\"https:\/\/ayrilys.com\/#website\",\"url\":\"https:\/\/ayrilys.com\/\",\"name\":\"Ayrilys prestataire informatique infog\u00e9rance PME TPE MSP depuis 2003 sur Viroflay\",\"description\":\"Prestataire informatique Viroflay en r\u00e9gion parisienne PME TPE  ile de France depuis plus de 20 ans\",\"publisher\":{\"@id\":\"https:\/\/ayrilys.com\/#organization\"},\"alternateName\":\"Ayriliys infog\u00e9rance fournisseur de services manag\u00e9s MSP PME TPE Viroflay\",\"potentialAction\":[{\"@type\":\"SearchAction\",\"target\":{\"@type\":\"EntryPoint\",\"urlTemplate\":\"https:\/\/ayrilys.com\/?s={search_term_string}\"},\"query-input\":{\"@type\":\"PropertyValueSpecification\",\"valueRequired\":true,\"valueName\":\"search_term_string\"}}],\"inLanguage\":\"fr-FR\"},{\"@type\":\"Organization\",\"@id\":\"https:\/\/ayrilys.com\/#organization\",\"name\":\"Ayrilys\",\"url\":\"https:\/\/ayrilys.com\/\",\"logo\":{\"@type\":\"ImageObject\",\"inLanguage\":\"fr-FR\",\"@id\":\"https:\/\/ayrilys.com\/#\/schema\/logo\/image\/\",\"url\":\"https:\/\/ayrilys.com\/wp-content\/uploads\/2024\/07\/Ayrilys-Logo-V1.png\",\"contentUrl\":\"https:\/\/ayrilys.com\/wp-content\/uploads\/2024\/07\/Ayrilys-Logo-V1.png\",\"width\":119,\"height\":64,\"caption\":\"Ayrilys\"},\"image\":{\"@id\":\"https:\/\/ayrilys.com\/#\/schema\/logo\/image\/\"},\"sameAs\":[\"https:\/\/www.facebook.com\/profile.php?id=61563219240658\",\"https:\/\/x.com\/Ayrilys165097\"],\"description\":\"Prestataire informatique depuis plus de 20 ans pour les PME et TPE\",\"email\":\"ayrilys@ayrilys.com\",\"telephone\":\"+33139242197\",\"legalName\":\"Ayrilys\",\"foundingDate\":\"2003-01-01\",\"vatID\":\"FR90449159011\",\"taxID\":\"44915901100013\",\"numberOfEmployees\":{\"@type\":\"QuantitativeValue\",\"minValue\":\"1\",\"maxValue\":\"10\"}}]}<\/script>\r\n<!-- \/ Yoast SEO Premium plugin. -->","yoast_head_json":{"title":"Prestataire informatique pour PME : Externaliser vos besoins avec AYRILYS","description":"Externalisez votre service informatique, r\u00e9seaux et t\u00e9l\u00e9coms avec AYRILYS. Lib\u00e9rez-vous des t\u00e2ches informatiques complexes et recentrez-vous sur votre c\u0153ur de m\u00e9tier.","robots":{"index":"index","follow":"follow","max-snippet":"max-snippet:-1","max-image-preview":"max-image-preview:large","max-video-preview":"max-video-preview:-1"},"canonical":"https:\/\/ayrilys.com\/index.php\/ayrilys\/","og_locale":"fr_FR","og_type":"article","og_title":"Ayrilys depuis 2003","og_description":"Externalisez votre service informatique, r\u00e9seaux et t\u00e9l\u00e9coms avec AYRILYS. Lib\u00e9rez-vous des t\u00e2ches informatiques complexes et recentrez-vous sur votre c\u0153ur de m\u00e9tier.","og_url":"https:\/\/ayrilys.com\/index.php\/ayrilys\/","og_site_name":"Prestataire informatique Viroflay en r\u00e9gion parisienne depuis 2003 pour les PME\/PMI","article_publisher":"https:\/\/www.facebook.com\/profile.php?id=61563219240658","article_modified_time":"2024-12-03T17:37:21+00:00","og_image":[{"url":"https:\/\/ayrilys.com\/wp-content\/uploads\/2024\/07\/illustration-2-1.jpg","type":"","width":"","height":""}],"twitter_card":"summary_large_image","twitter_site":"@Ayrilys165097","twitter_misc":{"Dur\u00e9e de lecture estim\u00e9e":"2 minutes"},"schema":{"@context":"https:\/\/schema.org","@graph":[{"@type":"WebPage","@id":"https:\/\/ayrilys.com\/index.php\/ayrilys\/","url":"https:\/\/ayrilys.com\/index.php\/ayrilys\/","name":"Prestataire informatique pour PME : Externaliser vos besoins avec AYRILYS","isPartOf":{"@id":"https:\/\/ayrilys.com\/#website"},"primaryImageOfPage":{"@id":"https:\/\/ayrilys.com\/index.php\/ayrilys\/#primaryimage"},"image":{"@id":"https:\/\/ayrilys.com\/index.php\/ayrilys\/#primaryimage"},"thumbnailUrl":"https:\/\/ayrilys.com\/wp-content\/uploads\/2024\/07\/illustration-2-1.jpg","datePublished":"2024-07-10T17:08:40+00:00","dateModified":"2024-12-03T17:37:21+00:00","description":"Externalisez votre service informatique, r\u00e9seaux et t\u00e9l\u00e9coms avec AYRILYS. Lib\u00e9rez-vous des t\u00e2ches informatiques complexes et recentrez-vous sur votre c\u0153ur de m\u00e9tier.","breadcrumb":{"@id":"https:\/\/ayrilys.com\/index.php\/ayrilys\/#breadcrumb"},"inLanguage":"fr-FR","potentialAction":[{"@type":"ReadAction","target":["https:\/\/ayrilys.com\/index.php\/ayrilys\/"]}]},{"@type":"ImageObject","inLanguage":"fr-FR","@id":"https:\/\/ayrilys.com\/index.php\/ayrilys\/#primaryimage","url":"https:\/\/ayrilys.com\/wp-content\/uploads\/2024\/07\/illustration-2-1.jpg","contentUrl":"https:\/\/ayrilys.com\/wp-content\/uploads\/2024\/07\/illustration-2-1.jpg","width":1587,"height":887},{"@type":"BreadcrumbList","@id":"https:\/\/ayrilys.com\/index.php\/ayrilys\/#breadcrumb","itemListElement":[{"@type":"ListItem","position":1,"name":"Accueil","item":"https:\/\/ayrilys.com\/"},{"@type":"ListItem","position":2,"name":"Ayrilys depuis 2003"}]},{"@type":"WebSite","@id":"https:\/\/ayrilys.com\/#website","url":"https:\/\/ayrilys.com\/","name":"Ayrilys prestataire informatique infog\u00e9rance PME TPE MSP depuis 2003 sur Viroflay","description":"Prestataire informatique Viroflay en r\u00e9gion parisienne PME TPE  ile de France depuis plus de 20 ans","publisher":{"@id":"https:\/\/ayrilys.com\/#organization"},"alternateName":"Ayriliys infog\u00e9rance fournisseur de services manag\u00e9s MSP PME TPE Viroflay","potentialAction":[{"@type":"SearchAction","target":{"@type":"EntryPoint","urlTemplate":"https:\/\/ayrilys.com\/?s={search_term_string}"},"query-input":{"@type":"PropertyValueSpecification","valueRequired":true,"valueName":"search_term_string"}}],"inLanguage":"fr-FR"},{"@type":"Organization","@id":"https:\/\/ayrilys.com\/#organization","name":"Ayrilys","url":"https:\/\/ayrilys.com\/","logo":{"@type":"ImageObject","inLanguage":"fr-FR","@id":"https:\/\/ayrilys.com\/#\/schema\/logo\/image\/","url":"https:\/\/ayrilys.com\/wp-content\/uploads\/2024\/07\/Ayrilys-Logo-V1.png","contentUrl":"https:\/\/ayrilys.com\/wp-content\/uploads\/2024\/07\/Ayrilys-Logo-V1.png","width":119,"height":64,"caption":"Ayrilys"},"image":{"@id":"https:\/\/ayrilys.com\/#\/schema\/logo\/image\/"},"sameAs":["https:\/\/www.facebook.com\/profile.php?id=61563219240658","https:\/\/x.com\/Ayrilys165097"],"description":"Prestataire informatique depuis plus de 20 ans pour les PME et TPE","email":"ayrilys@ayrilys.com","telephone":"+33139242197","legalName":"Ayrilys","foundingDate":"2003-01-01","vatID":"FR90449159011","taxID":"44915901100013","numberOfEmployees":{"@type":"QuantitativeValue","minValue":"1","maxValue":"10"}}]}},"jetpack_sharing_enabled":true,"jetpack_likes_enabled":true,"jetpack-related-posts":[],"_links":{"self":[{"href":"https:\/\/ayrilys.com\/index.php\/wp-json\/wp\/v2\/pages\/205","targetHints":{"allow":["GET"]}}],"collection":[{"href":"https:\/\/ayrilys.com\/index.php\/wp-json\/wp\/v2\/pages"}],"about":[{"href":"https:\/\/ayrilys.com\/index.php\/wp-json\/wp\/v2\/types\/page"}],"author":[{"embeddable":true,"href":"https:\/\/ayrilys.com\/index.php\/wp-json\/wp\/v2\/users\/1"}],"replies":[{"embeddable":true,"href":"https:\/\/ayrilys.com\/index.php\/wp-json\/wp\/v2\/comments?post=205"}],"version-history":[{"count":8,"href":"https:\/\/ayrilys.com\/index.php\/wp-json\/wp\/v2\/pages\/205\/revisions"}],"predecessor-version":[{"id":627,"href":"https:\/\/ayrilys.com\/index.php\/wp-json\/wp\/v2\/pages\/205\/revisions\/627"}],"wp:attachment":[{"href":"https:\/\/ayrilys.com\/index.php\/wp-json\/wp\/v2\/media?parent=205"}],"curies":[{"name":"wp","href":"https:\/\/api.w.org\/{rel}","templated":true}]}}