{"id":218,"date":"2024-07-10T19:16:52","date_gmt":"2024-07-10T17:16:52","guid":{"rendered":"http:\/\/192.168.7.45:8000\/?page_id=218"},"modified":"2024-12-04T12:17:49","modified_gmt":"2024-12-04T11:17:49","slug":"installation","status":"publish","type":"page","link":"https:\/\/ayrilys.com\/index.php\/installation\/","title":{"rendered":"Installation"},"content":{"rendered":"\n<p class=\"has-kb-palette-6-color has-text-color has-link-color wp-elements-4fe0a87e8ddd1042b7619f053313a746\">IDENTIFIER LES BESOINS, D\u00c9FINIR LES R\u00c8GLES<\/p>\n\n\n\n<figure class=\"wp-block-image size-full is-resized\"><img loading=\"lazy\" decoding=\"async\" width=\"2560\" height=\"1390\" src=\"https:\/\/ayrilys.com\/wp-content\/uploads\/2024\/07\/Illustration-11-1-scaled.jpg\" alt=\"\" class=\"wp-image-384\" style=\"width:800px\" srcset=\"https:\/\/ayrilys.com\/wp-content\/uploads\/2024\/07\/Illustration-11-1-scaled.jpg 2560w, https:\/\/ayrilys.com\/wp-content\/uploads\/2024\/07\/Illustration-11-1-300x163.jpg 300w, https:\/\/ayrilys.com\/wp-content\/uploads\/2024\/07\/Illustration-11-1-1024x556.jpg 1024w, https:\/\/ayrilys.com\/wp-content\/uploads\/2024\/07\/Illustration-11-1-768x417.jpg 768w, https:\/\/ayrilys.com\/wp-content\/uploads\/2024\/07\/Illustration-11-1-1536x834.jpg 1536w, https:\/\/ayrilys.com\/wp-content\/uploads\/2024\/07\/Illustration-11-1-2048x1112.jpg 2048w\" sizes=\"auto, (max-width: 2560px) 100vw, 2560px\" \/><\/figure>\n\n\n\n<p class=\"has-kb-palette-6-color has-text-color has-link-color wp-elements-315be7c74bf81e2458b75c4d4e659e47\">D\u00e9finir les besoins de l\u2019entreprise pour dimensionner l\u2019infrastructure SRT<\/p>\n\n\n\n<p><strong>Un r\u00f4le de conseil \u00e0 trois niveaux<\/strong><br>\u2425 Evaluer le dimensionnement des \u00e9quipements par rapport aux fonctionnalit\u00e9s demand\u00e9es<\/p>\n\n\n\n<p>Evaluer le dimensionnement des \u00e9quipements par rapport aux fonctionnalit\u00e9s demand\u00e9es<br>Serveurs : valider les applicatifs et ressources n\u00e9cessaires<br>R\u00e9seaux : valider les \u00e9quipements au vu du flux n\u00e9cessaire \u00e0 l\u2019activit\u00e9<br>\u2425 D\u00e9terminer le niveau de s\u00e9curit\u00e9 en fonction des besoins de l\u2019entreprise et du budget allou\u00e9<br>\u2425 Identifier les besoins en mobilit\u00e9 et acc\u00e8s distants<\/p>\n\n\n\n<p><strong>Identifier les besoins des groupes utilisateurs<\/strong><br>\u2425 R\u00e9pertorier les groupes utilisateurs<br>\u2425 Configurer les postes de travail selon 3 crit\u00e8res<\/p>\n\n\n\n<p>Les m\u00e9tiers<br>Les fonctionnalit\u00e9s demand\u00e9es<br>Les typologies d\u2019utilisation<\/p>\n\n\n\n<p><br>\u2425 Former \u00e0 la prise en main des \u00e9quipements<\/p>\n\n\n\n<p><strong>S\u00e9curiser et filtrer les acc\u00e8s aux donn\u00e9es<\/strong><br>\u2425 D\u00e9finir avec le client la politique de s\u00e9curit\u00e9 d\u2019acc\u00e8s aux donn\u00e9es partag\u00e9es internes<br>\u2425 Mettre en place des r\u00e8gles pour d\u00e9terminer et renouveler les mots de passe<br>\u2425 D\u00e9terminer avec le client le niveau de s\u00e9curit\u00e9 pour les acc\u00e8s Internet<br>\u2425 Transcrire techniquement la politique de s\u00e9curit\u00e9 des acc\u00e8s Internet de l\u2019entreprise<\/p>\n\n\n\n<p>Vous recherchez<br>\u2b17 Quel est le niveau de s\u00e9curit\u00e9 minimum demand\u00e9 ?<br>\u2b17 Quel est le volume de donn\u00e9es partag\u00e9es ?<br>\u2b17 Quel d\u00e9bit Internet pour votre activit\u00e9 ?<br>\u2b17 Quelle dur\u00e9e d\u2019indisponibilit\u00e9 est acceptable pour vous : Internet, donn\u00e9es partag\u00e9es, applicatifs ?<br>\u2b17 Quel le nombre de bo\u00eetes aux lettres et le flux de messagerie ?<\/p>\n","protected":false},"excerpt":{"rendered":"<p>IDENTIFIER LES BESOINS, D\u00c9FINIR LES R\u00c8GLES D\u00e9finir les besoins de l\u2019entreprise pour dimensionner l\u2019infrastructure SRT Un r\u00f4le de conseil \u00e0 trois niveaux\u2425 Evaluer le dimensionnement des \u00e9quipements par rapport aux fonctionnalit\u00e9s demand\u00e9es Evaluer le dimensionnement des \u00e9quipements par rapport aux fonctionnalit\u00e9s demand\u00e9esServeurs : valider les applicatifs et ressources n\u00e9cessairesR\u00e9seaux : valider les \u00e9quipements au vu&#8230;<\/p>\n","protected":false},"author":1,"featured_media":0,"parent":0,"menu_order":0,"comment_status":"closed","ping_status":"closed","template":"","meta":{"_kadence_starter_templates_imported_post":false,"_kad_post_transparent":"","_kad_post_title":"","_kad_post_layout":"","_kad_post_sidebar_id":"","_kad_post_content_style":"","_kad_post_vertical_padding":"","_kad_post_feature":"","_kad_post_feature_position":"","_kad_post_header":false,"_kad_post_footer":false,"_kad_post_classname":"","footnotes":""},"class_list":["post-218","page","type-page","status-publish","hentry"],"yoast_head":"<!-- This site is optimized with the Yoast SEO Premium plugin v25.8 (Yoast SEO v26.0) - https:\/\/yoast.com\/wordpress\/plugins\/seo\/ -->\r\n<title>Prestataire informatique PME : niveau de s\u00e9curit\u00e9 et besoins en mobilit\u00e9 - Prestataire informatique Viroflay en r\u00e9gion parisienne depuis 2003 pour les PME\/PMI<\/title>\r\n<meta name=\"description\" content=\"Besoin d&#039;un prestataire informatique pour votre PME ? Apprenez comment identifier vos besoins et d\u00e9finir les r\u00e8gles pour optimiser votre infrastructure informatique.\" \/>\r\n<meta name=\"robots\" content=\"index, follow, max-snippet:-1, max-image-preview:large, max-video-preview:-1\" \/>\r\n<link rel=\"canonical\" href=\"https:\/\/ayrilys.com\/index.php\/installation\/\" \/>\r\n<meta property=\"og:locale\" content=\"fr_FR\" \/>\r\n<meta property=\"og:type\" content=\"article\" \/>\r\n<meta property=\"og:title\" content=\"Installation\" \/>\r\n<meta property=\"og:description\" content=\"Besoin d&#039;un prestataire informatique pour votre PME ? Apprenez comment identifier vos besoins et d\u00e9finir les r\u00e8gles pour optimiser votre infrastructure informatique.\" \/>\r\n<meta property=\"og:url\" content=\"https:\/\/ayrilys.com\/index.php\/installation\/\" \/>\r\n<meta property=\"og:site_name\" content=\"Prestataire informatique Viroflay en r\u00e9gion parisienne depuis 2003 pour les PME\/PMI\" \/>\r\n<meta property=\"article:publisher\" content=\"https:\/\/www.facebook.com\/profile.php?id=61563219240658\" \/>\r\n<meta property=\"article:modified_time\" content=\"2024-12-04T11:17:49+00:00\" \/>\r\n<meta property=\"og:image\" content=\"https:\/\/ayrilys.com\/wp-content\/uploads\/2024\/07\/Illustration-11-1-scaled.jpg\" \/>\r\n<meta name=\"twitter:card\" content=\"summary_large_image\" \/>\r\n<meta name=\"twitter:site\" content=\"@Ayrilys165097\" \/>\r\n<meta name=\"twitter:label1\" content=\"Dur\u00e9e de lecture estim\u00e9e\" \/>\n\t<meta name=\"twitter:data1\" content=\"2 minutes\" \/>\r\n<script type=\"application\/ld+json\" class=\"yoast-schema-graph\">{\"@context\":\"https:\/\/schema.org\",\"@graph\":[{\"@type\":\"WebPage\",\"@id\":\"https:\/\/ayrilys.com\/index.php\/installation\/\",\"url\":\"https:\/\/ayrilys.com\/index.php\/installation\/\",\"name\":\"Prestataire informatique PME : niveau de s\u00e9curit\u00e9 et besoins en mobilit\u00e9 - Prestataire informatique Viroflay en r\u00e9gion parisienne depuis 2003 pour les PME\/PMI\",\"isPartOf\":{\"@id\":\"https:\/\/ayrilys.com\/#website\"},\"primaryImageOfPage\":{\"@id\":\"https:\/\/ayrilys.com\/index.php\/installation\/#primaryimage\"},\"image\":{\"@id\":\"https:\/\/ayrilys.com\/index.php\/installation\/#primaryimage\"},\"thumbnailUrl\":\"https:\/\/ayrilys.com\/wp-content\/uploads\/2024\/07\/Illustration-11-1-scaled.jpg\",\"datePublished\":\"2024-07-10T17:16:52+00:00\",\"dateModified\":\"2024-12-04T11:17:49+00:00\",\"description\":\"Besoin d'un prestataire informatique pour votre PME ? Apprenez comment identifier vos besoins et d\u00e9finir les r\u00e8gles pour optimiser votre infrastructure informatique.\",\"breadcrumb\":{\"@id\":\"https:\/\/ayrilys.com\/index.php\/installation\/#breadcrumb\"},\"inLanguage\":\"fr-FR\",\"potentialAction\":[{\"@type\":\"ReadAction\",\"target\":[\"https:\/\/ayrilys.com\/index.php\/installation\/\"]}]},{\"@type\":\"ImageObject\",\"inLanguage\":\"fr-FR\",\"@id\":\"https:\/\/ayrilys.com\/index.php\/installation\/#primaryimage\",\"url\":\"https:\/\/ayrilys.com\/wp-content\/uploads\/2024\/07\/Illustration-11-1-scaled.jpg\",\"contentUrl\":\"https:\/\/ayrilys.com\/wp-content\/uploads\/2024\/07\/Illustration-11-1-scaled.jpg\",\"width\":2560,\"height\":1390},{\"@type\":\"BreadcrumbList\",\"@id\":\"https:\/\/ayrilys.com\/index.php\/installation\/#breadcrumb\",\"itemListElement\":[{\"@type\":\"ListItem\",\"position\":1,\"name\":\"Accueil\",\"item\":\"https:\/\/ayrilys.com\/\"},{\"@type\":\"ListItem\",\"position\":2,\"name\":\"Installation\"}]},{\"@type\":\"WebSite\",\"@id\":\"https:\/\/ayrilys.com\/#website\",\"url\":\"https:\/\/ayrilys.com\/\",\"name\":\"Ayrilys prestataire informatique infog\u00e9rance PME TPE MSP depuis 2003 sur Viroflay\",\"description\":\"Prestataire informatique Viroflay en r\u00e9gion parisienne PME TPE  ile de France depuis plus de 20 ans\",\"publisher\":{\"@id\":\"https:\/\/ayrilys.com\/#organization\"},\"alternateName\":\"Ayriliys infog\u00e9rance fournisseur de services manag\u00e9s MSP PME TPE Viroflay\",\"potentialAction\":[{\"@type\":\"SearchAction\",\"target\":{\"@type\":\"EntryPoint\",\"urlTemplate\":\"https:\/\/ayrilys.com\/?s={search_term_string}\"},\"query-input\":{\"@type\":\"PropertyValueSpecification\",\"valueRequired\":true,\"valueName\":\"search_term_string\"}}],\"inLanguage\":\"fr-FR\"},{\"@type\":\"Organization\",\"@id\":\"https:\/\/ayrilys.com\/#organization\",\"name\":\"Ayrilys\",\"url\":\"https:\/\/ayrilys.com\/\",\"logo\":{\"@type\":\"ImageObject\",\"inLanguage\":\"fr-FR\",\"@id\":\"https:\/\/ayrilys.com\/#\/schema\/logo\/image\/\",\"url\":\"https:\/\/ayrilys.com\/wp-content\/uploads\/2024\/07\/Ayrilys-Logo-V1.png\",\"contentUrl\":\"https:\/\/ayrilys.com\/wp-content\/uploads\/2024\/07\/Ayrilys-Logo-V1.png\",\"width\":119,\"height\":64,\"caption\":\"Ayrilys\"},\"image\":{\"@id\":\"https:\/\/ayrilys.com\/#\/schema\/logo\/image\/\"},\"sameAs\":[\"https:\/\/www.facebook.com\/profile.php?id=61563219240658\",\"https:\/\/x.com\/Ayrilys165097\"],\"description\":\"Prestataire informatique depuis plus de 20 ans pour les PME et TPE\",\"email\":\"ayrilys@ayrilys.com\",\"telephone\":\"+33139242197\",\"legalName\":\"Ayrilys\",\"foundingDate\":\"2003-01-01\",\"vatID\":\"FR90449159011\",\"taxID\":\"44915901100013\",\"numberOfEmployees\":{\"@type\":\"QuantitativeValue\",\"minValue\":\"1\",\"maxValue\":\"10\"}}]}<\/script>\r\n<!-- \/ Yoast SEO Premium plugin. -->","yoast_head_json":{"title":"Prestataire informatique PME : niveau de s\u00e9curit\u00e9 et besoins en mobilit\u00e9 - Prestataire informatique Viroflay en r\u00e9gion parisienne depuis 2003 pour les PME\/PMI","description":"Besoin d'un prestataire informatique pour votre PME ? Apprenez comment identifier vos besoins et d\u00e9finir les r\u00e8gles pour optimiser votre infrastructure informatique.","robots":{"index":"index","follow":"follow","max-snippet":"max-snippet:-1","max-image-preview":"max-image-preview:large","max-video-preview":"max-video-preview:-1"},"canonical":"https:\/\/ayrilys.com\/index.php\/installation\/","og_locale":"fr_FR","og_type":"article","og_title":"Installation","og_description":"Besoin d'un prestataire informatique pour votre PME ? Apprenez comment identifier vos besoins et d\u00e9finir les r\u00e8gles pour optimiser votre infrastructure informatique.","og_url":"https:\/\/ayrilys.com\/index.php\/installation\/","og_site_name":"Prestataire informatique Viroflay en r\u00e9gion parisienne depuis 2003 pour les PME\/PMI","article_publisher":"https:\/\/www.facebook.com\/profile.php?id=61563219240658","article_modified_time":"2024-12-04T11:17:49+00:00","og_image":[{"url":"https:\/\/ayrilys.com\/wp-content\/uploads\/2024\/07\/Illustration-11-1-scaled.jpg","type":"","width":"","height":""}],"twitter_card":"summary_large_image","twitter_site":"@Ayrilys165097","twitter_misc":{"Dur\u00e9e de lecture estim\u00e9e":"2 minutes"},"schema":{"@context":"https:\/\/schema.org","@graph":[{"@type":"WebPage","@id":"https:\/\/ayrilys.com\/index.php\/installation\/","url":"https:\/\/ayrilys.com\/index.php\/installation\/","name":"Prestataire informatique PME : niveau de s\u00e9curit\u00e9 et besoins en mobilit\u00e9 - Prestataire informatique Viroflay en r\u00e9gion parisienne depuis 2003 pour les PME\/PMI","isPartOf":{"@id":"https:\/\/ayrilys.com\/#website"},"primaryImageOfPage":{"@id":"https:\/\/ayrilys.com\/index.php\/installation\/#primaryimage"},"image":{"@id":"https:\/\/ayrilys.com\/index.php\/installation\/#primaryimage"},"thumbnailUrl":"https:\/\/ayrilys.com\/wp-content\/uploads\/2024\/07\/Illustration-11-1-scaled.jpg","datePublished":"2024-07-10T17:16:52+00:00","dateModified":"2024-12-04T11:17:49+00:00","description":"Besoin d'un prestataire informatique pour votre PME ? Apprenez comment identifier vos besoins et d\u00e9finir les r\u00e8gles pour optimiser votre infrastructure informatique.","breadcrumb":{"@id":"https:\/\/ayrilys.com\/index.php\/installation\/#breadcrumb"},"inLanguage":"fr-FR","potentialAction":[{"@type":"ReadAction","target":["https:\/\/ayrilys.com\/index.php\/installation\/"]}]},{"@type":"ImageObject","inLanguage":"fr-FR","@id":"https:\/\/ayrilys.com\/index.php\/installation\/#primaryimage","url":"https:\/\/ayrilys.com\/wp-content\/uploads\/2024\/07\/Illustration-11-1-scaled.jpg","contentUrl":"https:\/\/ayrilys.com\/wp-content\/uploads\/2024\/07\/Illustration-11-1-scaled.jpg","width":2560,"height":1390},{"@type":"BreadcrumbList","@id":"https:\/\/ayrilys.com\/index.php\/installation\/#breadcrumb","itemListElement":[{"@type":"ListItem","position":1,"name":"Accueil","item":"https:\/\/ayrilys.com\/"},{"@type":"ListItem","position":2,"name":"Installation"}]},{"@type":"WebSite","@id":"https:\/\/ayrilys.com\/#website","url":"https:\/\/ayrilys.com\/","name":"Ayrilys prestataire informatique infog\u00e9rance PME TPE MSP depuis 2003 sur Viroflay","description":"Prestataire informatique Viroflay en r\u00e9gion parisienne PME TPE  ile de France depuis plus de 20 ans","publisher":{"@id":"https:\/\/ayrilys.com\/#organization"},"alternateName":"Ayriliys infog\u00e9rance fournisseur de services manag\u00e9s MSP PME TPE Viroflay","potentialAction":[{"@type":"SearchAction","target":{"@type":"EntryPoint","urlTemplate":"https:\/\/ayrilys.com\/?s={search_term_string}"},"query-input":{"@type":"PropertyValueSpecification","valueRequired":true,"valueName":"search_term_string"}}],"inLanguage":"fr-FR"},{"@type":"Organization","@id":"https:\/\/ayrilys.com\/#organization","name":"Ayrilys","url":"https:\/\/ayrilys.com\/","logo":{"@type":"ImageObject","inLanguage":"fr-FR","@id":"https:\/\/ayrilys.com\/#\/schema\/logo\/image\/","url":"https:\/\/ayrilys.com\/wp-content\/uploads\/2024\/07\/Ayrilys-Logo-V1.png","contentUrl":"https:\/\/ayrilys.com\/wp-content\/uploads\/2024\/07\/Ayrilys-Logo-V1.png","width":119,"height":64,"caption":"Ayrilys"},"image":{"@id":"https:\/\/ayrilys.com\/#\/schema\/logo\/image\/"},"sameAs":["https:\/\/www.facebook.com\/profile.php?id=61563219240658","https:\/\/x.com\/Ayrilys165097"],"description":"Prestataire informatique depuis plus de 20 ans pour les PME et TPE","email":"ayrilys@ayrilys.com","telephone":"+33139242197","legalName":"Ayrilys","foundingDate":"2003-01-01","vatID":"FR90449159011","taxID":"44915901100013","numberOfEmployees":{"@type":"QuantitativeValue","minValue":"1","maxValue":"10"}}]}},"jetpack_sharing_enabled":true,"jetpack_likes_enabled":true,"jetpack-related-posts":[],"_links":{"self":[{"href":"https:\/\/ayrilys.com\/index.php\/wp-json\/wp\/v2\/pages\/218","targetHints":{"allow":["GET"]}}],"collection":[{"href":"https:\/\/ayrilys.com\/index.php\/wp-json\/wp\/v2\/pages"}],"about":[{"href":"https:\/\/ayrilys.com\/index.php\/wp-json\/wp\/v2\/types\/page"}],"author":[{"embeddable":true,"href":"https:\/\/ayrilys.com\/index.php\/wp-json\/wp\/v2\/users\/1"}],"replies":[{"embeddable":true,"href":"https:\/\/ayrilys.com\/index.php\/wp-json\/wp\/v2\/comments?post=218"}],"version-history":[{"count":4,"href":"https:\/\/ayrilys.com\/index.php\/wp-json\/wp\/v2\/pages\/218\/revisions"}],"predecessor-version":[{"id":385,"href":"https:\/\/ayrilys.com\/index.php\/wp-json\/wp\/v2\/pages\/218\/revisions\/385"}],"wp:attachment":[{"href":"https:\/\/ayrilys.com\/index.php\/wp-json\/wp\/v2\/media?parent=218"}],"curies":[{"name":"wp","href":"https:\/\/api.w.org\/{rel}","templated":true}]}}