{"id":222,"date":"2024-07-10T19:20:31","date_gmt":"2024-07-10T17:20:31","guid":{"rendered":"http:\/\/192.168.7.45:8000\/?page_id=222"},"modified":"2024-12-04T12:16:09","modified_gmt":"2024-12-04T11:16:09","slug":"hardware","status":"publish","type":"page","link":"https:\/\/ayrilys.com\/index.php\/hardware\/","title":{"rendered":"Hardware"},"content":{"rendered":"\n<p class=\"has-kb-palette-6-color has-text-color has-link-color wp-elements-663235b787c056ed5443f10a900c4db7\"><strong>INSTALLATION DE MAT\u00c9RIELS INFORMATIQUES &amp; T\u00c9L\u00c9COMS<\/strong><\/p>\n\n\n\n<figure class=\"wp-block-image size-large\"><img loading=\"lazy\" decoding=\"async\" width=\"1024\" height=\"556\" src=\"https:\/\/ayrilys.com\/wp-content\/uploads\/2024\/07\/Illustration-10-1024x556.jpg\" alt=\"\" class=\"wp-image-377\" srcset=\"https:\/\/ayrilys.com\/wp-content\/uploads\/2024\/07\/Illustration-10-1024x556.jpg 1024w, https:\/\/ayrilys.com\/wp-content\/uploads\/2024\/07\/Illustration-10-300x163.jpg 300w, https:\/\/ayrilys.com\/wp-content\/uploads\/2024\/07\/Illustration-10-768x417.jpg 768w, https:\/\/ayrilys.com\/wp-content\/uploads\/2024\/07\/Illustration-10-1536x834.jpg 1536w, https:\/\/ayrilys.com\/wp-content\/uploads\/2024\/07\/Illustration-10-2048x1112.jpg 2048w\" sizes=\"auto, (max-width: 1024px) 100vw, 1024px\" \/><\/figure>\n\n\n\n<p>AYRILYS installe tout le mat\u00e9riel n\u00e9cessaire au traitement informatis\u00e9 des flux num\u00e9riques internes et externes de votre entreprise.<\/p>\n\n\n\n<p>\u2425 Baies de stockage, serveurs, ordinateurs PC et Mac<br>\u2425 Portables et smartphones<br>\u2425 P\u00e9riph\u00e9riques : imprimantes, cam\u00e9ras, scanners, traceurs, terminaux de paiements\u2026<br>\u2425 Equipement r\u00e9seau : switch, routeur, modems, borne wifi\u2026<\/p>\n\n\n\n<p class=\"has-kb-palette-6-color has-text-color has-link-color wp-elements-0e26197d42f52f2bf20175c490b40076\"><br>Installer et param\u00e9trer les serveurs et \u00e9quipements r\u00e9seaux<\/p>\n\n\n\n<p>\u2425 Installer et param\u00e9trer tous les serveurs : d\u2019applications, de donn\u00e9es, de messagerie et de t\u00e9l\u00e9phonie<br>\u2425 Mettre en place des solutions serveurs de type \u00ab\u00a0cloud\u00a0\u00bb<br>\u2425 Installer les \u00e9quipements r\u00e9seaux<br>\u2425 Configurer les connections Internet<br>\u2425 Filtrer et s\u00e9curiser les acc\u00e8s Internet<\/p>\n\n\n\n<p class=\"has-kb-palette-6-color has-text-color has-link-color wp-elements-d919608cb791b11143ba9e382ec43514\"><br>Installer et configurer un poste de travail<\/p>\n\n\n\n<p>Mettre en route un poste<\/p>\n\n\n\n<p>\u2425 Branchements,<br>\u2425 Configuration du syst\u00e8me d\u2019exploitation, des acc\u00e8s internet, de la messagerie, des acc\u00e8s aux donn\u00e9es partag\u00e9es et du poste t\u00e9l\u00e9phonique VoIP,<br>\u2425 Installation des logiciels.<\/p>\n\n\n\n<p class=\"has-kb-palette-6-color has-text-color has-link-color wp-elements-38df8a13257e60c058c3de146feddbe0\"><br>Installer les p\u00e9riph\u00e9riques<\/p>\n\n\n\n<p>\u2425 Connecter et configurer un p\u00e9riph\u00e9rique : imprimante, t\u00e9l\u00e9copieur, fax, scanner, terminal de paiement, cam\u00e9ra\u2026<br><\/p>\n\n\n\n<p class=\"has-kb-palette-6-color has-text-color has-link-color wp-elements-5301a316a5cde18550bee9c5cd9d5421\">Sauvegarder et s\u00e9curiser les donn\u00e9es<\/p>\n\n\n\n<p>\u2425 Configurer le pare-feu pour s\u00e9curiser l\u2019acc\u00e8s au syst\u00e8me d\u2019information<br>\u2425 Mettre en place un anti-virus sur les serveurs et les postes de travail<br>\u2425 Organiser vos sauvegardes en interne et en externalis\u00e9<br>\u2425 Pr\u00e9voir un syst\u00e8me de rel\u00e8ve, en cas de sinistre, pour permettre une reprise rapide d\u2019activit\u00e9<br><\/p>\n\n\n\n<p class=\"has-kb-palette-6-color has-text-color has-link-color wp-elements-3029dd4e07b6e6b77b1378661c65759c\">G\u00e9rer les h\u00e9bergements et les noms de domaines<\/p>\n\n\n\n<p>\u2425 AYRILYS s\u2019occupe \u00e9galement de l\u2019h\u00e9bergement et de la gestion de votre nom de domaine : vous avez ainsi un compte personnel avec vos noms de domaines sp\u00e9cifiques<\/p>\n\n\n\n<p class=\"has-kb-palette-6-color has-text-color has-link-color wp-elements-2ba02fa41bafb2ff9f924f79680bc8f6\"><br>D\u00e9m\u00e9nager et r\u00e9installer vos \u00e9quipements informatiques et t\u00e9l\u00e9coms<\/p>\n\n\n\n<p>\u2425 Transf\u00e9rer les acc\u00e8s Internet<br>\u2425 D\u00e9m\u00e9nager et r\u00e9installer les \u00e9quipements r\u00e9seaux, les serveurs, les p\u00e9riph\u00e9riques et es postes de travail<br>Vous voulez acheter du mat\u00e9riel informatique ?<\/p>\n\n\n\n<p>AIRILYS vous conseille et vous accompagner dans vos achats en 5 \u00e9tapes.<\/p>\n\n\n\n<p>Nous analysons ensemble vos besoins<br>Nous s\u00e9lectionnons le mat\u00e9riel le plus adapt\u00e9 en prenant en compte vos demandes<br>Nous installons et param\u00e9trons votre mat\u00e9riel<br>Pour un poste de travail, nous installons l\u2019ensemble des logiciels : bureautique, m\u00e9tier, antivirus, anti spam\u2026<br>Nous vous formons et vous accompagnons dans la prise en main du nouveau mat\u00e9riel<\/p>\n\n\n\n<p>\u2b17 Quel \u00e9quipement choisir ?<br>\u2b17 Avons-nous bien pris en compte tous les crit\u00e8res ?<br>\u2b17 Par qui le faire installer ? Et \u00e0 quel co\u00fbt ?<br>\u2b17 Quel type de garantie dois-je prendre ?<br>\u2b17 Quel est le temps d\u2019indisponibilit\u00e9 acceptable pour mon entreprise ?<\/p>\n","protected":false},"excerpt":{"rendered":"<p>INSTALLATION DE MAT\u00c9RIELS INFORMATIQUES &amp; T\u00c9L\u00c9COMS AYRILYS installe tout le mat\u00e9riel n\u00e9cessaire au traitement informatis\u00e9 des flux num\u00e9riques internes et externes de votre entreprise. \u2425 Baies de stockage, serveurs, ordinateurs PC et Mac\u2425 Portables et smartphones\u2425 P\u00e9riph\u00e9riques : imprimantes, cam\u00e9ras, scanners, traceurs, terminaux de paiements\u2026\u2425 Equipement r\u00e9seau : switch, routeur, modems, borne wifi\u2026 Installer et&#8230;<\/p>\n","protected":false},"author":1,"featured_media":0,"parent":0,"menu_order":0,"comment_status":"closed","ping_status":"closed","template":"","meta":{"_kadence_starter_templates_imported_post":false,"_kad_post_transparent":"","_kad_post_title":"","_kad_post_layout":"","_kad_post_sidebar_id":"","_kad_post_content_style":"","_kad_post_vertical_padding":"","_kad_post_feature":"","_kad_post_feature_position":"","_kad_post_header":false,"_kad_post_footer":false,"_kad_post_classname":"","footnotes":""},"class_list":["post-222","page","type-page","status-publish","hentry"],"yoast_head":"<!-- This site is optimized with the Yoast SEO Premium plugin v25.8 (Yoast SEO v26.0) - https:\/\/yoast.com\/wordpress\/plugins\/seo\/ -->\r\n<title>D\u00e9pannage informatique : Installation et configuration de mat\u00e9riel informatique et t\u00e9l\u00e9coms - Prestataire informatique Viroflay en r\u00e9gion parisienne depuis 2003 pour les PME\/PMI<\/title>\r\n<meta name=\"description\" content=\"Besoin d&#039;un d\u00e9pannage informatique ? AYRILYS s&#039;occupe de l&#039;installation et de la configuration de tous vos mat\u00e9riels et \u00e9quipements informatiques.\" \/>\r\n<meta name=\"robots\" content=\"index, follow, max-snippet:-1, max-image-preview:large, max-video-preview:-1\" \/>\r\n<link rel=\"canonical\" href=\"https:\/\/ayrilys.com\/index.php\/hardware\/\" \/>\r\n<meta property=\"og:locale\" content=\"fr_FR\" \/>\r\n<meta property=\"og:type\" content=\"article\" \/>\r\n<meta property=\"og:title\" content=\"Hardware\" \/>\r\n<meta property=\"og:description\" content=\"Besoin d&#039;un d\u00e9pannage informatique ? AYRILYS s&#039;occupe de l&#039;installation et de la configuration de tous vos mat\u00e9riels et \u00e9quipements informatiques.\" \/>\r\n<meta property=\"og:url\" content=\"https:\/\/ayrilys.com\/index.php\/hardware\/\" \/>\r\n<meta property=\"og:site_name\" content=\"Prestataire informatique Viroflay en r\u00e9gion parisienne depuis 2003 pour les PME\/PMI\" \/>\r\n<meta property=\"article:publisher\" content=\"https:\/\/www.facebook.com\/profile.php?id=61563219240658\" \/>\r\n<meta property=\"article:modified_time\" content=\"2024-12-04T11:16:09+00:00\" \/>\r\n<meta property=\"og:image\" content=\"https:\/\/ayrilys.com\/wp-content\/uploads\/2024\/07\/Illustration-10-1024x556.jpg\" \/>\r\n<meta name=\"twitter:card\" content=\"summary_large_image\" \/>\r\n<meta name=\"twitter:site\" content=\"@Ayrilys165097\" \/>\r\n<meta name=\"twitter:label1\" content=\"Dur\u00e9e de lecture estim\u00e9e\" \/>\n\t<meta name=\"twitter:data1\" content=\"3 minutes\" \/>\r\n<script type=\"application\/ld+json\" class=\"yoast-schema-graph\">{\"@context\":\"https:\/\/schema.org\",\"@graph\":[{\"@type\":\"WebPage\",\"@id\":\"https:\/\/ayrilys.com\/index.php\/hardware\/\",\"url\":\"https:\/\/ayrilys.com\/index.php\/hardware\/\",\"name\":\"D\u00e9pannage informatique : Installation et configuration de mat\u00e9riel informatique et t\u00e9l\u00e9coms - Prestataire informatique Viroflay en r\u00e9gion parisienne depuis 2003 pour les PME\/PMI\",\"isPartOf\":{\"@id\":\"https:\/\/ayrilys.com\/#website\"},\"primaryImageOfPage\":{\"@id\":\"https:\/\/ayrilys.com\/index.php\/hardware\/#primaryimage\"},\"image\":{\"@id\":\"https:\/\/ayrilys.com\/index.php\/hardware\/#primaryimage\"},\"thumbnailUrl\":\"https:\/\/ayrilys.com\/wp-content\/uploads\/2024\/07\/Illustration-10-1024x556.jpg\",\"datePublished\":\"2024-07-10T17:20:31+00:00\",\"dateModified\":\"2024-12-04T11:16:09+00:00\",\"description\":\"Besoin d'un d\u00e9pannage informatique ? AYRILYS s'occupe de l'installation et de la configuration de tous vos mat\u00e9riels et \u00e9quipements informatiques.\",\"breadcrumb\":{\"@id\":\"https:\/\/ayrilys.com\/index.php\/hardware\/#breadcrumb\"},\"inLanguage\":\"fr-FR\",\"potentialAction\":[{\"@type\":\"ReadAction\",\"target\":[\"https:\/\/ayrilys.com\/index.php\/hardware\/\"]}]},{\"@type\":\"ImageObject\",\"inLanguage\":\"fr-FR\",\"@id\":\"https:\/\/ayrilys.com\/index.php\/hardware\/#primaryimage\",\"url\":\"https:\/\/ayrilys.com\/wp-content\/uploads\/2024\/07\/Illustration-10-scaled.jpg\",\"contentUrl\":\"https:\/\/ayrilys.com\/wp-content\/uploads\/2024\/07\/Illustration-10-scaled.jpg\",\"width\":2560,\"height\":1390},{\"@type\":\"BreadcrumbList\",\"@id\":\"https:\/\/ayrilys.com\/index.php\/hardware\/#breadcrumb\",\"itemListElement\":[{\"@type\":\"ListItem\",\"position\":1,\"name\":\"Accueil\",\"item\":\"https:\/\/ayrilys.com\/\"},{\"@type\":\"ListItem\",\"position\":2,\"name\":\"Hardware\"}]},{\"@type\":\"WebSite\",\"@id\":\"https:\/\/ayrilys.com\/#website\",\"url\":\"https:\/\/ayrilys.com\/\",\"name\":\"Ayrilys prestataire informatique infog\u00e9rance PME TPE MSP depuis 2003 sur Viroflay\",\"description\":\"Prestataire informatique Viroflay en r\u00e9gion parisienne PME TPE  ile de France depuis plus de 20 ans\",\"publisher\":{\"@id\":\"https:\/\/ayrilys.com\/#organization\"},\"alternateName\":\"Ayriliys infog\u00e9rance fournisseur de services manag\u00e9s MSP PME TPE Viroflay\",\"potentialAction\":[{\"@type\":\"SearchAction\",\"target\":{\"@type\":\"EntryPoint\",\"urlTemplate\":\"https:\/\/ayrilys.com\/?s={search_term_string}\"},\"query-input\":{\"@type\":\"PropertyValueSpecification\",\"valueRequired\":true,\"valueName\":\"search_term_string\"}}],\"inLanguage\":\"fr-FR\"},{\"@type\":\"Organization\",\"@id\":\"https:\/\/ayrilys.com\/#organization\",\"name\":\"Ayrilys\",\"url\":\"https:\/\/ayrilys.com\/\",\"logo\":{\"@type\":\"ImageObject\",\"inLanguage\":\"fr-FR\",\"@id\":\"https:\/\/ayrilys.com\/#\/schema\/logo\/image\/\",\"url\":\"https:\/\/ayrilys.com\/wp-content\/uploads\/2024\/07\/Ayrilys-Logo-V1.png\",\"contentUrl\":\"https:\/\/ayrilys.com\/wp-content\/uploads\/2024\/07\/Ayrilys-Logo-V1.png\",\"width\":119,\"height\":64,\"caption\":\"Ayrilys\"},\"image\":{\"@id\":\"https:\/\/ayrilys.com\/#\/schema\/logo\/image\/\"},\"sameAs\":[\"https:\/\/www.facebook.com\/profile.php?id=61563219240658\",\"https:\/\/x.com\/Ayrilys165097\"],\"description\":\"Prestataire informatique depuis plus de 20 ans pour les PME et TPE\",\"email\":\"ayrilys@ayrilys.com\",\"telephone\":\"+33139242197\",\"legalName\":\"Ayrilys\",\"foundingDate\":\"2003-01-01\",\"vatID\":\"FR90449159011\",\"taxID\":\"44915901100013\",\"numberOfEmployees\":{\"@type\":\"QuantitativeValue\",\"minValue\":\"1\",\"maxValue\":\"10\"}}]}<\/script>\r\n<!-- \/ Yoast SEO Premium plugin. -->","yoast_head_json":{"title":"D\u00e9pannage informatique : Installation et configuration de mat\u00e9riel informatique et t\u00e9l\u00e9coms - Prestataire informatique Viroflay en r\u00e9gion parisienne depuis 2003 pour les PME\/PMI","description":"Besoin d'un d\u00e9pannage informatique ? AYRILYS s'occupe de l'installation et de la configuration de tous vos mat\u00e9riels et \u00e9quipements informatiques.","robots":{"index":"index","follow":"follow","max-snippet":"max-snippet:-1","max-image-preview":"max-image-preview:large","max-video-preview":"max-video-preview:-1"},"canonical":"https:\/\/ayrilys.com\/index.php\/hardware\/","og_locale":"fr_FR","og_type":"article","og_title":"Hardware","og_description":"Besoin d'un d\u00e9pannage informatique ? AYRILYS s'occupe de l'installation et de la configuration de tous vos mat\u00e9riels et \u00e9quipements informatiques.","og_url":"https:\/\/ayrilys.com\/index.php\/hardware\/","og_site_name":"Prestataire informatique Viroflay en r\u00e9gion parisienne depuis 2003 pour les PME\/PMI","article_publisher":"https:\/\/www.facebook.com\/profile.php?id=61563219240658","article_modified_time":"2024-12-04T11:16:09+00:00","og_image":[{"url":"https:\/\/ayrilys.com\/wp-content\/uploads\/2024\/07\/Illustration-10-1024x556.jpg","type":"","width":"","height":""}],"twitter_card":"summary_large_image","twitter_site":"@Ayrilys165097","twitter_misc":{"Dur\u00e9e de lecture estim\u00e9e":"3 minutes"},"schema":{"@context":"https:\/\/schema.org","@graph":[{"@type":"WebPage","@id":"https:\/\/ayrilys.com\/index.php\/hardware\/","url":"https:\/\/ayrilys.com\/index.php\/hardware\/","name":"D\u00e9pannage informatique : Installation et configuration de mat\u00e9riel informatique et t\u00e9l\u00e9coms - Prestataire informatique Viroflay en r\u00e9gion parisienne depuis 2003 pour les PME\/PMI","isPartOf":{"@id":"https:\/\/ayrilys.com\/#website"},"primaryImageOfPage":{"@id":"https:\/\/ayrilys.com\/index.php\/hardware\/#primaryimage"},"image":{"@id":"https:\/\/ayrilys.com\/index.php\/hardware\/#primaryimage"},"thumbnailUrl":"https:\/\/ayrilys.com\/wp-content\/uploads\/2024\/07\/Illustration-10-1024x556.jpg","datePublished":"2024-07-10T17:20:31+00:00","dateModified":"2024-12-04T11:16:09+00:00","description":"Besoin d'un d\u00e9pannage informatique ? AYRILYS s'occupe de l'installation et de la configuration de tous vos mat\u00e9riels et \u00e9quipements informatiques.","breadcrumb":{"@id":"https:\/\/ayrilys.com\/index.php\/hardware\/#breadcrumb"},"inLanguage":"fr-FR","potentialAction":[{"@type":"ReadAction","target":["https:\/\/ayrilys.com\/index.php\/hardware\/"]}]},{"@type":"ImageObject","inLanguage":"fr-FR","@id":"https:\/\/ayrilys.com\/index.php\/hardware\/#primaryimage","url":"https:\/\/ayrilys.com\/wp-content\/uploads\/2024\/07\/Illustration-10-scaled.jpg","contentUrl":"https:\/\/ayrilys.com\/wp-content\/uploads\/2024\/07\/Illustration-10-scaled.jpg","width":2560,"height":1390},{"@type":"BreadcrumbList","@id":"https:\/\/ayrilys.com\/index.php\/hardware\/#breadcrumb","itemListElement":[{"@type":"ListItem","position":1,"name":"Accueil","item":"https:\/\/ayrilys.com\/"},{"@type":"ListItem","position":2,"name":"Hardware"}]},{"@type":"WebSite","@id":"https:\/\/ayrilys.com\/#website","url":"https:\/\/ayrilys.com\/","name":"Ayrilys prestataire informatique infog\u00e9rance PME TPE MSP depuis 2003 sur Viroflay","description":"Prestataire informatique Viroflay en r\u00e9gion parisienne PME TPE  ile de France depuis plus de 20 ans","publisher":{"@id":"https:\/\/ayrilys.com\/#organization"},"alternateName":"Ayriliys infog\u00e9rance fournisseur de services manag\u00e9s MSP PME TPE Viroflay","potentialAction":[{"@type":"SearchAction","target":{"@type":"EntryPoint","urlTemplate":"https:\/\/ayrilys.com\/?s={search_term_string}"},"query-input":{"@type":"PropertyValueSpecification","valueRequired":true,"valueName":"search_term_string"}}],"inLanguage":"fr-FR"},{"@type":"Organization","@id":"https:\/\/ayrilys.com\/#organization","name":"Ayrilys","url":"https:\/\/ayrilys.com\/","logo":{"@type":"ImageObject","inLanguage":"fr-FR","@id":"https:\/\/ayrilys.com\/#\/schema\/logo\/image\/","url":"https:\/\/ayrilys.com\/wp-content\/uploads\/2024\/07\/Ayrilys-Logo-V1.png","contentUrl":"https:\/\/ayrilys.com\/wp-content\/uploads\/2024\/07\/Ayrilys-Logo-V1.png","width":119,"height":64,"caption":"Ayrilys"},"image":{"@id":"https:\/\/ayrilys.com\/#\/schema\/logo\/image\/"},"sameAs":["https:\/\/www.facebook.com\/profile.php?id=61563219240658","https:\/\/x.com\/Ayrilys165097"],"description":"Prestataire informatique depuis plus de 20 ans pour les PME et TPE","email":"ayrilys@ayrilys.com","telephone":"+33139242197","legalName":"Ayrilys","foundingDate":"2003-01-01","vatID":"FR90449159011","taxID":"44915901100013","numberOfEmployees":{"@type":"QuantitativeValue","minValue":"1","maxValue":"10"}}]}},"jetpack_sharing_enabled":true,"jetpack_likes_enabled":true,"jetpack-related-posts":[],"_links":{"self":[{"href":"https:\/\/ayrilys.com\/index.php\/wp-json\/wp\/v2\/pages\/222","targetHints":{"allow":["GET"]}}],"collection":[{"href":"https:\/\/ayrilys.com\/index.php\/wp-json\/wp\/v2\/pages"}],"about":[{"href":"https:\/\/ayrilys.com\/index.php\/wp-json\/wp\/v2\/types\/page"}],"author":[{"embeddable":true,"href":"https:\/\/ayrilys.com\/index.php\/wp-json\/wp\/v2\/users\/1"}],"replies":[{"embeddable":true,"href":"https:\/\/ayrilys.com\/index.php\/wp-json\/wp\/v2\/comments?post=222"}],"version-history":[{"count":3,"href":"https:\/\/ayrilys.com\/index.php\/wp-json\/wp\/v2\/pages\/222\/revisions"}],"predecessor-version":[{"id":386,"href":"https:\/\/ayrilys.com\/index.php\/wp-json\/wp\/v2\/pages\/222\/revisions\/386"}],"wp:attachment":[{"href":"https:\/\/ayrilys.com\/index.php\/wp-json\/wp\/v2\/media?parent=222"}],"curies":[{"name":"wp","href":"https:\/\/api.w.org\/{rel}","templated":true}]}}