{"id":229,"date":"2024-07-10T19:27:43","date_gmt":"2024-07-10T17:27:43","guid":{"rendered":"http:\/\/192.168.7.45:8000\/?page_id=229"},"modified":"2024-12-04T12:21:34","modified_gmt":"2024-12-04T11:21:34","slug":"maintenance","status":"publish","type":"page","link":"https:\/\/ayrilys.com\/index.php\/maintenance\/","title":{"rendered":"Maintenance"},"content":{"rendered":"\n<p class=\"has-kb-palette-6-color has-text-color has-link-color wp-elements-d369a1a2397a948799977ed1097d42df\">ASSISTANCE ET MAINTENANCE SYSTEME, RESEAU et TELECOM (SRT)<\/p>\n\n\n\n<figure class=\"wp-block-image size-full is-resized\"><img loading=\"lazy\" decoding=\"async\" width=\"1181\" height=\"1723\" src=\"https:\/\/ayrilys.com\/wp-content\/uploads\/2024\/07\/illustration-5.jpg\" alt=\"\" class=\"wp-image-13\" style=\"width:500px\"\/><\/figure>\n\n\n\n<p>AYRILYS se positionne comme un g\u00e9n\u00e9raliste de la maintenance et de l\u2019assistance Syst\u00e8mes, R\u00e9seaux et T\u00e9l\u00e9coms. A ce titre, il g\u00e8re donc une multiplicit\u00e9 de services.<\/p>\n\n\n\n<p class=\"has-kb-palette-6-color has-text-color has-link-color wp-elements-c1271d9ab087d12c41a5ac0e280539ce\">V\u00e9rifier et nettoyer des serveurs<\/p>\n\n\n\n<p>Windows, Linux, Mac et serveurs t\u00e9l\u00e9coms PABX<\/p>\n\n\n\n<p>Les serveurs permettent de partager et sauvegarder vos donn\u00e9es, de s\u00e9curiser vos acc\u00e8s et de ma\u00eetriser vos co\u00fbts de stockage.<\/p>\n\n\n\n<p>\u2425 V\u00e9rifier les t\u00e2ches d\u2019administration<br>\u2425 Nettoyer et mettre \u00e0 jour les syst\u00e8mes d\u2019exploitation<br>\u2425 Pr\u00e9venir les pannes : 1 fois par semaine, analyser l\u2019\u00e9tat du serveur et surveiller le mat\u00e9riel afin de r\u00e9soudre des probl\u00e8mes qui pourraient survenir<br><\/p>\n\n\n\n<p class=\"has-kb-palette-6-color has-text-color has-link-color wp-elements-86cebd838c536f2b2776a930a503bae2\">G\u00e9rer la messagerie<\/p>\n\n\n\n<p>\u2425 Cr\u00e9er, archiver et supprimer les bo\u00eetes aux lettres<br>\u2425 Mettre en place des groupes de distribution<br>\u2425 Param\u00e9trer Outlook, Smartphone et autres clients de messagerie<br>\u2425 Filtrer et g\u00e9rer les spams\u2026<br><\/p>\n\n\n\n<p class=\"has-kb-palette-6-color has-text-color has-link-color wp-elements-cd2f95deda0f39bba35e69836f95364c\">Piloter les applicatifs m\u00e9tiers et comptables, serveur et postes utilisateurs<\/p>\n\n\n\n<p>\u2425 Suivre le bon fonctionnement des applicatifs sur le serveur<br>\u2425 Configurer les nouveaux postes avec les applicatifs existants<br>\u2425 Mettre \u00e0 jour des applicatifs sur les deux types d\u2019\u00e9quipement<br>\u2425 Supprimer les bugs en relation avec les \u00e9diteurs de logiciels<br><\/p>\n\n\n\n<p class=\"has-kb-palette-6-color has-text-color has-link-color wp-elements-03bbc2da69bdedc5e6c5adcf77a9cfdc\">Assurer la maintenance des postes de travail<\/p>\n\n\n\n<p>Windows et Mac<\/p>\n\n\n\n<p>\u2425 Nettoyer les postes une fois par mois ou par trimestre selon l\u2019utilisation<br>\u2425 Mettre \u00e0 jour les diff\u00e9rents logiciels<br>\u2425 D\u00e9sinfecter les postes<br>\u2425 R\u00e9parer les postes<br>\u2425 Modifier les configurations<br><\/p>\n\n\n\n<p class=\"has-kb-palette-6-color has-text-color has-link-color wp-elements-a53697690a5f667a17c174187ca3588d\">G\u00e9rer et d\u00e9panner vos t\u00e9l\u00e9phones<\/p>\n\n\n\n<p>\u2425 Cr\u00e9er et supprimer les postes de t\u00e9l\u00e9phones utilisateurs<br>\u2425 Assurer la gestion des flux t\u00e9l\u00e9phoniques : renvois, messages d\u2019attente et d\u2019absence<br>\u2425 Entretenir les postes et serveurs t\u00e9l\u00e9phoniques<br>\u2425 G\u00e9rer des messages d\u2019attente lors de l\u2019appel et messages d\u2019information sur l\u2019entreprise en cas d\u2019absence\u2026<br><\/p>\n\n\n\n<p class=\"has-kb-palette-6-color has-text-color has-link-color wp-elements-f166c5812d42d20fc3870763acf383e3\">Entretenir les p\u00e9riph\u00e9riques<\/p>\n\n\n\n<p>\u2425 Petites imprimantes : maintenance totale<br>\u2425 Copieurs et autres p\u00e9riph\u00e9riques : interface entre le client et le constructeur ou le distributeur<br>\u2425 Equipements r\u00e9seaux (firewall et switch) : anticiper la saturation<br>\u2425 Firmware : mise \u00e0 jour<br>AYRILYS assure la gestion et le traitement des demandes clients. Il g\u00e8re le contact avec le prestataire, assure le suivi d\u2019intervention et, si n\u00e9cessaire, valide le travail effectu\u00e9.<\/p>\n\n\n\n<p class=\"has-kb-palette-6-color has-text-color has-link-color wp-elements-5cd6be277bcb35b5b804f891ea1671e4\">G\u00e9rer les domaines<\/p>\n\n\n\n<p>\u2425 Cr\u00e9er et modifier les enregistrements de domaines : cr\u00e9ation d\u2019une adresse extranet, changement de l\u2019adresse du site Web\u2026<br>\u2425 Migrer les domaines vers un autre h\u00e9bergeur<\/p>\n\n\n\n<p>\u2b17 Quel \u00e9quipement choisir ?<br>\u2b17 Avons-nous bien pris en compte tous les crit\u00e8res ?<br>\u2b17 Par qui le faire installer ? Et \u00e0 quel co\u00fbt ?<br>\u2b17 Quel type de garantie dois-je prendre ?<br>\u2b17 Quel est le temps d\u2019indisponibilit\u00e9 acceptable pour mon entreprise ?<\/p>\n","protected":false},"excerpt":{"rendered":"<p>ASSISTANCE ET MAINTENANCE SYSTEME, RESEAU et TELECOM (SRT) AYRILYS se positionne comme un g\u00e9n\u00e9raliste de la maintenance et de l\u2019assistance Syst\u00e8mes, R\u00e9seaux et T\u00e9l\u00e9coms. A ce titre, il g\u00e8re donc une multiplicit\u00e9 de services. V\u00e9rifier et nettoyer des serveurs Windows, Linux, Mac et serveurs t\u00e9l\u00e9coms PABX Les serveurs permettent de partager et sauvegarder vos donn\u00e9es,&#8230;<\/p>\n","protected":false},"author":1,"featured_media":0,"parent":0,"menu_order":0,"comment_status":"closed","ping_status":"closed","template":"","meta":{"_kadence_starter_templates_imported_post":false,"_kad_post_transparent":"","_kad_post_title":"","_kad_post_layout":"","_kad_post_sidebar_id":"","_kad_post_content_style":"","_kad_post_vertical_padding":"","_kad_post_feature":"","_kad_post_feature_position":"","_kad_post_header":false,"_kad_post_footer":false,"_kad_post_classname":"","footnotes":""},"class_list":["post-229","page","type-page","status-publish","hentry"],"yoast_head":"<!-- This site is optimized with the Yoast SEO Premium plugin v25.8 (Yoast SEO v26.0) - https:\/\/yoast.com\/wordpress\/plugins\/seo\/ -->\r\n<title>Support informatique PME : Assistance et maintenance syst\u00e8mes, r\u00e9seaux et t\u00e9l\u00e9coms<\/title>\r\n<meta name=\"description\" content=\"D\u00e9couvrez les avantages du support informatique pour les PME. Assistance et maintenance pour les syst\u00e8mes, r\u00e9seaux et t\u00e9l\u00e9coms avec AYRILYS.\" \/>\r\n<meta name=\"robots\" content=\"index, follow, max-snippet:-1, max-image-preview:large, max-video-preview:-1\" \/>\r\n<link rel=\"canonical\" href=\"https:\/\/ayrilys.com\/index.php\/maintenance\/\" \/>\r\n<meta property=\"og:locale\" content=\"fr_FR\" \/>\r\n<meta property=\"og:type\" content=\"article\" \/>\r\n<meta property=\"og:title\" content=\"Maintenance\" \/>\r\n<meta property=\"og:description\" content=\"D\u00e9couvrez les avantages du support informatique pour les PME. Assistance et maintenance pour les syst\u00e8mes, r\u00e9seaux et t\u00e9l\u00e9coms avec AYRILYS.\" \/>\r\n<meta property=\"og:url\" content=\"https:\/\/ayrilys.com\/index.php\/maintenance\/\" \/>\r\n<meta property=\"og:site_name\" content=\"Prestataire informatique Viroflay en r\u00e9gion parisienne depuis 2003 pour les PME\/PMI\" \/>\r\n<meta property=\"article:publisher\" content=\"https:\/\/www.facebook.com\/profile.php?id=61563219240658\" \/>\r\n<meta property=\"article:modified_time\" content=\"2024-12-04T11:21:34+00:00\" \/>\r\n<meta property=\"og:image\" content=\"https:\/\/ayrilys.com\/wp-content\/uploads\/2024\/07\/illustration-5.jpg\" \/>\r\n<meta name=\"twitter:card\" content=\"summary_large_image\" \/>\r\n<meta name=\"twitter:site\" content=\"@Ayrilys165097\" \/>\r\n<meta name=\"twitter:label1\" content=\"Dur\u00e9e de lecture estim\u00e9e\" \/>\n\t<meta name=\"twitter:data1\" content=\"3 minutes\" \/>\r\n<script type=\"application\/ld+json\" class=\"yoast-schema-graph\">{\"@context\":\"https:\/\/schema.org\",\"@graph\":[{\"@type\":\"WebPage\",\"@id\":\"https:\/\/ayrilys.com\/index.php\/maintenance\/\",\"url\":\"https:\/\/ayrilys.com\/index.php\/maintenance\/\",\"name\":\"Support informatique PME : Assistance et maintenance syst\u00e8mes, r\u00e9seaux et t\u00e9l\u00e9coms\",\"isPartOf\":{\"@id\":\"https:\/\/ayrilys.com\/#website\"},\"primaryImageOfPage\":{\"@id\":\"https:\/\/ayrilys.com\/index.php\/maintenance\/#primaryimage\"},\"image\":{\"@id\":\"https:\/\/ayrilys.com\/index.php\/maintenance\/#primaryimage\"},\"thumbnailUrl\":\"https:\/\/ayrilys.com\/wp-content\/uploads\/2024\/07\/illustration-5.jpg\",\"datePublished\":\"2024-07-10T17:27:43+00:00\",\"dateModified\":\"2024-12-04T11:21:34+00:00\",\"description\":\"D\u00e9couvrez les avantages du support informatique pour les PME. Assistance et maintenance pour les syst\u00e8mes, r\u00e9seaux et t\u00e9l\u00e9coms avec AYRILYS.\",\"breadcrumb\":{\"@id\":\"https:\/\/ayrilys.com\/index.php\/maintenance\/#breadcrumb\"},\"inLanguage\":\"fr-FR\",\"potentialAction\":[{\"@type\":\"ReadAction\",\"target\":[\"https:\/\/ayrilys.com\/index.php\/maintenance\/\"]}]},{\"@type\":\"ImageObject\",\"inLanguage\":\"fr-FR\",\"@id\":\"https:\/\/ayrilys.com\/index.php\/maintenance\/#primaryimage\",\"url\":\"https:\/\/ayrilys.com\/wp-content\/uploads\/2024\/07\/illustration-5.jpg\",\"contentUrl\":\"https:\/\/ayrilys.com\/wp-content\/uploads\/2024\/07\/illustration-5.jpg\",\"width\":1181,\"height\":1723},{\"@type\":\"BreadcrumbList\",\"@id\":\"https:\/\/ayrilys.com\/index.php\/maintenance\/#breadcrumb\",\"itemListElement\":[{\"@type\":\"ListItem\",\"position\":1,\"name\":\"Accueil\",\"item\":\"https:\/\/ayrilys.com\/\"},{\"@type\":\"ListItem\",\"position\":2,\"name\":\"Maintenance\"}]},{\"@type\":\"WebSite\",\"@id\":\"https:\/\/ayrilys.com\/#website\",\"url\":\"https:\/\/ayrilys.com\/\",\"name\":\"Ayrilys prestataire informatique infog\u00e9rance PME TPE MSP depuis 2003 sur Viroflay\",\"description\":\"Prestataire informatique Viroflay en r\u00e9gion parisienne PME TPE  ile de France depuis plus de 20 ans\",\"publisher\":{\"@id\":\"https:\/\/ayrilys.com\/#organization\"},\"alternateName\":\"Ayriliys infog\u00e9rance fournisseur de services manag\u00e9s MSP PME TPE Viroflay\",\"potentialAction\":[{\"@type\":\"SearchAction\",\"target\":{\"@type\":\"EntryPoint\",\"urlTemplate\":\"https:\/\/ayrilys.com\/?s={search_term_string}\"},\"query-input\":{\"@type\":\"PropertyValueSpecification\",\"valueRequired\":true,\"valueName\":\"search_term_string\"}}],\"inLanguage\":\"fr-FR\"},{\"@type\":\"Organization\",\"@id\":\"https:\/\/ayrilys.com\/#organization\",\"name\":\"Ayrilys\",\"url\":\"https:\/\/ayrilys.com\/\",\"logo\":{\"@type\":\"ImageObject\",\"inLanguage\":\"fr-FR\",\"@id\":\"https:\/\/ayrilys.com\/#\/schema\/logo\/image\/\",\"url\":\"https:\/\/ayrilys.com\/wp-content\/uploads\/2024\/07\/Ayrilys-Logo-V1.png\",\"contentUrl\":\"https:\/\/ayrilys.com\/wp-content\/uploads\/2024\/07\/Ayrilys-Logo-V1.png\",\"width\":119,\"height\":64,\"caption\":\"Ayrilys\"},\"image\":{\"@id\":\"https:\/\/ayrilys.com\/#\/schema\/logo\/image\/\"},\"sameAs\":[\"https:\/\/www.facebook.com\/profile.php?id=61563219240658\",\"https:\/\/x.com\/Ayrilys165097\"],\"description\":\"Prestataire informatique depuis plus de 20 ans pour les PME et TPE\",\"email\":\"ayrilys@ayrilys.com\",\"telephone\":\"+33139242197\",\"legalName\":\"Ayrilys\",\"foundingDate\":\"2003-01-01\",\"vatID\":\"FR90449159011\",\"taxID\":\"44915901100013\",\"numberOfEmployees\":{\"@type\":\"QuantitativeValue\",\"minValue\":\"1\",\"maxValue\":\"10\"}}]}<\/script>\r\n<!-- \/ Yoast SEO Premium plugin. -->","yoast_head_json":{"title":"Support informatique PME : Assistance et maintenance syst\u00e8mes, r\u00e9seaux et t\u00e9l\u00e9coms","description":"D\u00e9couvrez les avantages du support informatique pour les PME. Assistance et maintenance pour les syst\u00e8mes, r\u00e9seaux et t\u00e9l\u00e9coms avec AYRILYS.","robots":{"index":"index","follow":"follow","max-snippet":"max-snippet:-1","max-image-preview":"max-image-preview:large","max-video-preview":"max-video-preview:-1"},"canonical":"https:\/\/ayrilys.com\/index.php\/maintenance\/","og_locale":"fr_FR","og_type":"article","og_title":"Maintenance","og_description":"D\u00e9couvrez les avantages du support informatique pour les PME. Assistance et maintenance pour les syst\u00e8mes, r\u00e9seaux et t\u00e9l\u00e9coms avec AYRILYS.","og_url":"https:\/\/ayrilys.com\/index.php\/maintenance\/","og_site_name":"Prestataire informatique Viroflay en r\u00e9gion parisienne depuis 2003 pour les PME\/PMI","article_publisher":"https:\/\/www.facebook.com\/profile.php?id=61563219240658","article_modified_time":"2024-12-04T11:21:34+00:00","og_image":[{"url":"https:\/\/ayrilys.com\/wp-content\/uploads\/2024\/07\/illustration-5.jpg","type":"","width":"","height":""}],"twitter_card":"summary_large_image","twitter_site":"@Ayrilys165097","twitter_misc":{"Dur\u00e9e de lecture estim\u00e9e":"3 minutes"},"schema":{"@context":"https:\/\/schema.org","@graph":[{"@type":"WebPage","@id":"https:\/\/ayrilys.com\/index.php\/maintenance\/","url":"https:\/\/ayrilys.com\/index.php\/maintenance\/","name":"Support informatique PME : Assistance et maintenance syst\u00e8mes, r\u00e9seaux et t\u00e9l\u00e9coms","isPartOf":{"@id":"https:\/\/ayrilys.com\/#website"},"primaryImageOfPage":{"@id":"https:\/\/ayrilys.com\/index.php\/maintenance\/#primaryimage"},"image":{"@id":"https:\/\/ayrilys.com\/index.php\/maintenance\/#primaryimage"},"thumbnailUrl":"https:\/\/ayrilys.com\/wp-content\/uploads\/2024\/07\/illustration-5.jpg","datePublished":"2024-07-10T17:27:43+00:00","dateModified":"2024-12-04T11:21:34+00:00","description":"D\u00e9couvrez les avantages du support informatique pour les PME. Assistance et maintenance pour les syst\u00e8mes, r\u00e9seaux et t\u00e9l\u00e9coms avec AYRILYS.","breadcrumb":{"@id":"https:\/\/ayrilys.com\/index.php\/maintenance\/#breadcrumb"},"inLanguage":"fr-FR","potentialAction":[{"@type":"ReadAction","target":["https:\/\/ayrilys.com\/index.php\/maintenance\/"]}]},{"@type":"ImageObject","inLanguage":"fr-FR","@id":"https:\/\/ayrilys.com\/index.php\/maintenance\/#primaryimage","url":"https:\/\/ayrilys.com\/wp-content\/uploads\/2024\/07\/illustration-5.jpg","contentUrl":"https:\/\/ayrilys.com\/wp-content\/uploads\/2024\/07\/illustration-5.jpg","width":1181,"height":1723},{"@type":"BreadcrumbList","@id":"https:\/\/ayrilys.com\/index.php\/maintenance\/#breadcrumb","itemListElement":[{"@type":"ListItem","position":1,"name":"Accueil","item":"https:\/\/ayrilys.com\/"},{"@type":"ListItem","position":2,"name":"Maintenance"}]},{"@type":"WebSite","@id":"https:\/\/ayrilys.com\/#website","url":"https:\/\/ayrilys.com\/","name":"Ayrilys prestataire informatique infog\u00e9rance PME TPE MSP depuis 2003 sur Viroflay","description":"Prestataire informatique Viroflay en r\u00e9gion parisienne PME TPE  ile de France depuis plus de 20 ans","publisher":{"@id":"https:\/\/ayrilys.com\/#organization"},"alternateName":"Ayriliys infog\u00e9rance fournisseur de services manag\u00e9s MSP PME TPE Viroflay","potentialAction":[{"@type":"SearchAction","target":{"@type":"EntryPoint","urlTemplate":"https:\/\/ayrilys.com\/?s={search_term_string}"},"query-input":{"@type":"PropertyValueSpecification","valueRequired":true,"valueName":"search_term_string"}}],"inLanguage":"fr-FR"},{"@type":"Organization","@id":"https:\/\/ayrilys.com\/#organization","name":"Ayrilys","url":"https:\/\/ayrilys.com\/","logo":{"@type":"ImageObject","inLanguage":"fr-FR","@id":"https:\/\/ayrilys.com\/#\/schema\/logo\/image\/","url":"https:\/\/ayrilys.com\/wp-content\/uploads\/2024\/07\/Ayrilys-Logo-V1.png","contentUrl":"https:\/\/ayrilys.com\/wp-content\/uploads\/2024\/07\/Ayrilys-Logo-V1.png","width":119,"height":64,"caption":"Ayrilys"},"image":{"@id":"https:\/\/ayrilys.com\/#\/schema\/logo\/image\/"},"sameAs":["https:\/\/www.facebook.com\/profile.php?id=61563219240658","https:\/\/x.com\/Ayrilys165097"],"description":"Prestataire informatique depuis plus de 20 ans pour les PME et TPE","email":"ayrilys@ayrilys.com","telephone":"+33139242197","legalName":"Ayrilys","foundingDate":"2003-01-01","vatID":"FR90449159011","taxID":"44915901100013","numberOfEmployees":{"@type":"QuantitativeValue","minValue":"1","maxValue":"10"}}]}},"jetpack_sharing_enabled":true,"jetpack_likes_enabled":true,"jetpack-related-posts":[],"_links":{"self":[{"href":"https:\/\/ayrilys.com\/index.php\/wp-json\/wp\/v2\/pages\/229","targetHints":{"allow":["GET"]}}],"collection":[{"href":"https:\/\/ayrilys.com\/index.php\/wp-json\/wp\/v2\/pages"}],"about":[{"href":"https:\/\/ayrilys.com\/index.php\/wp-json\/wp\/v2\/types\/page"}],"author":[{"embeddable":true,"href":"https:\/\/ayrilys.com\/index.php\/wp-json\/wp\/v2\/users\/1"}],"replies":[{"embeddable":true,"href":"https:\/\/ayrilys.com\/index.php\/wp-json\/wp\/v2\/comments?post=229"}],"version-history":[{"count":4,"href":"https:\/\/ayrilys.com\/index.php\/wp-json\/wp\/v2\/pages\/229\/revisions"}],"predecessor-version":[{"id":933,"href":"https:\/\/ayrilys.com\/index.php\/wp-json\/wp\/v2\/pages\/229\/revisions\/933"}],"wp:attachment":[{"href":"https:\/\/ayrilys.com\/index.php\/wp-json\/wp\/v2\/media?parent=229"}],"curies":[{"name":"wp","href":"https:\/\/api.w.org\/{rel}","templated":true}]}}