{"id":233,"date":"2024-07-10T19:31:12","date_gmt":"2024-07-10T17:31:12","guid":{"rendered":"http:\/\/192.168.7.45:8000\/?page_id=233"},"modified":"2024-12-05T19:35:13","modified_gmt":"2024-12-05T18:35:13","slug":"securite-et-sauvegarde-des-donnees","status":"publish","type":"page","link":"https:\/\/ayrilys.com\/index.php\/securite-et-sauvegarde-des-donnees\/","title":{"rendered":"S\u00e9curit\u00e9 et Sauvegarde des Donn\u00e9es"},"content":{"rendered":"\n<p class=\"has-kb-palette-6-color has-text-color has-link-color wp-elements-cba229c59d76f14be2d5f8c93af72d67\">Filtrer et mettre en place les droits d\u2019acc\u00e8s<\/p>\n\n\n\n<p>L\u2019engagement de confidentialit\u00e9 d\u2019AYRILYS combin\u00e9 \u00e0 son statut de prestataire externe vous garantissent la non divulgation des donn\u00e9es, notamment des donn\u00e9es sensibles, en externe comme en interne.<\/p>\n\n\n\n<p>A partir de vos consignes, AYRILYS attribue les droits d\u2019acc\u00e8s \u00e0 chacun afin de filtrer et de s\u00e9curiser la diffusion des donn\u00e9es en interne.<\/p>\n\n\n\n<p class=\"has-kb-palette-6-color has-text-color has-link-color wp-elements-6196df3b7ecf1cb73f4847325702720e\">Analyser, nettoyer, s\u00e9curiser<\/p>\n\n\n\n<p>Une fois par semaine AYRILYS effectue une analyse automatique des logiciels antivirus et, en cas de d\u00e9tection de virus, les nettoie.<\/p>\n\n\n\n<p>\u2425 Routeurs\/firewalls : assurer l\u2019entretien de base, modifier les configurations -ex bloquer l\u2019acc\u00e8s \u00e0 Facebook pour une plage horaire d\u00e9termin\u00e9e ; permettre l\u2019acc\u00e8s \u00e0 une ressource interne \u00e0 distance pour certains personnels-<br>\u2425 Connexions externes s\u00e9curis\u00e9es : s\u00e9curiser vos acc\u00e8s pour permettre le t\u00e9l\u00e9travail<br>\u2425 Contr\u00f4le Internet : contr\u00f4ler le trafic interne de votre entreprise sur Internet pour \u00e9viter les abus<br>\u2425 Spam : d\u00e9finir des crit\u00e8res de spam pour bloquer les menaces entrantes dans votre r\u00e9seau informatique et choisir un anti-spam adapt\u00e9 \u00e0 vos besoins<br>\u2425 Assurer la veille technologique<\/p>\n\n\n\n<p class=\"has-kb-palette-6-color has-text-color has-link-color wp-elements-9761b44fe4890151aafceeee99ef177d\"><br>Sauvegarder les donn\u00e9es, une d\u00e9marche pr\u00e9ventive<\/p>\n\n\n\n<p><strong>3 mesures de sauvegarde des donn\u00e9es cl\u00e9s mises en place par AYRILYS<\/strong><br>\u2425 Doubler le syst\u00e8me de sauvegarde : sur site et hors site, voire on line pour les TPE<br>\u2425 Automatiser la validation du bon d\u00e9roulement de la sauvegarde pour identifier les al\u00e9as les plus courants<br><\/p>\n\n\n\n<p><strong>Tester la restauration des donn\u00e9es tous les 15 jours<\/strong><br>\u2425Une analyse d\u00e9taill\u00e9e du bon fonctionnement de la sauvegarde est r\u00e9alis\u00e9e tous les 15 jours pour chaque client<\/p>\n\n\n\n<p class=\"has-kb-palette-6-color has-text-color has-link-color wp-elements-137f53a4c8511e52f0e397014ea00978\">R\u00e9duire l\u2019al\u00e9atoire par un monitoring proactif<\/p>\n\n\n\n<p>La maintenance est certes planifi\u00e9e, programm\u00e9e \u00e0 l\u2019ann\u00e9e mais la majorit\u00e9 des pannes et dysfonctionnements demeure al\u00e9atoire.<\/p>\n\n\n\n<p>AYRILYS a mis en place un monitoring des syst\u00e8mes : il envoie des alertes afin d\u2019anticiper des dysfonctionnements potentiels comme par exemple un espace disque dur plein.<\/p>\n\n\n\n<p><strong>Vous recherchez<\/strong><br>\u2b17 Comment s\u00e9curiser l\u2019acc\u00e8s aux donn\u00e9es de l\u2019entreprise ?<br>\u2b17 Qui attribue techniquement les droits d\u2019acc\u00e8s aux collaborateurs ?<br>\u2b17 La sauvegarde effectu\u00e9e r\u00e9guli\u00e8rement est-elle r\u00e9ellement efficace ?<br>\u2b17 Comment pr\u00e9munir l\u2019entreprise d\u2019un acte de malveillance d\u2019un collaborateur<br>\u2b17 Toutes les donn\u00e9es importantes sont-elle sauvegard\u00e9es ?<br>\u2b17 Pouvons-nous anticiper les pannes ?<\/p>\n","protected":false},"excerpt":{"rendered":"<p>Filtrer et mettre en place les droits d\u2019acc\u00e8s L\u2019engagement de confidentialit\u00e9 d\u2019AYRILYS combin\u00e9 \u00e0 son statut de prestataire externe vous garantissent la non divulgation des donn\u00e9es, notamment des donn\u00e9es sensibles, en externe comme en interne. A partir de vos consignes, AYRILYS attribue les droits d\u2019acc\u00e8s \u00e0 chacun afin de filtrer et de s\u00e9curiser la diffusion&#8230;<\/p>\n","protected":false},"author":1,"featured_media":0,"parent":0,"menu_order":0,"comment_status":"closed","ping_status":"closed","template":"","meta":{"_kadence_starter_templates_imported_post":false,"_kad_post_transparent":"","_kad_post_title":"","_kad_post_layout":"","_kad_post_sidebar_id":"","_kad_post_content_style":"","_kad_post_vertical_padding":"","_kad_post_feature":"","_kad_post_feature_position":"","_kad_post_header":false,"_kad_post_footer":false,"_kad_post_classname":"","footnotes":""},"class_list":["post-233","page","type-page","status-publish","hentry"],"yoast_head":"<!-- This site is optimized with the Yoast SEO Premium plugin v25.8 (Yoast SEO v26.0) - https:\/\/yoast.com\/wordpress\/plugins\/seo\/ -->\r\n<title>Cybers\u00e9curit\u00e9 PME : Prot\u00e9gez vos donn\u00e9es sensibles avec AYRILYS - Prestataire informatique Viroflay en r\u00e9gion parisienne depuis 2003 pour les PME\/PMI<\/title>\r\n<meta name=\"description\" content=\"Prot\u00e9gez votre entreprise avec la cybers\u00e9curit\u00e9 PME. D\u00e9couvrez comment filtrer, s\u00e9curiser et analyser les donn\u00e9es sensibles pour une protection optimale.\" \/>\r\n<meta name=\"robots\" content=\"index, follow, max-snippet:-1, max-image-preview:large, max-video-preview:-1\" \/>\r\n<link rel=\"canonical\" href=\"https:\/\/ayrilys.com\/index.php\/securite-et-sauvegarde-des-donnees\/\" \/>\r\n<meta property=\"og:locale\" content=\"fr_FR\" \/>\r\n<meta property=\"og:type\" content=\"article\" \/>\r\n<meta property=\"og:title\" content=\"S\u00e9curit\u00e9 et Sauvegarde des Donn\u00e9es\" \/>\r\n<meta property=\"og:description\" content=\"Prot\u00e9gez votre entreprise avec la cybers\u00e9curit\u00e9 PME. D\u00e9couvrez comment filtrer, s\u00e9curiser et analyser les donn\u00e9es sensibles pour une protection optimale.\" \/>\r\n<meta property=\"og:url\" content=\"https:\/\/ayrilys.com\/index.php\/securite-et-sauvegarde-des-donnees\/\" \/>\r\n<meta property=\"og:site_name\" content=\"Prestataire informatique Viroflay en r\u00e9gion parisienne depuis 2003 pour les PME\/PMI\" \/>\r\n<meta property=\"article:publisher\" content=\"https:\/\/www.facebook.com\/profile.php?id=61563219240658\" \/>\r\n<meta property=\"article:modified_time\" content=\"2024-12-05T18:35:13+00:00\" \/>\r\n<meta property=\"og:image\" content=\"https:\/\/ayrilys.com\/wp-content\/uploads\/2024\/07\/Ayrilysentete.jpg\" \/>\r\n\t<meta property=\"og:image:width\" content=\"988\" \/>\r\n\t<meta property=\"og:image:height\" content=\"222\" \/>\r\n\t<meta property=\"og:image:type\" content=\"image\/jpeg\" \/>\r\n<meta name=\"twitter:card\" content=\"summary_large_image\" \/>\r\n<meta name=\"twitter:site\" content=\"@Ayrilys165097\" \/>\r\n<meta name=\"twitter:label1\" content=\"Dur\u00e9e de lecture estim\u00e9e\" \/>\n\t<meta name=\"twitter:data1\" content=\"2 minutes\" \/>\r\n<script type=\"application\/ld+json\" class=\"yoast-schema-graph\">{\"@context\":\"https:\/\/schema.org\",\"@graph\":[{\"@type\":\"WebPage\",\"@id\":\"https:\/\/ayrilys.com\/index.php\/securite-et-sauvegarde-des-donnees\/\",\"url\":\"https:\/\/ayrilys.com\/index.php\/securite-et-sauvegarde-des-donnees\/\",\"name\":\"Cybers\u00e9curit\u00e9 PME : Prot\u00e9gez vos donn\u00e9es sensibles avec AYRILYS - Prestataire informatique Viroflay en r\u00e9gion parisienne depuis 2003 pour les PME\/PMI\",\"isPartOf\":{\"@id\":\"https:\/\/ayrilys.com\/#website\"},\"datePublished\":\"2024-07-10T17:31:12+00:00\",\"dateModified\":\"2024-12-05T18:35:13+00:00\",\"description\":\"Prot\u00e9gez votre entreprise avec la cybers\u00e9curit\u00e9 PME. D\u00e9couvrez comment filtrer, s\u00e9curiser et analyser les donn\u00e9es sensibles pour une protection optimale.\",\"breadcrumb\":{\"@id\":\"https:\/\/ayrilys.com\/index.php\/securite-et-sauvegarde-des-donnees\/#breadcrumb\"},\"inLanguage\":\"fr-FR\",\"potentialAction\":[{\"@type\":\"ReadAction\",\"target\":[\"https:\/\/ayrilys.com\/index.php\/securite-et-sauvegarde-des-donnees\/\"]}]},{\"@type\":\"BreadcrumbList\",\"@id\":\"https:\/\/ayrilys.com\/index.php\/securite-et-sauvegarde-des-donnees\/#breadcrumb\",\"itemListElement\":[{\"@type\":\"ListItem\",\"position\":1,\"name\":\"Accueil\",\"item\":\"https:\/\/ayrilys.com\/\"},{\"@type\":\"ListItem\",\"position\":2,\"name\":\"S\u00e9curit\u00e9 et Sauvegarde des Donn\u00e9es\"}]},{\"@type\":\"WebSite\",\"@id\":\"https:\/\/ayrilys.com\/#website\",\"url\":\"https:\/\/ayrilys.com\/\",\"name\":\"Ayrilys prestataire informatique infog\u00e9rance PME TPE MSP depuis 2003 sur Viroflay\",\"description\":\"Prestataire informatique Viroflay en r\u00e9gion parisienne PME TPE  ile de France depuis plus de 20 ans\",\"publisher\":{\"@id\":\"https:\/\/ayrilys.com\/#organization\"},\"alternateName\":\"Ayriliys infog\u00e9rance fournisseur de services manag\u00e9s MSP PME TPE Viroflay\",\"potentialAction\":[{\"@type\":\"SearchAction\",\"target\":{\"@type\":\"EntryPoint\",\"urlTemplate\":\"https:\/\/ayrilys.com\/?s={search_term_string}\"},\"query-input\":{\"@type\":\"PropertyValueSpecification\",\"valueRequired\":true,\"valueName\":\"search_term_string\"}}],\"inLanguage\":\"fr-FR\"},{\"@type\":\"Organization\",\"@id\":\"https:\/\/ayrilys.com\/#organization\",\"name\":\"Ayrilys\",\"url\":\"https:\/\/ayrilys.com\/\",\"logo\":{\"@type\":\"ImageObject\",\"inLanguage\":\"fr-FR\",\"@id\":\"https:\/\/ayrilys.com\/#\/schema\/logo\/image\/\",\"url\":\"https:\/\/ayrilys.com\/wp-content\/uploads\/2024\/07\/Ayrilys-Logo-V1.png\",\"contentUrl\":\"https:\/\/ayrilys.com\/wp-content\/uploads\/2024\/07\/Ayrilys-Logo-V1.png\",\"width\":119,\"height\":64,\"caption\":\"Ayrilys\"},\"image\":{\"@id\":\"https:\/\/ayrilys.com\/#\/schema\/logo\/image\/\"},\"sameAs\":[\"https:\/\/www.facebook.com\/profile.php?id=61563219240658\",\"https:\/\/x.com\/Ayrilys165097\"],\"description\":\"Prestataire informatique depuis plus de 20 ans pour les PME et TPE\",\"email\":\"ayrilys@ayrilys.com\",\"telephone\":\"+33139242197\",\"legalName\":\"Ayrilys\",\"foundingDate\":\"2003-01-01\",\"vatID\":\"FR90449159011\",\"taxID\":\"44915901100013\",\"numberOfEmployees\":{\"@type\":\"QuantitativeValue\",\"minValue\":\"1\",\"maxValue\":\"10\"}}]}<\/script>\r\n<!-- \/ Yoast SEO Premium plugin. -->","yoast_head_json":{"title":"Cybers\u00e9curit\u00e9 PME : Prot\u00e9gez vos donn\u00e9es sensibles avec AYRILYS - Prestataire informatique Viroflay en r\u00e9gion parisienne depuis 2003 pour les PME\/PMI","description":"Prot\u00e9gez votre entreprise avec la cybers\u00e9curit\u00e9 PME. D\u00e9couvrez comment filtrer, s\u00e9curiser et analyser les donn\u00e9es sensibles pour une protection optimale.","robots":{"index":"index","follow":"follow","max-snippet":"max-snippet:-1","max-image-preview":"max-image-preview:large","max-video-preview":"max-video-preview:-1"},"canonical":"https:\/\/ayrilys.com\/index.php\/securite-et-sauvegarde-des-donnees\/","og_locale":"fr_FR","og_type":"article","og_title":"S\u00e9curit\u00e9 et Sauvegarde des Donn\u00e9es","og_description":"Prot\u00e9gez votre entreprise avec la cybers\u00e9curit\u00e9 PME. D\u00e9couvrez comment filtrer, s\u00e9curiser et analyser les donn\u00e9es sensibles pour une protection optimale.","og_url":"https:\/\/ayrilys.com\/index.php\/securite-et-sauvegarde-des-donnees\/","og_site_name":"Prestataire informatique Viroflay en r\u00e9gion parisienne depuis 2003 pour les PME\/PMI","article_publisher":"https:\/\/www.facebook.com\/profile.php?id=61563219240658","article_modified_time":"2024-12-05T18:35:13+00:00","og_image":[{"width":988,"height":222,"url":"https:\/\/ayrilys.com\/wp-content\/uploads\/2024\/07\/Ayrilysentete.jpg","type":"image\/jpeg"}],"twitter_card":"summary_large_image","twitter_site":"@Ayrilys165097","twitter_misc":{"Dur\u00e9e de lecture estim\u00e9e":"2 minutes"},"schema":{"@context":"https:\/\/schema.org","@graph":[{"@type":"WebPage","@id":"https:\/\/ayrilys.com\/index.php\/securite-et-sauvegarde-des-donnees\/","url":"https:\/\/ayrilys.com\/index.php\/securite-et-sauvegarde-des-donnees\/","name":"Cybers\u00e9curit\u00e9 PME : Prot\u00e9gez vos donn\u00e9es sensibles avec AYRILYS - Prestataire informatique Viroflay en r\u00e9gion parisienne depuis 2003 pour les PME\/PMI","isPartOf":{"@id":"https:\/\/ayrilys.com\/#website"},"datePublished":"2024-07-10T17:31:12+00:00","dateModified":"2024-12-05T18:35:13+00:00","description":"Prot\u00e9gez votre entreprise avec la cybers\u00e9curit\u00e9 PME. D\u00e9couvrez comment filtrer, s\u00e9curiser et analyser les donn\u00e9es sensibles pour une protection optimale.","breadcrumb":{"@id":"https:\/\/ayrilys.com\/index.php\/securite-et-sauvegarde-des-donnees\/#breadcrumb"},"inLanguage":"fr-FR","potentialAction":[{"@type":"ReadAction","target":["https:\/\/ayrilys.com\/index.php\/securite-et-sauvegarde-des-donnees\/"]}]},{"@type":"BreadcrumbList","@id":"https:\/\/ayrilys.com\/index.php\/securite-et-sauvegarde-des-donnees\/#breadcrumb","itemListElement":[{"@type":"ListItem","position":1,"name":"Accueil","item":"https:\/\/ayrilys.com\/"},{"@type":"ListItem","position":2,"name":"S\u00e9curit\u00e9 et Sauvegarde des Donn\u00e9es"}]},{"@type":"WebSite","@id":"https:\/\/ayrilys.com\/#website","url":"https:\/\/ayrilys.com\/","name":"Ayrilys prestataire informatique infog\u00e9rance PME TPE MSP depuis 2003 sur Viroflay","description":"Prestataire informatique Viroflay en r\u00e9gion parisienne PME TPE  ile de France depuis plus de 20 ans","publisher":{"@id":"https:\/\/ayrilys.com\/#organization"},"alternateName":"Ayriliys infog\u00e9rance fournisseur de services manag\u00e9s MSP PME TPE Viroflay","potentialAction":[{"@type":"SearchAction","target":{"@type":"EntryPoint","urlTemplate":"https:\/\/ayrilys.com\/?s={search_term_string}"},"query-input":{"@type":"PropertyValueSpecification","valueRequired":true,"valueName":"search_term_string"}}],"inLanguage":"fr-FR"},{"@type":"Organization","@id":"https:\/\/ayrilys.com\/#organization","name":"Ayrilys","url":"https:\/\/ayrilys.com\/","logo":{"@type":"ImageObject","inLanguage":"fr-FR","@id":"https:\/\/ayrilys.com\/#\/schema\/logo\/image\/","url":"https:\/\/ayrilys.com\/wp-content\/uploads\/2024\/07\/Ayrilys-Logo-V1.png","contentUrl":"https:\/\/ayrilys.com\/wp-content\/uploads\/2024\/07\/Ayrilys-Logo-V1.png","width":119,"height":64,"caption":"Ayrilys"},"image":{"@id":"https:\/\/ayrilys.com\/#\/schema\/logo\/image\/"},"sameAs":["https:\/\/www.facebook.com\/profile.php?id=61563219240658","https:\/\/x.com\/Ayrilys165097"],"description":"Prestataire informatique depuis plus de 20 ans pour les PME et TPE","email":"ayrilys@ayrilys.com","telephone":"+33139242197","legalName":"Ayrilys","foundingDate":"2003-01-01","vatID":"FR90449159011","taxID":"44915901100013","numberOfEmployees":{"@type":"QuantitativeValue","minValue":"1","maxValue":"10"}}]}},"jetpack_sharing_enabled":true,"jetpack_likes_enabled":true,"jetpack-related-posts":[],"_links":{"self":[{"href":"https:\/\/ayrilys.com\/index.php\/wp-json\/wp\/v2\/pages\/233","targetHints":{"allow":["GET"]}}],"collection":[{"href":"https:\/\/ayrilys.com\/index.php\/wp-json\/wp\/v2\/pages"}],"about":[{"href":"https:\/\/ayrilys.com\/index.php\/wp-json\/wp\/v2\/types\/page"}],"author":[{"embeddable":true,"href":"https:\/\/ayrilys.com\/index.php\/wp-json\/wp\/v2\/users\/1"}],"replies":[{"embeddable":true,"href":"https:\/\/ayrilys.com\/index.php\/wp-json\/wp\/v2\/comments?post=233"}],"version-history":[{"count":2,"href":"https:\/\/ayrilys.com\/index.php\/wp-json\/wp\/v2\/pages\/233\/revisions"}],"predecessor-version":[{"id":236,"href":"https:\/\/ayrilys.com\/index.php\/wp-json\/wp\/v2\/pages\/233\/revisions\/236"}],"wp:attachment":[{"href":"https:\/\/ayrilys.com\/index.php\/wp-json\/wp\/v2\/media?parent=233"}],"curies":[{"name":"wp","href":"https:\/\/api.w.org\/{rel}","templated":true}]}}