{"id":237,"date":"2024-07-10T19:34:05","date_gmt":"2024-07-10T17:34:05","guid":{"rendered":"http:\/\/192.168.7.45:8000\/?page_id=237"},"modified":"2024-09-12T18:07:09","modified_gmt":"2024-09-12T16:07:09","slug":"tracabilite-et-historisation","status":"publish","type":"page","link":"https:\/\/ayrilys.com\/index.php\/tracabilite-et-historisation\/","title":{"rendered":"Tra\u00e7abilit\u00e9 et Historisation"},"content":{"rendered":"\n<p class=\"has-kb-palette-6-color has-text-color has-link-color wp-elements-9e0e9cc24e50e64e560e4d66a09cdac6\">G\u00e9rer les demandes \u00ab hotline \u00bb de vos collaborateurs<\/p>\n\n\n\n<p>Tous vos salari\u00e9s peuvent contacter AYRILYS par t\u00e9l\u00e9phone ou par e-mail pour une question, une demande d\u2019assistance ou d\u2019am\u00e9lioration.<\/p>\n\n\n\n<p>Cependant, pour toute demande d\u2019investissement, d\u2019arr\u00eat du syst\u00e8me d\u2019information ou pour toute autre demande strat\u00e9gique, celle-ci doit \u00eatre formul\u00e9e par \u00e9crit \u00e0 AYRILYS.<\/p>\n\n\n\n<p>Il la valide ensuite aupr\u00e8s du dirigeant ou du \u00abcorrespondant technique interne \u00bb, s\u2019il y en a un dans l\u2019\u00e9tablissement.<\/p>\n\n\n\n<p class=\"has-kb-palette-6-color has-text-color has-link-color wp-elements-4143f79a3c956108867dd47eaeab506b\">Suivre toutes les actions SRT men\u00e9es dans votre entreprise &#8211; GLPI<\/p>\n\n\n\n<p>Tracer vos demandes et les interventions AYRILYS.<\/p>\n\n\n\n<p class=\"has-kb-palette-6-color has-text-color has-link-color wp-elements-56a94eb9553e76944f628055e1fa40a3\"><strong>L\u2019outil GLPI<\/strong> permet d\u2019enregistrer toutes les actions pr\u00e9ventives et correctives men\u00e9es sur les Syst\u00e8mes R\u00e9seaux &amp; T\u00e9l\u00e9coms de votre entreprise.<\/p>\n\n\n\n<p>Chaque demande \u00e9manant d\u2019un collaborateur de votre entreprise est enregistr\u00e9e ainsi que la solution apport\u00e9e et fait l\u2019objet d\u2019un \u00ab ticket \u00bb de situation.<\/p>\n\n\n\n<p>Cela permet aussi une historisation de l\u2019int\u00e9gralit\u00e9 des actions et de leur avancement.<\/p>\n\n\n\n<p>En ce qui concerne les visites d\u2019AYRILYS dans votre entreprise, elles font l\u2019objet d\u2019un relev\u00e9 de visites et sont not\u00e9es dans un cahier de suivi de visites. A la fin de l\u2019intervention, un compte-rendu \u00e9crit est envoy\u00e9 au correspondant.<\/p>\n\n\n\n<p class=\"has-kb-palette-6-color has-text-color has-link-color wp-elements-144778172e8c7043abe8b50873e8e781\">Anticiper les pannes par un syst\u00e8me d\u2019alerte automatis\u00e9 &#8211; PRTG<\/p>\n\n\n\n<p>Intervenir avant la panne ou d\u00e8s l\u2019apparition de celle-ci.<\/p>\n\n\n\n<p class=\"has-kb-palette-6-color has-text-color has-link-color wp-elements-3b8fba6968ed7363c6102887f5002878\"><strong>L\u2019outil PRTG<\/strong> permet d\u2019alerter en temps r\u00e9el et de mani\u00e8re automatis\u00e9e l\u2019\u00e9quipe technique d\u2019AYRYLYS sur la d\u00e9gradation, le dysfonctionnement ou l\u2019arr\u00eat des mat\u00e9riels et des acc\u00e8s \u00e0 Internet \u2013routeurs\/firewalls &amp; serveurs.<\/p>\n\n\n\n<p>Cela permet une historisation des al\u00e9as et pannes ainsi qu\u2019une recherche des causes pour mettre en place des actions correctrices et pr\u00e9ventives.<\/p>\n\n\n\n<p class=\"has-kb-palette-6-color has-text-color has-link-color wp-elements-4f5c1f7fa00b22339234e5e9dd436ac9\">Planifier et budg\u00e9ter vos renouvellement de licences et d\u2019\u00e9quipement &#8211; OCS<\/p>\n\n\n\n<p>B\u00e9n\u00e9ficier d\u2019un syst\u00e8me d\u2019inventaire intelligent de vos licences et de votre parc Informatique &#8211; OCS<\/p>\n\n\n\n<p class=\"has-kb-palette-6-color has-text-color has-link-color wp-elements-47f55cac8bd50e8c2988c3f582091eb4\"><strong>L\u2019outil OCS<\/strong> permet de tenir \u00e0 jour de mani\u00e8re automatis\u00e9e les caract\u00e9ristiques et l\u2019\u00e2ge des \u00e9quipements \u2013serveurs &amp; ordinateurs- .<\/p>\n\n\n\n<p>Il s\u2019agit d\u2019un syst\u00e8me d\u2019inventaire intelligent, r\u00e9actualis\u00e9 en temps r\u00e9el, qui alerte sur la saturation de la capacit\u00e9 d\u2019utilisation des mat\u00e9riels et \u00e9value leur obsolescence.<\/p>\n\n\n\n<p>Ainsi, AYRILYS anticipe et planifie les changements et remplacements des mat\u00e9riels et syst\u00e8mes tous les 3 et 5 ans selon les \u00e9quipements.<\/p>\n\n\n\n<p>\u2b17 Comment suivre les demandes des collaborateurs ?<br>\u2b17 Pouvons-nous tracer les pannes, dysfonctionnement et solutions apport\u00e9es ?<br>\u2b17 Comment budg\u00e9ter le remplacement des mat\u00e9riels ?<br>\u2b17 Les temps d\u2019indisponibilit\u00e9 peuvent-ils \u00eatre r\u00e9duits ?<br>\u2b17 Mon forfait de maintenance me fait-il gagner du temps et de l\u2019argent ?<\/p>\n","protected":false},"excerpt":{"rendered":"<p>G\u00e9rer les demandes \u00ab hotline \u00bb de vos collaborateurs Tous vos salari\u00e9s peuvent contacter AYRILYS par t\u00e9l\u00e9phone ou par e-mail pour une question, une demande d\u2019assistance ou d\u2019am\u00e9lioration. Cependant, pour toute demande d\u2019investissement, d\u2019arr\u00eat du syst\u00e8me d\u2019information ou pour toute autre demande strat\u00e9gique, celle-ci doit \u00eatre formul\u00e9e par \u00e9crit \u00e0 AYRILYS. Il la valide ensuite&#8230;<\/p>\n","protected":false},"author":1,"featured_media":0,"parent":0,"menu_order":0,"comment_status":"closed","ping_status":"closed","template":"","meta":{"_kadence_starter_templates_imported_post":false,"_kad_post_transparent":"","_kad_post_title":"","_kad_post_layout":"","_kad_post_sidebar_id":"","_kad_post_content_style":"","_kad_post_vertical_padding":"","_kad_post_feature":"","_kad_post_feature_position":"","_kad_post_header":false,"_kad_post_footer":false,"_kad_post_classname":"","footnotes":""},"class_list":["post-237","page","type-page","status-publish","hentry"],"yoast_head":"<!-- This site is optimized with the Yoast SEO Premium plugin v25.8 (Yoast SEO v26.0) - https:\/\/yoast.com\/wordpress\/plugins\/seo\/ -->\r\n<title>Infog\u00e9rance pour PME : Tra\u00e7abilit\u00e9 et Historisation des demandes - Prestataire informatique depuis 2003 pour les PME\/PMI<\/title>\r\n<meta name=\"description\" content=\"G\u00e9rez efficacement les demandes &#039;hotline&#039; de vos collaborateurs avec AYRILYS. Suivez toutes les actions SRT dans votre entreprise avec l&#039;outil GLPI.\" \/>\r\n<meta name=\"robots\" content=\"index, follow, max-snippet:-1, max-image-preview:large, max-video-preview:-1\" \/>\r\n<link rel=\"canonical\" href=\"https:\/\/ayrilys.com\/index.php\/tracabilite-et-historisation\/\" \/>\r\n<meta property=\"og:locale\" content=\"fr_FR\" \/>\r\n<meta property=\"og:type\" content=\"article\" \/>\r\n<meta property=\"og:title\" content=\"Tra\u00e7abilit\u00e9 et Historisation\" \/>\r\n<meta property=\"og:description\" content=\"G\u00e9rez efficacement les demandes &#039;hotline&#039; de vos collaborateurs avec AYRILYS. Suivez toutes les actions SRT dans votre entreprise avec l&#039;outil GLPI.\" \/>\r\n<meta property=\"og:url\" content=\"https:\/\/ayrilys.com\/index.php\/tracabilite-et-historisation\/\" \/>\r\n<meta property=\"og:site_name\" content=\"Prestataire informatique depuis 2003 pour les PME\/PMI\" \/>\r\n<meta property=\"article:publisher\" content=\"https:\/\/www.facebook.com\/profile.php?id=61563219240658\" \/>\r\n<meta property=\"article:modified_time\" content=\"2024-09-12T16:07:09+00:00\" \/>\r\n<meta property=\"og:image\" content=\"https:\/\/ayrilys.com\/wp-content\/uploads\/2024\/07\/Ayrilysentete.jpg\" \/>\r\n\t<meta property=\"og:image:width\" content=\"988\" \/>\r\n\t<meta property=\"og:image:height\" content=\"222\" \/>\r\n\t<meta property=\"og:image:type\" content=\"image\/jpeg\" \/>\r\n<meta name=\"twitter:card\" content=\"summary_large_image\" \/>\r\n<meta name=\"twitter:site\" content=\"@Ayrilys165097\" \/>\r\n<meta name=\"twitter:label1\" content=\"Dur\u00e9e de lecture estim\u00e9e\" \/>\n\t<meta name=\"twitter:data1\" content=\"2 minutes\" \/>\r\n<script type=\"application\/ld+json\" class=\"yoast-schema-graph\">{\"@context\":\"https:\/\/schema.org\",\"@graph\":[{\"@type\":\"WebPage\",\"@id\":\"https:\/\/ayrilys.com\/index.php\/tracabilite-et-historisation\/\",\"url\":\"https:\/\/ayrilys.com\/index.php\/tracabilite-et-historisation\/\",\"name\":\"Infog\u00e9rance pour PME : Tra\u00e7abilit\u00e9 et Historisation des demandes - Prestataire informatique depuis 2003 pour les PME\/PMI\",\"isPartOf\":{\"@id\":\"https:\/\/ayrilys.com\/#website\"},\"datePublished\":\"2024-07-10T17:34:05+00:00\",\"dateModified\":\"2024-09-12T16:07:09+00:00\",\"description\":\"G\u00e9rez efficacement les demandes 'hotline' de vos collaborateurs avec AYRILYS. Suivez toutes les actions SRT dans votre entreprise avec l'outil GLPI.\",\"breadcrumb\":{\"@id\":\"https:\/\/ayrilys.com\/index.php\/tracabilite-et-historisation\/#breadcrumb\"},\"inLanguage\":\"fr-FR\",\"potentialAction\":[{\"@type\":\"ReadAction\",\"target\":[\"https:\/\/ayrilys.com\/index.php\/tracabilite-et-historisation\/\"]}]},{\"@type\":\"BreadcrumbList\",\"@id\":\"https:\/\/ayrilys.com\/index.php\/tracabilite-et-historisation\/#breadcrumb\",\"itemListElement\":[{\"@type\":\"ListItem\",\"position\":1,\"name\":\"Accueil\",\"item\":\"https:\/\/ayrilys.com\/\"},{\"@type\":\"ListItem\",\"position\":2,\"name\":\"Tra\u00e7abilit\u00e9 et Historisation\"}]},{\"@type\":\"WebSite\",\"@id\":\"https:\/\/ayrilys.com\/#website\",\"url\":\"https:\/\/ayrilys.com\/\",\"name\":\"Ayrilys prestataire informatique infog\u00e9rance PME TPE MSP depuis 2003 sur Viroflay\",\"description\":\"Prestataire informatique PME TPE sur Viroflay en ile de France depuis plus de 20 ans\",\"publisher\":{\"@id\":\"https:\/\/ayrilys.com\/#organization\"},\"alternateName\":\"Ayriliys infog\u00e9rance fournisseur de services manag\u00e9s MSP PME TPE Viroflay\",\"potentialAction\":[{\"@type\":\"SearchAction\",\"target\":{\"@type\":\"EntryPoint\",\"urlTemplate\":\"https:\/\/ayrilys.com\/?s={search_term_string}\"},\"query-input\":{\"@type\":\"PropertyValueSpecification\",\"valueRequired\":true,\"valueName\":\"search_term_string\"}}],\"inLanguage\":\"fr-FR\"},{\"@type\":\"Organization\",\"@id\":\"https:\/\/ayrilys.com\/#organization\",\"name\":\"Ayrilys\",\"url\":\"https:\/\/ayrilys.com\/\",\"logo\":{\"@type\":\"ImageObject\",\"inLanguage\":\"fr-FR\",\"@id\":\"https:\/\/ayrilys.com\/#\/schema\/logo\/image\/\",\"url\":\"https:\/\/ayrilys.com\/wp-content\/uploads\/2024\/07\/Ayrilys-Logo-V1.png\",\"contentUrl\":\"https:\/\/ayrilys.com\/wp-content\/uploads\/2024\/07\/Ayrilys-Logo-V1.png\",\"width\":119,\"height\":64,\"caption\":\"Ayrilys\"},\"image\":{\"@id\":\"https:\/\/ayrilys.com\/#\/schema\/logo\/image\/\"},\"sameAs\":[\"https:\/\/www.facebook.com\/profile.php?id=61563219240658\",\"https:\/\/x.com\/Ayrilys165097\"],\"description\":\"Prestataire informatique depuis plus de 20 ans pour les PME et TPE\",\"email\":\"ayrilys@ayrilys.com\",\"telephone\":\"+33139242197\",\"legalName\":\"Ayrilys\",\"foundingDate\":\"2003-01-01\",\"vatID\":\"FR90449159011\",\"taxID\":\"44915901100013\",\"numberOfEmployees\":{\"@type\":\"QuantitativeValue\",\"minValue\":\"1\",\"maxValue\":\"10\"}}]}<\/script>\r\n<!-- \/ Yoast SEO Premium plugin. -->","yoast_head_json":{"title":"Infog\u00e9rance pour PME : Tra\u00e7abilit\u00e9 et Historisation des demandes - Prestataire informatique depuis 2003 pour les PME\/PMI","description":"G\u00e9rez efficacement les demandes 'hotline' de vos collaborateurs avec AYRILYS. Suivez toutes les actions SRT dans votre entreprise avec l'outil GLPI.","robots":{"index":"index","follow":"follow","max-snippet":"max-snippet:-1","max-image-preview":"max-image-preview:large","max-video-preview":"max-video-preview:-1"},"canonical":"https:\/\/ayrilys.com\/index.php\/tracabilite-et-historisation\/","og_locale":"fr_FR","og_type":"article","og_title":"Tra\u00e7abilit\u00e9 et Historisation","og_description":"G\u00e9rez efficacement les demandes 'hotline' de vos collaborateurs avec AYRILYS. Suivez toutes les actions SRT dans votre entreprise avec l'outil GLPI.","og_url":"https:\/\/ayrilys.com\/index.php\/tracabilite-et-historisation\/","og_site_name":"Prestataire informatique depuis 2003 pour les PME\/PMI","article_publisher":"https:\/\/www.facebook.com\/profile.php?id=61563219240658","article_modified_time":"2024-09-12T16:07:09+00:00","og_image":[{"width":988,"height":222,"url":"https:\/\/ayrilys.com\/wp-content\/uploads\/2024\/07\/Ayrilysentete.jpg","type":"image\/jpeg"}],"twitter_card":"summary_large_image","twitter_site":"@Ayrilys165097","twitter_misc":{"Dur\u00e9e de lecture estim\u00e9e":"2 minutes"},"schema":{"@context":"https:\/\/schema.org","@graph":[{"@type":"WebPage","@id":"https:\/\/ayrilys.com\/index.php\/tracabilite-et-historisation\/","url":"https:\/\/ayrilys.com\/index.php\/tracabilite-et-historisation\/","name":"Infog\u00e9rance pour PME : Tra\u00e7abilit\u00e9 et Historisation des demandes - Prestataire informatique depuis 2003 pour les PME\/PMI","isPartOf":{"@id":"https:\/\/ayrilys.com\/#website"},"datePublished":"2024-07-10T17:34:05+00:00","dateModified":"2024-09-12T16:07:09+00:00","description":"G\u00e9rez efficacement les demandes 'hotline' de vos collaborateurs avec AYRILYS. Suivez toutes les actions SRT dans votre entreprise avec l'outil GLPI.","breadcrumb":{"@id":"https:\/\/ayrilys.com\/index.php\/tracabilite-et-historisation\/#breadcrumb"},"inLanguage":"fr-FR","potentialAction":[{"@type":"ReadAction","target":["https:\/\/ayrilys.com\/index.php\/tracabilite-et-historisation\/"]}]},{"@type":"BreadcrumbList","@id":"https:\/\/ayrilys.com\/index.php\/tracabilite-et-historisation\/#breadcrumb","itemListElement":[{"@type":"ListItem","position":1,"name":"Accueil","item":"https:\/\/ayrilys.com\/"},{"@type":"ListItem","position":2,"name":"Tra\u00e7abilit\u00e9 et Historisation"}]},{"@type":"WebSite","@id":"https:\/\/ayrilys.com\/#website","url":"https:\/\/ayrilys.com\/","name":"Ayrilys prestataire informatique infog\u00e9rance PME TPE MSP depuis 2003 sur Viroflay","description":"Prestataire informatique PME TPE sur Viroflay en ile de France depuis plus de 20 ans","publisher":{"@id":"https:\/\/ayrilys.com\/#organization"},"alternateName":"Ayriliys infog\u00e9rance fournisseur de services manag\u00e9s MSP PME TPE Viroflay","potentialAction":[{"@type":"SearchAction","target":{"@type":"EntryPoint","urlTemplate":"https:\/\/ayrilys.com\/?s={search_term_string}"},"query-input":{"@type":"PropertyValueSpecification","valueRequired":true,"valueName":"search_term_string"}}],"inLanguage":"fr-FR"},{"@type":"Organization","@id":"https:\/\/ayrilys.com\/#organization","name":"Ayrilys","url":"https:\/\/ayrilys.com\/","logo":{"@type":"ImageObject","inLanguage":"fr-FR","@id":"https:\/\/ayrilys.com\/#\/schema\/logo\/image\/","url":"https:\/\/ayrilys.com\/wp-content\/uploads\/2024\/07\/Ayrilys-Logo-V1.png","contentUrl":"https:\/\/ayrilys.com\/wp-content\/uploads\/2024\/07\/Ayrilys-Logo-V1.png","width":119,"height":64,"caption":"Ayrilys"},"image":{"@id":"https:\/\/ayrilys.com\/#\/schema\/logo\/image\/"},"sameAs":["https:\/\/www.facebook.com\/profile.php?id=61563219240658","https:\/\/x.com\/Ayrilys165097"],"description":"Prestataire informatique depuis plus de 20 ans pour les PME et TPE","email":"ayrilys@ayrilys.com","telephone":"+33139242197","legalName":"Ayrilys","foundingDate":"2003-01-01","vatID":"FR90449159011","taxID":"44915901100013","numberOfEmployees":{"@type":"QuantitativeValue","minValue":"1","maxValue":"10"}}]}},"jetpack_sharing_enabled":true,"jetpack_likes_enabled":true,"jetpack-related-posts":[],"_links":{"self":[{"href":"https:\/\/ayrilys.com\/index.php\/wp-json\/wp\/v2\/pages\/237","targetHints":{"allow":["GET"]}}],"collection":[{"href":"https:\/\/ayrilys.com\/index.php\/wp-json\/wp\/v2\/pages"}],"about":[{"href":"https:\/\/ayrilys.com\/index.php\/wp-json\/wp\/v2\/types\/page"}],"author":[{"embeddable":true,"href":"https:\/\/ayrilys.com\/index.php\/wp-json\/wp\/v2\/users\/1"}],"replies":[{"embeddable":true,"href":"https:\/\/ayrilys.com\/index.php\/wp-json\/wp\/v2\/comments?post=237"}],"version-history":[{"count":2,"href":"https:\/\/ayrilys.com\/index.php\/wp-json\/wp\/v2\/pages\/237\/revisions"}],"predecessor-version":[{"id":240,"href":"https:\/\/ayrilys.com\/index.php\/wp-json\/wp\/v2\/pages\/237\/revisions\/240"}],"wp:attachment":[{"href":"https:\/\/ayrilys.com\/index.php\/wp-json\/wp\/v2\/media?parent=237"}],"curies":[{"name":"wp","href":"https:\/\/api.w.org\/{rel}","templated":true}]}}