{"id":245,"date":"2024-07-10T19:41:10","date_gmt":"2024-07-10T17:41:10","guid":{"rendered":"http:\/\/192.168.7.45:8000\/?page_id=245"},"modified":"2024-09-12T18:10:13","modified_gmt":"2024-09-12T16:10:13","slug":"warlab-concept","status":"publish","type":"page","link":"https:\/\/ayrilys.com\/index.php\/warlab-concept\/","title":{"rendered":"Warlab Concept"},"content":{"rendered":"\n<p>Imaginer la solution et tester sa faisabilit\u00e9 avant de l\u2019installer chez le client.<\/p>\n\n\n\n<p>Dans les cas de solutions techniques complexes r\u00e9pondant \u00e0 des besoins client sp\u00e9cifiques ou en cas de nouvelles technologies, AYRILYS r\u00e9alise des tests avant de proc\u00e9der \u00e0 l\u2019installation. Cette d\u00e9ma rche de validation permet d\u2019identifier et de supprimer les dysfonctionnements ou les indisponibilit\u00e9s.<\/p>\n\n\n\n<figure class=\"wp-block-image size-full\"><img loading=\"lazy\" decoding=\"async\" width=\"2983\" height=\"1620\" src=\"https:\/\/ayrilys.com\/wp-content\/uploads\/2024\/07\/illustration-4.jpg\" alt=\"\" class=\"wp-image-19\"\/><\/figure>\n\n\n\n<p class=\"has-kb-palette-6-color has-text-color has-link-color wp-elements-ceca134986caead321d4eff2e5bfdee6\">Qu\u2019est-ce qu\u2019un WarLab ?<\/p>\n\n\n\n<p>Un laboratoire informatique o\u00f9 les experts AYRILYS vont<\/p>\n\n\n\n<p>\u2425 Eprouver la fiabilit\u00e9 des \u00e9quipements et des logiciels<br>\u2425 V\u00e9rifier la faisabilit\u00e9 des solutions imagin\u00e9es pour votre entreprise<br>\u2425 Valider la compatibilit\u00e9 des \u00e9quipements entre eux<br>Et ce afin d\u2019\u00e9viter les bugs, les dysfonctionnements, les arr\u00eats du syst\u00e8me et la paralysie de votre activit\u00e9.<\/p>\n\n\n\n<p class=\"has-kb-palette-6-color has-text-color has-link-color wp-elements-3875d17475d1b2ca6caf488ee5abb5ab\">Comment cela se passe-t-il ?<\/p>\n\n\n\n<p>Cette op\u00e9ration se fait sur des mat\u00e9riels ayant les m\u00eames caract\u00e9ristiques techniques que les v\u00f4tres. Cela permet ainsi de r\u00e9cr\u00e9er votre environnement technique et technologique et d\u2019effectuer les tests en situation r\u00e9elle sans perturber aucunement votre activit\u00e9.<\/p>\n\n\n\n<p class=\"has-kb-palette-6-color has-text-color has-link-color wp-elements-55deb8df0d9fd0319f7411a69206948c\">Un WarLab pour un \u00ab trouveur \u00bb de solutions<\/p>\n\n\n\n<p>AYRILYS intervient sur des syst\u00e8mes techniques qui peuvent mettre en danger l\u2019activit\u00e9 de votre entreprise.<\/p>\n\n\n\n<p>\u2425 Votre informatique tombe en panne et c\u2019est toute votre activit\u00e9 qui stoppe brutalement : plus aucun poste de travail ne fonctionne, plus aucune connexion Internet ne se fait, tous les p\u00e9riph\u00e9riques sont inutilisables\u2026 c\u2019est la B\u00e9r\u00e9zina\u2026<br>\u2425 Votre t\u00e9l\u00e9phonie cesse de fonctionner et vous voici coup\u00e9s de vos clients, de vos fournisseurs, de votre banque\u2026 : plus de t\u00e9l\u00e9phone, plus d\u2019Internet, plus de messagerie et m\u00eame plus de fax\u2026 Encore la B\u00e9r\u00e9zina\u2026.<br>Trouver des solutions adapt\u00e9es aux sp\u00e9cificit\u00e9s de chaque client n\u2019est pas le fruit du hasard mais bien le r\u00e9sultat d\u2019un travail de recherche, d\u2019analyse, de v\u00e9rification, de tests\u2026bref un vrai travail d\u2019experts. Et pour trouver il faut d\u2019abord chercher : le WarLab sert \u00e0 cela.<\/p>\n\n\n\n<p>Un partenariat \u00e9cole SRT pour un Warlab \u00e9largi<\/p>\n\n\n\n<p>Echanger avec des \u00e9tudiants &#8211; souvent des \u00ab geeks \u00bb -qui explorent des voies inconnues, entra\u00een\u00e9s par la curiosit\u00e9 et l\u2019envie de repousser les limites du domaine.<\/p>\n\n\n\n<p>Loin des exigences de l\u2019entreprise, des contraintes de rentabilit\u00e9 et de ma\u00eetrise des risques, AYRILYS d\u00e9couvre avec eux de nouvelles pistes, invente des solutions nouvelles.<\/p>\n\n\n\n<p>\u2b17 En quoi un Warlab est-il utile pour moi, entreprise cliente ?<br>\u2b17 Est-ce r\u00e9ellement une garantie de fiabilit\u00e9 ?<br>\u2b17 Les tests se font-ils vraiment en situation r\u00e9elle ?<br>\u2b17 Qu\u2019est-ce qu\u2019un warlab \u00e9largi ?<br>\u2b17 Dans quelle mesure\/pourquoi\/En quoi le warlab reduit-il les temps d\u2019indisponibilit\u00e9 ?<\/p>\n","protected":false},"excerpt":{"rendered":"<p>Imaginer la solution et tester sa faisabilit\u00e9 avant de l\u2019installer chez le client. Dans les cas de solutions techniques complexes r\u00e9pondant \u00e0 des besoins client sp\u00e9cifiques ou en cas de nouvelles technologies, AYRILYS r\u00e9alise des tests avant de proc\u00e9der \u00e0 l\u2019installation. Cette d\u00e9ma rche de validation permet d\u2019identifier et de supprimer les dysfonctionnements ou les&#8230;<\/p>\n","protected":false},"author":1,"featured_media":0,"parent":0,"menu_order":0,"comment_status":"closed","ping_status":"closed","template":"","meta":{"_kadence_starter_templates_imported_post":false,"_kad_post_transparent":"","_kad_post_title":"","_kad_post_layout":"","_kad_post_sidebar_id":"","_kad_post_content_style":"","_kad_post_vertical_padding":"","_kad_post_feature":"","_kad_post_feature_position":"","_kad_post_header":false,"_kad_post_footer":false,"_kad_post_classname":"","footnotes":""},"class_list":["post-245","page","type-page","status-publish","hentry"],"yoast_head":"<!-- This site is optimized with the Yoast SEO Premium plugin v25.8 (Yoast SEO v26.0) - https:\/\/yoast.com\/wordpress\/plugins\/seo\/ -->\r\n<title>Prestataire informatique : Solutions test\u00e9es et valid\u00e9es pour votre entreprise - Prestataire informatique Viroflay en r\u00e9gion parisienne depuis 2003 pour les PME\/PMI<\/title>\r\n<meta name=\"description\" content=\"Supprimez les dysfonctionnements et garantissez la fiabilit\u00e9 de vos solutions informatiques gr\u00e2ce aux tests r\u00e9alis\u00e9s par AYRILYS.\" \/>\r\n<meta name=\"robots\" content=\"index, follow, max-snippet:-1, max-image-preview:large, max-video-preview:-1\" \/>\r\n<link rel=\"canonical\" href=\"https:\/\/ayrilys.com\/index.php\/warlab-concept\/\" \/>\r\n<meta property=\"og:locale\" content=\"fr_FR\" \/>\r\n<meta property=\"og:type\" content=\"article\" \/>\r\n<meta property=\"og:title\" content=\"Warlab Concept\" \/>\r\n<meta property=\"og:description\" content=\"Supprimez les dysfonctionnements et garantissez la fiabilit\u00e9 de vos solutions informatiques gr\u00e2ce aux tests r\u00e9alis\u00e9s par AYRILYS.\" \/>\r\n<meta property=\"og:url\" content=\"https:\/\/ayrilys.com\/index.php\/warlab-concept\/\" \/>\r\n<meta property=\"og:site_name\" content=\"Prestataire informatique Viroflay en r\u00e9gion parisienne depuis 2003 pour les PME\/PMI\" \/>\r\n<meta property=\"article:publisher\" content=\"https:\/\/www.facebook.com\/profile.php?id=61563219240658\" \/>\r\n<meta property=\"article:modified_time\" content=\"2024-09-12T16:10:13+00:00\" \/>\r\n<meta property=\"og:image\" content=\"https:\/\/ayrilys.com\/wp-content\/uploads\/2024\/07\/illustration-4.jpg\" \/>\r\n<meta name=\"twitter:card\" content=\"summary_large_image\" \/>\r\n<meta name=\"twitter:site\" content=\"@Ayrilys165097\" \/>\r\n<meta name=\"twitter:label1\" content=\"Dur\u00e9e de lecture estim\u00e9e\" \/>\n\t<meta name=\"twitter:data1\" content=\"3 minutes\" \/>\r\n<script type=\"application\/ld+json\" class=\"yoast-schema-graph\">{\"@context\":\"https:\/\/schema.org\",\"@graph\":[{\"@type\":\"WebPage\",\"@id\":\"https:\/\/ayrilys.com\/index.php\/warlab-concept\/\",\"url\":\"https:\/\/ayrilys.com\/index.php\/warlab-concept\/\",\"name\":\"Prestataire informatique : Solutions test\u00e9es et valid\u00e9es pour votre entreprise - Prestataire informatique Viroflay en r\u00e9gion parisienne depuis 2003 pour les PME\/PMI\",\"isPartOf\":{\"@id\":\"https:\/\/ayrilys.com\/#website\"},\"primaryImageOfPage\":{\"@id\":\"https:\/\/ayrilys.com\/index.php\/warlab-concept\/#primaryimage\"},\"image\":{\"@id\":\"https:\/\/ayrilys.com\/index.php\/warlab-concept\/#primaryimage\"},\"thumbnailUrl\":\"https:\/\/ayrilys.com\/wp-content\/uploads\/2024\/07\/illustration-4.jpg\",\"datePublished\":\"2024-07-10T17:41:10+00:00\",\"dateModified\":\"2024-09-12T16:10:13+00:00\",\"description\":\"Supprimez les dysfonctionnements et garantissez la fiabilit\u00e9 de vos solutions informatiques gr\u00e2ce aux tests r\u00e9alis\u00e9s par AYRILYS.\",\"breadcrumb\":{\"@id\":\"https:\/\/ayrilys.com\/index.php\/warlab-concept\/#breadcrumb\"},\"inLanguage\":\"fr-FR\",\"potentialAction\":[{\"@type\":\"ReadAction\",\"target\":[\"https:\/\/ayrilys.com\/index.php\/warlab-concept\/\"]}]},{\"@type\":\"ImageObject\",\"inLanguage\":\"fr-FR\",\"@id\":\"https:\/\/ayrilys.com\/index.php\/warlab-concept\/#primaryimage\",\"url\":\"https:\/\/ayrilys.com\/wp-content\/uploads\/2024\/07\/illustration-4.jpg\",\"contentUrl\":\"https:\/\/ayrilys.com\/wp-content\/uploads\/2024\/07\/illustration-4.jpg\",\"width\":2983,\"height\":1620},{\"@type\":\"BreadcrumbList\",\"@id\":\"https:\/\/ayrilys.com\/index.php\/warlab-concept\/#breadcrumb\",\"itemListElement\":[{\"@type\":\"ListItem\",\"position\":1,\"name\":\"Accueil\",\"item\":\"https:\/\/ayrilys.com\/\"},{\"@type\":\"ListItem\",\"position\":2,\"name\":\"Warlab Concept\"}]},{\"@type\":\"WebSite\",\"@id\":\"https:\/\/ayrilys.com\/#website\",\"url\":\"https:\/\/ayrilys.com\/\",\"name\":\"Ayrilys prestataire informatique infog\u00e9rance PME TPE MSP depuis 2003 sur Viroflay\",\"description\":\"Prestataire informatique Viroflay en r\u00e9gion parisienne PME TPE  ile de France depuis plus de 20 ans\",\"publisher\":{\"@id\":\"https:\/\/ayrilys.com\/#organization\"},\"alternateName\":\"Ayriliys infog\u00e9rance fournisseur de services manag\u00e9s MSP PME TPE Viroflay\",\"potentialAction\":[{\"@type\":\"SearchAction\",\"target\":{\"@type\":\"EntryPoint\",\"urlTemplate\":\"https:\/\/ayrilys.com\/?s={search_term_string}\"},\"query-input\":{\"@type\":\"PropertyValueSpecification\",\"valueRequired\":true,\"valueName\":\"search_term_string\"}}],\"inLanguage\":\"fr-FR\"},{\"@type\":\"Organization\",\"@id\":\"https:\/\/ayrilys.com\/#organization\",\"name\":\"Ayrilys\",\"url\":\"https:\/\/ayrilys.com\/\",\"logo\":{\"@type\":\"ImageObject\",\"inLanguage\":\"fr-FR\",\"@id\":\"https:\/\/ayrilys.com\/#\/schema\/logo\/image\/\",\"url\":\"https:\/\/ayrilys.com\/wp-content\/uploads\/2024\/07\/Ayrilys-Logo-V1.png\",\"contentUrl\":\"https:\/\/ayrilys.com\/wp-content\/uploads\/2024\/07\/Ayrilys-Logo-V1.png\",\"width\":119,\"height\":64,\"caption\":\"Ayrilys\"},\"image\":{\"@id\":\"https:\/\/ayrilys.com\/#\/schema\/logo\/image\/\"},\"sameAs\":[\"https:\/\/www.facebook.com\/profile.php?id=61563219240658\",\"https:\/\/x.com\/Ayrilys165097\"],\"description\":\"Prestataire informatique depuis plus de 20 ans pour les PME et TPE\",\"email\":\"ayrilys@ayrilys.com\",\"telephone\":\"+33139242197\",\"legalName\":\"Ayrilys\",\"foundingDate\":\"2003-01-01\",\"vatID\":\"FR90449159011\",\"taxID\":\"44915901100013\",\"numberOfEmployees\":{\"@type\":\"QuantitativeValue\",\"minValue\":\"1\",\"maxValue\":\"10\"}}]}<\/script>\r\n<!-- \/ Yoast SEO Premium plugin. -->","yoast_head_json":{"title":"Prestataire informatique : Solutions test\u00e9es et valid\u00e9es pour votre entreprise - Prestataire informatique Viroflay en r\u00e9gion parisienne depuis 2003 pour les PME\/PMI","description":"Supprimez les dysfonctionnements et garantissez la fiabilit\u00e9 de vos solutions informatiques gr\u00e2ce aux tests r\u00e9alis\u00e9s par AYRILYS.","robots":{"index":"index","follow":"follow","max-snippet":"max-snippet:-1","max-image-preview":"max-image-preview:large","max-video-preview":"max-video-preview:-1"},"canonical":"https:\/\/ayrilys.com\/index.php\/warlab-concept\/","og_locale":"fr_FR","og_type":"article","og_title":"Warlab Concept","og_description":"Supprimez les dysfonctionnements et garantissez la fiabilit\u00e9 de vos solutions informatiques gr\u00e2ce aux tests r\u00e9alis\u00e9s par AYRILYS.","og_url":"https:\/\/ayrilys.com\/index.php\/warlab-concept\/","og_site_name":"Prestataire informatique Viroflay en r\u00e9gion parisienne depuis 2003 pour les PME\/PMI","article_publisher":"https:\/\/www.facebook.com\/profile.php?id=61563219240658","article_modified_time":"2024-09-12T16:10:13+00:00","og_image":[{"url":"https:\/\/ayrilys.com\/wp-content\/uploads\/2024\/07\/illustration-4.jpg","type":"","width":"","height":""}],"twitter_card":"summary_large_image","twitter_site":"@Ayrilys165097","twitter_misc":{"Dur\u00e9e de lecture estim\u00e9e":"3 minutes"},"schema":{"@context":"https:\/\/schema.org","@graph":[{"@type":"WebPage","@id":"https:\/\/ayrilys.com\/index.php\/warlab-concept\/","url":"https:\/\/ayrilys.com\/index.php\/warlab-concept\/","name":"Prestataire informatique : Solutions test\u00e9es et valid\u00e9es pour votre entreprise - Prestataire informatique Viroflay en r\u00e9gion parisienne depuis 2003 pour les PME\/PMI","isPartOf":{"@id":"https:\/\/ayrilys.com\/#website"},"primaryImageOfPage":{"@id":"https:\/\/ayrilys.com\/index.php\/warlab-concept\/#primaryimage"},"image":{"@id":"https:\/\/ayrilys.com\/index.php\/warlab-concept\/#primaryimage"},"thumbnailUrl":"https:\/\/ayrilys.com\/wp-content\/uploads\/2024\/07\/illustration-4.jpg","datePublished":"2024-07-10T17:41:10+00:00","dateModified":"2024-09-12T16:10:13+00:00","description":"Supprimez les dysfonctionnements et garantissez la fiabilit\u00e9 de vos solutions informatiques gr\u00e2ce aux tests r\u00e9alis\u00e9s par AYRILYS.","breadcrumb":{"@id":"https:\/\/ayrilys.com\/index.php\/warlab-concept\/#breadcrumb"},"inLanguage":"fr-FR","potentialAction":[{"@type":"ReadAction","target":["https:\/\/ayrilys.com\/index.php\/warlab-concept\/"]}]},{"@type":"ImageObject","inLanguage":"fr-FR","@id":"https:\/\/ayrilys.com\/index.php\/warlab-concept\/#primaryimage","url":"https:\/\/ayrilys.com\/wp-content\/uploads\/2024\/07\/illustration-4.jpg","contentUrl":"https:\/\/ayrilys.com\/wp-content\/uploads\/2024\/07\/illustration-4.jpg","width":2983,"height":1620},{"@type":"BreadcrumbList","@id":"https:\/\/ayrilys.com\/index.php\/warlab-concept\/#breadcrumb","itemListElement":[{"@type":"ListItem","position":1,"name":"Accueil","item":"https:\/\/ayrilys.com\/"},{"@type":"ListItem","position":2,"name":"Warlab Concept"}]},{"@type":"WebSite","@id":"https:\/\/ayrilys.com\/#website","url":"https:\/\/ayrilys.com\/","name":"Ayrilys prestataire informatique infog\u00e9rance PME TPE MSP depuis 2003 sur Viroflay","description":"Prestataire informatique Viroflay en r\u00e9gion parisienne PME TPE  ile de France depuis plus de 20 ans","publisher":{"@id":"https:\/\/ayrilys.com\/#organization"},"alternateName":"Ayriliys infog\u00e9rance fournisseur de services manag\u00e9s MSP PME TPE Viroflay","potentialAction":[{"@type":"SearchAction","target":{"@type":"EntryPoint","urlTemplate":"https:\/\/ayrilys.com\/?s={search_term_string}"},"query-input":{"@type":"PropertyValueSpecification","valueRequired":true,"valueName":"search_term_string"}}],"inLanguage":"fr-FR"},{"@type":"Organization","@id":"https:\/\/ayrilys.com\/#organization","name":"Ayrilys","url":"https:\/\/ayrilys.com\/","logo":{"@type":"ImageObject","inLanguage":"fr-FR","@id":"https:\/\/ayrilys.com\/#\/schema\/logo\/image\/","url":"https:\/\/ayrilys.com\/wp-content\/uploads\/2024\/07\/Ayrilys-Logo-V1.png","contentUrl":"https:\/\/ayrilys.com\/wp-content\/uploads\/2024\/07\/Ayrilys-Logo-V1.png","width":119,"height":64,"caption":"Ayrilys"},"image":{"@id":"https:\/\/ayrilys.com\/#\/schema\/logo\/image\/"},"sameAs":["https:\/\/www.facebook.com\/profile.php?id=61563219240658","https:\/\/x.com\/Ayrilys165097"],"description":"Prestataire informatique depuis plus de 20 ans pour les PME et TPE","email":"ayrilys@ayrilys.com","telephone":"+33139242197","legalName":"Ayrilys","foundingDate":"2003-01-01","vatID":"FR90449159011","taxID":"44915901100013","numberOfEmployees":{"@type":"QuantitativeValue","minValue":"1","maxValue":"10"}}]}},"jetpack_sharing_enabled":true,"jetpack_likes_enabled":true,"jetpack-related-posts":[],"_links":{"self":[{"href":"https:\/\/ayrilys.com\/index.php\/wp-json\/wp\/v2\/pages\/245","targetHints":{"allow":["GET"]}}],"collection":[{"href":"https:\/\/ayrilys.com\/index.php\/wp-json\/wp\/v2\/pages"}],"about":[{"href":"https:\/\/ayrilys.com\/index.php\/wp-json\/wp\/v2\/types\/page"}],"author":[{"embeddable":true,"href":"https:\/\/ayrilys.com\/index.php\/wp-json\/wp\/v2\/users\/1"}],"replies":[{"embeddable":true,"href":"https:\/\/ayrilys.com\/index.php\/wp-json\/wp\/v2\/comments?post=245"}],"version-history":[{"count":3,"href":"https:\/\/ayrilys.com\/index.php\/wp-json\/wp\/v2\/pages\/245\/revisions"}],"predecessor-version":[{"id":333,"href":"https:\/\/ayrilys.com\/index.php\/wp-json\/wp\/v2\/pages\/245\/revisions\/333"}],"wp:attachment":[{"href":"https:\/\/ayrilys.com\/index.php\/wp-json\/wp\/v2\/media?parent=245"}],"curies":[{"name":"wp","href":"https:\/\/api.w.org\/{rel}","templated":true}]}}