{"id":249,"date":"2024-07-10T19:43:35","date_gmt":"2024-07-10T17:43:35","guid":{"rendered":"http:\/\/192.168.7.45:8000\/?page_id=249"},"modified":"2024-12-05T19:15:47","modified_gmt":"2024-12-05T18:15:47","slug":"outils-ayrilys","status":"publish","type":"page","link":"https:\/\/ayrilys.com\/index.php\/outils-ayrilys\/","title":{"rendered":"Outils Ayrilys"},"content":{"rendered":"\n<p class=\"has-text-align-right\"><strong>10 % des ressources AYRILYS consacr\u00e9s<br>\u00e0 \u00e9laborer de nouveaux outils adapt\u00e9s \u00e0 vos besoin<\/strong>s<\/p>\n\n\n\n<figure class=\"wp-block-image size-large is-resized\"><img loading=\"lazy\" decoding=\"async\" width=\"1024\" height=\"851\" src=\"https:\/\/ayrilys.com\/wp-content\/uploads\/2024\/07\/illustration-7-2-1024x851.jpg\" alt=\"\" class=\"wp-image-389\" style=\"width:617px;height:auto\" srcset=\"https:\/\/ayrilys.com\/wp-content\/uploads\/2024\/07\/illustration-7-2-1024x851.jpg 1024w, https:\/\/ayrilys.com\/wp-content\/uploads\/2024\/07\/illustration-7-2-300x249.jpg 300w, https:\/\/ayrilys.com\/wp-content\/uploads\/2024\/07\/illustration-7-2-768x638.jpg 768w, https:\/\/ayrilys.com\/wp-content\/uploads\/2024\/07\/illustration-7-2.jpg 1214w\" sizes=\"auto, (max-width: 1024px) 100vw, 1024px\" \/><\/figure>\n\n\n\n<p>AYRILYS travaille en continu sur de nouvelles solutions pour mieux vous accompagner dans votre d\u00e9veloppement.<\/p>\n\n\n\n<p class=\"has-kb-palette-6-color has-text-color has-link-color wp-elements-62e733c33aba4c787e37a82cee889e02\">Veille technologique : un temps d\u2019avance \u00e0 votre service<\/p>\n\n\n\n<p>AYRILYS analyse votre activit\u00e9, \u00ab apprend \u00bb votre m\u00e9tier afin de vous proposer des \u00e9volutions pertinentes par rapport \u00e0 votre march\u00e9.<\/p>\n\n\n\n<p>Ainsi, en mati\u00e8re de renouvellement et de nouveaut\u00e9s des \u00e9quipements Syst\u00e8mes, R\u00e9seaux &amp; T\u00e9l\u00e9coms, AYRILYS est force de proposition.<\/p>\n\n\n\n<p>Pour cela, AYRILYS assure une veille technologique permanente, teste la solution ou l\u2019\u00e9quipement identifi\u00e9 et vous le soumet une fois sa faisabilit\u00e9 et sa valeur ajout\u00e9e valid\u00e9es.<\/p>\n\n\n\n<p class=\"has-kb-palette-6-color has-text-color has-link-color wp-elements-8ba89ecf520127424a1bb120ad882bc9\">Pr\u00e9venir, r\u00e9soudre et\u2026inventer : une boucle vertueuse<\/p>\n\n\n\n<p>Le m\u00e9tier d\u2019AYRILYS consiste \u00e0 anticiper et r\u00e9soudre des probl\u00e8mes techniques pour minimiser les temps d\u2019indisponibilit\u00e9 des \u00e9quipements SRT.<\/p>\n\n\n\n<p>AYRILYS a d\u00e9velopp\u00e9 pour cela 4 moyens d\u2019actions<\/p>\n\n\n\n<p>Pr\u00e9venir les pannes via des outils d\u2019alerte d\u00e9velopp\u00e9s en interne<br>R\u00e9parer la panne ou mettre en place une solution alternative, en cas de probl\u00e8me complexe et en attendant de trouver la solution \u00ab d\u00e9finitive \u00bb<br>Concevoir des outils\/solutions pour g\u00e9rer des probl\u00e8mes r\u00e9currents chez une majorit\u00e9 de clients : spam, virus amen\u00e9s par la messagerie, \u2026<br>Proposer des m\u00e9thodes de travail diff\u00e9rentes pour r\u00e9duire la volum\u00e9trie des donn\u00e9es et \u00e9viter de surcharger les serveurs<br><\/p>\n\n\n\n<p class=\"has-kb-palette-6-color has-text-color has-link-color wp-elements-a074c223744548c3ec32d2c003d591eb\">Fonctionner en mode projet pour des op\u00e9rations de grande ampleur<\/p>\n\n\n\n<p>Enfin, dans le cas de migration ou de changement majeurs des syst\u00e8mes, AYRILYS met en place un fonctionnement en mode projet.<\/p>\n\n\n\n<p>Vous participez au process et disposez des informations indispensables \u00e0 la prise de d\u00e9cisions : r\u00e9tro planning des t\u00e2ches \u00e0 d\u00e9rouler, risques encourus, ressources n\u00e9cessaires\u2026<\/p>\n\n\n\n<p>\u2b17 Pourquoi une PME de 5 personnes consacre-t- elle 10 % de ses ressources \u00e0 la R&amp;D ?<br>\u2b17 Quels avantages tirer de la veille men\u00e9e par d\u2019AYRILYS ?<br>\u2b17 Comment mon prestataire peut-il d\u00e9tecter et supprimer les probl\u00e8mes avant leur apparition ?<br>\u2b17 Comment le prestataire peut-il garantir la tenue des d\u00e9lais ?<br>\u2b17 Modification de syst\u00e8mes : comment limiter les phases transitoires ?<\/p>\n","protected":false},"excerpt":{"rendered":"<p>10 % des ressources AYRILYS consacr\u00e9s\u00e0 \u00e9laborer de nouveaux outils adapt\u00e9s \u00e0 vos besoins AYRILYS travaille en continu sur de nouvelles solutions pour mieux vous accompagner dans votre d\u00e9veloppement. Veille technologique : un temps d\u2019avance \u00e0 votre service AYRILYS analyse votre activit\u00e9, \u00ab apprend \u00bb votre m\u00e9tier afin de vous proposer des \u00e9volutions pertinentes par&#8230;<\/p>\n","protected":false},"author":1,"featured_media":0,"parent":0,"menu_order":0,"comment_status":"closed","ping_status":"closed","template":"","meta":{"_kadence_starter_templates_imported_post":false,"_kad_post_transparent":"","_kad_post_title":"","_kad_post_layout":"","_kad_post_sidebar_id":"","_kad_post_content_style":"","_kad_post_vertical_padding":"","_kad_post_feature":"","_kad_post_feature_position":"","_kad_post_header":false,"_kad_post_footer":false,"_kad_post_classname":"","footnotes":""},"class_list":["post-249","page","type-page","status-publish","hentry"],"yoast_head":"<!-- This site is optimized with the Yoast SEO Premium plugin v25.8 (Yoast SEO v26.0) - https:\/\/yoast.com\/wordpress\/plugins\/seo\/ -->\r\n<title>Outils prestataire informatique PME: Veille technologique et \u00e9volution<\/title>\r\n<meta name=\"description\" content=\"D\u00e9couvrez les nouveaux outils adapt\u00e9s aux besoins des PME informatiques propos\u00e9s par AYRILYS pour vous accompagner dans votre d\u00e9veloppement.\" \/>\r\n<meta name=\"robots\" content=\"index, follow, max-snippet:-1, max-image-preview:large, max-video-preview:-1\" \/>\r\n<link rel=\"canonical\" href=\"https:\/\/ayrilys.com\/index.php\/outils-ayrilys\/\" \/>\r\n<meta property=\"og:locale\" content=\"fr_FR\" \/>\r\n<meta property=\"og:type\" content=\"article\" \/>\r\n<meta property=\"og:title\" content=\"Outils Ayrilys\" \/>\r\n<meta property=\"og:description\" content=\"D\u00e9couvrez les nouveaux outils adapt\u00e9s aux besoins des PME informatiques propos\u00e9s par AYRILYS pour vous accompagner dans votre d\u00e9veloppement.\" \/>\r\n<meta property=\"og:url\" content=\"https:\/\/ayrilys.com\/index.php\/outils-ayrilys\/\" \/>\r\n<meta property=\"og:site_name\" content=\"Prestataire informatique depuis 2003 pour les PME\/PMI\" \/>\r\n<meta property=\"article:publisher\" content=\"https:\/\/www.facebook.com\/profile.php?id=61563219240658\" \/>\r\n<meta property=\"article:modified_time\" content=\"2024-12-05T18:15:47+00:00\" \/>\r\n<meta property=\"og:image\" content=\"https:\/\/ayrilys.com\/wp-content\/uploads\/2024\/07\/illustration-7-2-1024x851.jpg\" \/>\r\n<meta name=\"twitter:card\" content=\"summary_large_image\" \/>\r\n<meta name=\"twitter:site\" content=\"@Ayrilys165097\" \/>\r\n<meta name=\"twitter:label1\" content=\"Dur\u00e9e de lecture estim\u00e9e\" \/>\n\t<meta name=\"twitter:data1\" content=\"2 minutes\" \/>\r\n<script type=\"application\/ld+json\" class=\"yoast-schema-graph\">{\"@context\":\"https:\/\/schema.org\",\"@graph\":[{\"@type\":\"WebPage\",\"@id\":\"https:\/\/ayrilys.com\/index.php\/outils-ayrilys\/\",\"url\":\"https:\/\/ayrilys.com\/index.php\/outils-ayrilys\/\",\"name\":\"Outils prestataire informatique PME: Veille technologique et \u00e9volution\",\"isPartOf\":{\"@id\":\"https:\/\/ayrilys.com\/#website\"},\"primaryImageOfPage\":{\"@id\":\"https:\/\/ayrilys.com\/index.php\/outils-ayrilys\/#primaryimage\"},\"image\":{\"@id\":\"https:\/\/ayrilys.com\/index.php\/outils-ayrilys\/#primaryimage\"},\"thumbnailUrl\":\"https:\/\/ayrilys.com\/wp-content\/uploads\/2024\/07\/illustration-7-2-1024x851.jpg\",\"datePublished\":\"2024-07-10T17:43:35+00:00\",\"dateModified\":\"2024-12-05T18:15:47+00:00\",\"description\":\"D\u00e9couvrez les nouveaux outils adapt\u00e9s aux besoins des PME informatiques propos\u00e9s par AYRILYS pour vous accompagner dans votre d\u00e9veloppement.\",\"breadcrumb\":{\"@id\":\"https:\/\/ayrilys.com\/index.php\/outils-ayrilys\/#breadcrumb\"},\"inLanguage\":\"fr-FR\",\"potentialAction\":[{\"@type\":\"ReadAction\",\"target\":[\"https:\/\/ayrilys.com\/index.php\/outils-ayrilys\/\"]}]},{\"@type\":\"ImageObject\",\"inLanguage\":\"fr-FR\",\"@id\":\"https:\/\/ayrilys.com\/index.php\/outils-ayrilys\/#primaryimage\",\"url\":\"https:\/\/ayrilys.com\/wp-content\/uploads\/2024\/07\/illustration-7-2.jpg\",\"contentUrl\":\"https:\/\/ayrilys.com\/wp-content\/uploads\/2024\/07\/illustration-7-2.jpg\",\"width\":1214,\"height\":1009},{\"@type\":\"BreadcrumbList\",\"@id\":\"https:\/\/ayrilys.com\/index.php\/outils-ayrilys\/#breadcrumb\",\"itemListElement\":[{\"@type\":\"ListItem\",\"position\":1,\"name\":\"Accueil\",\"item\":\"https:\/\/ayrilys.com\/\"},{\"@type\":\"ListItem\",\"position\":2,\"name\":\"Outils Ayrilys\"}]},{\"@type\":\"WebSite\",\"@id\":\"https:\/\/ayrilys.com\/#website\",\"url\":\"https:\/\/ayrilys.com\/\",\"name\":\"Ayrilys prestataire informatique infog\u00e9rance PME TPE MSP depuis 2003 sur Viroflay\",\"description\":\"Prestataire informatique PME TPE sur Viroflay en ile de France depuis plus de 20 ans\",\"publisher\":{\"@id\":\"https:\/\/ayrilys.com\/#organization\"},\"alternateName\":\"Ayriliys infog\u00e9rance fournisseur de services manag\u00e9s MSP PME TPE Viroflay\",\"potentialAction\":[{\"@type\":\"SearchAction\",\"target\":{\"@type\":\"EntryPoint\",\"urlTemplate\":\"https:\/\/ayrilys.com\/?s={search_term_string}\"},\"query-input\":{\"@type\":\"PropertyValueSpecification\",\"valueRequired\":true,\"valueName\":\"search_term_string\"}}],\"inLanguage\":\"fr-FR\"},{\"@type\":\"Organization\",\"@id\":\"https:\/\/ayrilys.com\/#organization\",\"name\":\"Ayrilys\",\"url\":\"https:\/\/ayrilys.com\/\",\"logo\":{\"@type\":\"ImageObject\",\"inLanguage\":\"fr-FR\",\"@id\":\"https:\/\/ayrilys.com\/#\/schema\/logo\/image\/\",\"url\":\"https:\/\/ayrilys.com\/wp-content\/uploads\/2024\/07\/Ayrilys-Logo-V1.png\",\"contentUrl\":\"https:\/\/ayrilys.com\/wp-content\/uploads\/2024\/07\/Ayrilys-Logo-V1.png\",\"width\":119,\"height\":64,\"caption\":\"Ayrilys\"},\"image\":{\"@id\":\"https:\/\/ayrilys.com\/#\/schema\/logo\/image\/\"},\"sameAs\":[\"https:\/\/www.facebook.com\/profile.php?id=61563219240658\",\"https:\/\/x.com\/Ayrilys165097\"],\"description\":\"Prestataire informatique depuis plus de 20 ans pour les PME et TPE\",\"email\":\"ayrilys@ayrilys.com\",\"telephone\":\"+33139242197\",\"legalName\":\"Ayrilys\",\"foundingDate\":\"2003-01-01\",\"vatID\":\"FR90449159011\",\"taxID\":\"44915901100013\",\"numberOfEmployees\":{\"@type\":\"QuantitativeValue\",\"minValue\":\"1\",\"maxValue\":\"10\"}}]}<\/script>\r\n<!-- \/ Yoast SEO Premium plugin. -->","yoast_head_json":{"title":"Outils prestataire informatique PME: Veille technologique et \u00e9volution","description":"D\u00e9couvrez les nouveaux outils adapt\u00e9s aux besoins des PME informatiques propos\u00e9s par AYRILYS pour vous accompagner dans votre d\u00e9veloppement.","robots":{"index":"index","follow":"follow","max-snippet":"max-snippet:-1","max-image-preview":"max-image-preview:large","max-video-preview":"max-video-preview:-1"},"canonical":"https:\/\/ayrilys.com\/index.php\/outils-ayrilys\/","og_locale":"fr_FR","og_type":"article","og_title":"Outils Ayrilys","og_description":"D\u00e9couvrez les nouveaux outils adapt\u00e9s aux besoins des PME informatiques propos\u00e9s par AYRILYS pour vous accompagner dans votre d\u00e9veloppement.","og_url":"https:\/\/ayrilys.com\/index.php\/outils-ayrilys\/","og_site_name":"Prestataire informatique depuis 2003 pour les PME\/PMI","article_publisher":"https:\/\/www.facebook.com\/profile.php?id=61563219240658","article_modified_time":"2024-12-05T18:15:47+00:00","og_image":[{"url":"https:\/\/ayrilys.com\/wp-content\/uploads\/2024\/07\/illustration-7-2-1024x851.jpg","type":"","width":"","height":""}],"twitter_card":"summary_large_image","twitter_site":"@Ayrilys165097","twitter_misc":{"Dur\u00e9e de lecture estim\u00e9e":"2 minutes"},"schema":{"@context":"https:\/\/schema.org","@graph":[{"@type":"WebPage","@id":"https:\/\/ayrilys.com\/index.php\/outils-ayrilys\/","url":"https:\/\/ayrilys.com\/index.php\/outils-ayrilys\/","name":"Outils prestataire informatique PME: Veille technologique et \u00e9volution","isPartOf":{"@id":"https:\/\/ayrilys.com\/#website"},"primaryImageOfPage":{"@id":"https:\/\/ayrilys.com\/index.php\/outils-ayrilys\/#primaryimage"},"image":{"@id":"https:\/\/ayrilys.com\/index.php\/outils-ayrilys\/#primaryimage"},"thumbnailUrl":"https:\/\/ayrilys.com\/wp-content\/uploads\/2024\/07\/illustration-7-2-1024x851.jpg","datePublished":"2024-07-10T17:43:35+00:00","dateModified":"2024-12-05T18:15:47+00:00","description":"D\u00e9couvrez les nouveaux outils adapt\u00e9s aux besoins des PME informatiques propos\u00e9s par AYRILYS pour vous accompagner dans votre d\u00e9veloppement.","breadcrumb":{"@id":"https:\/\/ayrilys.com\/index.php\/outils-ayrilys\/#breadcrumb"},"inLanguage":"fr-FR","potentialAction":[{"@type":"ReadAction","target":["https:\/\/ayrilys.com\/index.php\/outils-ayrilys\/"]}]},{"@type":"ImageObject","inLanguage":"fr-FR","@id":"https:\/\/ayrilys.com\/index.php\/outils-ayrilys\/#primaryimage","url":"https:\/\/ayrilys.com\/wp-content\/uploads\/2024\/07\/illustration-7-2.jpg","contentUrl":"https:\/\/ayrilys.com\/wp-content\/uploads\/2024\/07\/illustration-7-2.jpg","width":1214,"height":1009},{"@type":"BreadcrumbList","@id":"https:\/\/ayrilys.com\/index.php\/outils-ayrilys\/#breadcrumb","itemListElement":[{"@type":"ListItem","position":1,"name":"Accueil","item":"https:\/\/ayrilys.com\/"},{"@type":"ListItem","position":2,"name":"Outils Ayrilys"}]},{"@type":"WebSite","@id":"https:\/\/ayrilys.com\/#website","url":"https:\/\/ayrilys.com\/","name":"Ayrilys prestataire informatique infog\u00e9rance PME TPE MSP depuis 2003 sur Viroflay","description":"Prestataire informatique PME TPE sur Viroflay en ile de France depuis plus de 20 ans","publisher":{"@id":"https:\/\/ayrilys.com\/#organization"},"alternateName":"Ayriliys infog\u00e9rance fournisseur de services manag\u00e9s MSP PME TPE Viroflay","potentialAction":[{"@type":"SearchAction","target":{"@type":"EntryPoint","urlTemplate":"https:\/\/ayrilys.com\/?s={search_term_string}"},"query-input":{"@type":"PropertyValueSpecification","valueRequired":true,"valueName":"search_term_string"}}],"inLanguage":"fr-FR"},{"@type":"Organization","@id":"https:\/\/ayrilys.com\/#organization","name":"Ayrilys","url":"https:\/\/ayrilys.com\/","logo":{"@type":"ImageObject","inLanguage":"fr-FR","@id":"https:\/\/ayrilys.com\/#\/schema\/logo\/image\/","url":"https:\/\/ayrilys.com\/wp-content\/uploads\/2024\/07\/Ayrilys-Logo-V1.png","contentUrl":"https:\/\/ayrilys.com\/wp-content\/uploads\/2024\/07\/Ayrilys-Logo-V1.png","width":119,"height":64,"caption":"Ayrilys"},"image":{"@id":"https:\/\/ayrilys.com\/#\/schema\/logo\/image\/"},"sameAs":["https:\/\/www.facebook.com\/profile.php?id=61563219240658","https:\/\/x.com\/Ayrilys165097"],"description":"Prestataire informatique depuis plus de 20 ans pour les PME et TPE","email":"ayrilys@ayrilys.com","telephone":"+33139242197","legalName":"Ayrilys","foundingDate":"2003-01-01","vatID":"FR90449159011","taxID":"44915901100013","numberOfEmployees":{"@type":"QuantitativeValue","minValue":"1","maxValue":"10"}}]}},"jetpack_sharing_enabled":true,"jetpack_likes_enabled":true,"jetpack-related-posts":[],"_links":{"self":[{"href":"https:\/\/ayrilys.com\/index.php\/wp-json\/wp\/v2\/pages\/249","targetHints":{"allow":["GET"]}}],"collection":[{"href":"https:\/\/ayrilys.com\/index.php\/wp-json\/wp\/v2\/pages"}],"about":[{"href":"https:\/\/ayrilys.com\/index.php\/wp-json\/wp\/v2\/types\/page"}],"author":[{"embeddable":true,"href":"https:\/\/ayrilys.com\/index.php\/wp-json\/wp\/v2\/users\/1"}],"replies":[{"embeddable":true,"href":"https:\/\/ayrilys.com\/index.php\/wp-json\/wp\/v2\/comments?post=249"}],"version-history":[{"count":4,"href":"https:\/\/ayrilys.com\/index.php\/wp-json\/wp\/v2\/pages\/249\/revisions"}],"predecessor-version":[{"id":391,"href":"https:\/\/ayrilys.com\/index.php\/wp-json\/wp\/v2\/pages\/249\/revisions\/391"}],"wp:attachment":[{"href":"https:\/\/ayrilys.com\/index.php\/wp-json\/wp\/v2\/media?parent=249"}],"curies":[{"name":"wp","href":"https:\/\/api.w.org\/{rel}","templated":true}]}}